{"id":3432,"date":"2023-05-11T09:59:23","date_gmt":"2023-05-11T09:59:23","guid":{"rendered":"https:\/\/precikam.com\/?page_id=3432"},"modified":"2026-04-06T14:42:47","modified_gmt":"2026-04-06T14:42:47","slug":"accreditations","status":"publish","type":"page","link":"https:\/\/precikam.com\/fr\/expertise\/accreditations\/","title":{"rendered":"Accr\u00e9ditations"},"content":{"rendered":"<p><div class=\"fusion-fullwidth fullwidth-box fusion-builder-row-1 fusion-flex-container has-pattern-background has-mask-background nonhundred-percent-fullwidth non-hundred-percent-height-scrolling\" style=\"--awb-border-radius-top-left:0px;--awb-border-radius-top-right:0px;--awb-border-radius-bottom-right:0px;--awb-border-radius-bottom-left:0px;--awb-flex-wrap:wrap;\" ><div class=\"fusion-builder-row fusion-row fusion-flex-align-items-center fusion-flex-justify-content-center fusion-flex-content-wrap\" style=\"max-width:1248px;margin-left: calc(-4% \/ 2 );margin-right: calc(-4% \/ 2 );\"><div class=\"fusion-layout-column fusion_builder_column fusion-builder-column-0 fusion_builder_column_1_1 1_1 fusion-flex-column\" style=\"--awb-bg-size:cover;--awb-width-large:100%;--awb-margin-top-large:0px;--awb-spacing-right-large:1.92%;--awb-margin-bottom-large:20px;--awb-spacing-left-large:1.92%;--awb-width-medium:100%;--awb-order-medium:0;--awb-spacing-right-medium:1.92%;--awb-spacing-left-medium:1.92%;--awb-width-small:100%;--awb-order-small:0;--awb-spacing-right-small:1.92%;--awb-spacing-left-small:1.92%;\"><div class=\"fusion-column-wrapper fusion-column-has-shadow fusion-flex-justify-content-flex-start fusion-content-layout-column\"><div class=\"fusion-title title fusion-title-1 fusion-sep-none fusion-title-text fusion-title-size-one\"><h1 class=\"fusion-title-heading title-heading-left\" style=\"margin:0;\">Nos accr\u00e9ditations<\/h1><\/div><div class=\"fusion-text fusion-text-1\"><p>PreciKam d\u00e9tient trois des certifications de gestion de la qualit\u00e9 les plus exigeantes de notre industrie. Cela garantit que chaque processus r\u00e9pond aux normes les plus \u00e9lev\u00e9es. Cela signifie \u00e9galement que tous nos produits sont fabriqu\u00e9s selon les processus d\u2019assurance qualit\u00e9 les plus exigeants et les plus efficaces. Il s\u2019agit avant tout de g\u00e9rer les risques et de veiller \u00e0 ce que les meilleures pratiques soient mises en place et respect\u00e9es.<\/p>\n<\/div><\/div><\/div><\/div><\/div><div class=\"fusion-fullwidth fullwidth-box fusion-builder-row-2 fusion-flex-container has-pattern-background has-mask-background fusion-parallax-none nonhundred-percent-fullwidth non-hundred-percent-height-scrolling fusion-no-small-visibility fusion-custom-z-index\" style=\"--awb-border-radius-top-left:0px;--awb-border-radius-top-right:0px;--awb-border-radius-bottom-right:0px;--awb-border-radius-bottom-left:0px;--awb-z-index:10;--awb-padding-top:40px;--awb-background-image:url(&quot;https:\/\/precikam.com\/wp-content\/uploads\/2023\/04\/Sky-Blue-BG-2.png&quot;);--awb-background-size:cover;--awb-flex-wrap:wrap;\" ><div class=\"fusion-builder-row fusion-row fusion-flex-align-items-center fusion-flex-content-wrap\" style=\"max-width:1248px;margin-left: calc(-4% \/ 2 );margin-right: calc(-4% \/ 2 );\"><div class=\"fusion-layout-column fusion_builder_column fusion-builder-column-1 fusion_builder_column_1_1 1_1 fusion-flex-column\" style=\"--awb-bg-size:cover;--awb-width-large:100%;--awb-margin-top-large:40px;--awb-spacing-right-large:1.92%;--awb-margin-bottom-large:20px;--awb-spacing-left-large:1.92%;--awb-width-medium:100%;--awb-order-medium:0;--awb-spacing-right-medium:1.92%;--awb-spacing-left-medium:1.92%;--awb-width-small:100%;--awb-order-small:0;--awb-spacing-right-small:1.92%;--awb-spacing-left-small:1.92%;\" data-scroll-devices=\"small-visibility,medium-visibility,large-visibility\"><div class=\"fusion-column-wrapper fusion-column-has-shadow fusion-flex-justify-content-flex-start fusion-content-layout-column\"><div class=\"fusion-text fusion-text-2 fusion-text-no-margin white\" style=\"--awb-margin-bottom:40px;\"><h2 style=\"text-align: center;\">Nos accr\u00e9ditations sp\u00e9cifiques \u00e0 l\u2019industrie<\/h2>\n<p style=\"text-align: center; color: #fff;\">Cliquez sur nos certificats respectifs pour les voir en pleine r\u00e9solution.<\/p>\n<\/div><div class=\"fusion-tabs fusion-tabs-1 clean custom-edit-tab vertical-tabs icon-position-right mobile-mode-toggle\" style=\"--icon-color:#000000;--icon-active-color:Array;--awb-title-border-radius-top-left:0px;--awb-title-border-radius-top-right:10px;--awb-title-border-radius-bottom-right:10px;--awb-title-border-radius-bottom-left:10px;--awb-content-padding-left:30px;--awb-title-padding-right:0px;--awb-title-text-transform:uppercase;--awb-alignment:start;--awb-inactive-color:transparent;--awb-title-text-color:#ffff;--awb-title-active-text-color:Array;--awb-background-color:transparent;--awb-border-color:transparent;--awb-active-border-color:var(--awb-color5);\"><div class=\"nav\"><ul class=\"nav-tabs\" role=\"tablist\"><li class=\"active\" role=\"presentation\"><a class=\"tab-link\" data-toggle=\"tab\" role=\"tab\" aria-controls=\"tab-3d2c87d74e50adb6281\" aria-selected=\"true\" id=\"fusion-tab-iso9001:2015+as9100d\" href=\"#tab-3d2c87d74e50adb6281\"><h6 class=\"fusion-tab-heading\">ISO 9001:2015 + AS9100D<i class=\"fontawesome-icon fa-arrows-alt-h fas\" aria-hidden=\"true\" style=\"font-size:16px; --icon-color:#fffff;\"><\/i><\/h6><\/a><\/li><li role=\"presentation\"><a class=\"tab-link\" data-toggle=\"tab\" role=\"tab\" aria-controls=\"tab-ca481ba2950c9320aff\" aria-selected=\"false\" tabindex=\"-1\" id=\"fusion-tab-iso13485:2016\" href=\"#tab-ca481ba2950c9320aff\"><h6 class=\"fusion-tab-heading\">ISO 13485:2016<i class=\"fontawesome-icon fa-arrows-alt-h fas\" aria-hidden=\"true\" style=\"font-size:16px; --icon-color:transparent;\"><\/i><\/h6><\/a><\/li><li role=\"presentation\"><a class=\"tab-link\" data-toggle=\"tab\" role=\"tab\" aria-controls=\"tab-6273fa8811f082b39d2\" aria-selected=\"false\" tabindex=\"-1\" id=\"fusion-tab-programmedemarchandisescontr\u00d4l\u00c9es\" href=\"#tab-6273fa8811f082b39d2\"><h6 class=\"fusion-tab-heading\">PROGRAMME DE MARCHANDISES CONTR\u00d4L\u00c9ES<i class=\"fontawesome-icon fa-arrows-alt-h fas\" aria-hidden=\"true\" style=\"font-size:16px; --icon-color:transparent;\"><\/i><\/h6><\/a><\/li><li role=\"presentation\"><a class=\"tab-link\" data-toggle=\"tab\" role=\"tab\" aria-controls=\"tab-34ae96b66019749a024\" aria-selected=\"false\" tabindex=\"-1\" id=\"fusion-tab-certificatdefrancisation\" href=\"#tab-34ae96b66019749a024\"><h6 class=\"fusion-tab-heading\">Certificat de FRANCISATION<i class=\"fontawesome-icon fa-arrows-alt-h fas\" aria-hidden=\"true\" style=\"font-size:16px; --icon-color:transparent;\"><\/i><\/h6><\/a><\/li><\/ul><\/div><div class=\"tab-content\"><div class=\"nav fusion-mobile-tab-nav\"><ul class=\"nav-tabs\" role=\"tablist\"><li class=\"active\" role=\"presentation\"><a class=\"tab-link\" data-toggle=\"tab\" role=\"tab\" aria-controls=\"tab-3d2c87d74e50adb6281\" aria-selected=\"true\" id=\"mobile-fusion-tab-iso9001:2015+as9100d\" href=\"#tab-3d2c87d74e50adb6281\"><h6 class=\"fusion-tab-heading\">ISO 9001:2015 + AS9100D<i class=\"fontawesome-icon fa-arrows-alt-h fas\" aria-hidden=\"true\" style=\"font-size:16px; --icon-color:#fffff;\"><\/i><\/h6><\/a><\/li><\/ul><\/div><div class=\"tab-pane fade fusion-clearfix in active\" role=\"tabpanel\" tabindex=\"0\" aria-labelledby=\"fusion-tab-iso9001:2015+as9100d\" id=\"tab-3d2c87d74e50adb6281\"><a class=\"fusion-no-lightbox\" href=\"https:\/\/precikam.com\/wp-content\/uploads\/2026\/04\/0134699-02-Precimold_AS9100D-ISO9001-2015.pdf\" target=\"_blank\" rel=\"noopener noreferrer\" aria-label=\"KM_C224e-20210223114048\"><br \/>\n  <img decoding=\"async\" class=\"img-responsive wp-image-569\" src=\"https:\/\/precikam.com\/wp-content\/uploads\/2026\/04\/0134699-02-Precimold_AS9100D-ISO9001-2015.webp\" alt=\"AS9100D and ISO 9001:2015 Certification\" width=\"212\" height=\"300\"><br \/>\n<\/a><\/p>\n<p>PreciKam, un fournisseur de choix de <a href=\"https:\/\/precikam.com\/fr\/expertise\/industrie-medicale\/\">l\u2019industrie m\u00e9dicale<\/a> pour le moulage par injection plastique sur mesure. En savoir plus sur nos solutions pour l\u2019industrie m\u00e9dicale et nos services de <a href=\"https:\/\/precikam.com\/fr\/services\/salles-blanches\/\">moulage par injection en salle blanche<\/a>.<\/div><div class=\"nav fusion-mobile-tab-nav\"><ul class=\"nav-tabs\" role=\"tablist\"><li role=\"presentation\"><a class=\"tab-link\" data-toggle=\"tab\" role=\"tab\" aria-controls=\"tab-ca481ba2950c9320aff\" aria-selected=\"false\" tabindex=\"-1\" id=\"mobile-fusion-tab-iso13485:2016\" href=\"#tab-ca481ba2950c9320aff\"><h6 class=\"fusion-tab-heading\">ISO 13485:2016<i class=\"fontawesome-icon fa-arrows-alt-h fas\" aria-hidden=\"true\" style=\"font-size:16px; --icon-color:transparent;\"><\/i><\/h6><\/a><\/li><\/ul><\/div><div class=\"tab-pane fade fusion-clearfix\" role=\"tabpanel\" tabindex=\"0\" aria-labelledby=\"fusion-tab-iso13485:2016\" id=\"tab-ca481ba2950c9320aff\">\n<p><a class=\"fusion-no-lightbox\" href=\"https:\/\/precikam.com\/wp-content\/uploads\/2025\/05\/Precimold-RA-0089060-03-ISO-13485.pdf\" target=\"_blank\" rel=\"noopener noreferrer\" aria-label=\"Precimold-ISO-13485-2016-RA-0089060-01\"><img decoding=\"async\" class=\"img-responsive wp-image-579\" src=\"https:\/\/precikam.com\/wp-content\/uploads\/2025\/05\/Precimold-RA-0089060-03-ISO-13485.jpg\" alt=\"IATF-16949\" width=\"212\" height=\"300\" \/><\/a><\/p>\n<p>PreciKam un fournisseur de choix de l\u2019industrie m\u00e9dicale pour le moulage par injection plastique sur mesure. D\u00e9couvrez nos <a href=\"https:\/\/precikam.com\/fr\/expertise\/moulage-injection-iso-13485\/\">services de moulage par injection plastique, encadr\u00e9s par un syst\u00e8me de gestion de la qualit\u00e9 certifi\u00e9 ISO 13485<\/a>.<\/p>\n<\/div><div class=\"nav fusion-mobile-tab-nav\"><ul class=\"nav-tabs\" role=\"tablist\"><li role=\"presentation\"><a class=\"tab-link\" data-toggle=\"tab\" role=\"tab\" aria-controls=\"tab-6273fa8811f082b39d2\" aria-selected=\"false\" tabindex=\"-1\" id=\"mobile-fusion-tab-programmedemarchandisescontr\u00d4l\u00c9es\" href=\"#tab-6273fa8811f082b39d2\"><h6 class=\"fusion-tab-heading\">PROGRAMME DE MARCHANDISES CONTR\u00d4L\u00c9ES<i class=\"fontawesome-icon fa-arrows-alt-h fas\" aria-hidden=\"true\" style=\"font-size:16px; --icon-color:transparent;\"><\/i><\/h6><\/a><\/li><\/ul><\/div><div class=\"tab-pane fade fusion-clearfix\" role=\"tabpanel\" tabindex=\"0\" aria-labelledby=\"fusion-tab-programmedemarchandisescontr\u00d4l\u00c9es\" id=\"tab-6273fa8811f082b39d2\">\n<div class=\"custom-d-flex\">\n<p><a class=\"fusion-no-lightbox\" href=\"https:\/\/precikam.com\/wp-content\/uploads\/2026\/01\/certificates-of-controlled-goods-2026.webp\" target=\"_blank\" rel=\"noopener noreferrer\" aria-label=\"CG17118-Certificate-of-Registration-CGP\"><br \/>\n<img decoding=\"async\" class=\"img-responsive wp-image-565\" src=\"https:\/\/precikam.com\/wp-content\/uploads\/2026\/01\/certificates-of-controlled-goods-2026-thumbnail.webp\" sizes=\"(max-width: 640px) 100vw, 300px\" srcset=\" https:\/\/precikam.com\/wp-content\/uploads\/2026\/01\/certificates-of-controlled-goods-2026-thumbnail.webp 200w, https:\/\/precikam.com\/wp-content\/uploads\/2026\/01\/certificates-of-controlled-goods-2026-thumbnail.webp 400w, https:\/\/precikam.com\/wp-content\/uploads\/2026\/01\/certificates-of-controlled-goods-2026-thumbnail.webp 600w, https:\/\/precikam.com\/wp-content\/uploads\/2026\/01\/certificates-of-controlled-goods-2026.webp 792w\" alt=\"\" width=\"300\" height=\"232\" \/><br \/>\n<\/a><\/p>\n<\/div>\n<\/div><div class=\"nav fusion-mobile-tab-nav\"><ul class=\"nav-tabs\" role=\"tablist\"><li role=\"presentation\"><a class=\"tab-link\" data-toggle=\"tab\" role=\"tab\" aria-controls=\"tab-34ae96b66019749a024\" aria-selected=\"false\" tabindex=\"-1\" id=\"mobile-fusion-tab-certificatdefrancisation\" href=\"#tab-34ae96b66019749a024\"><h6 class=\"fusion-tab-heading\">Certificat de FRANCISATION<i class=\"fontawesome-icon fa-arrows-alt-h fas\" aria-hidden=\"true\" style=\"font-size:16px; --icon-color:transparent;\"><\/i><\/h6><\/a><\/li><\/ul><\/div><div class=\"tab-pane fade fusion-clearfix\" role=\"tabpanel\" tabindex=\"0\" aria-labelledby=\"fusion-tab-certificatdefrancisation\" id=\"tab-34ae96b66019749a024\">\n<div class=\"custom-d-flex\">\n<p><a class=\"fusion-no-lightbox\" href=\"https:\/\/precikam.com\/wp-content\/uploads\/2023\/05\/SKM_C224e21022311440.jpg\" target=\"_blank\" rel=\"noopener noreferrer\" aria-label=\"KM_C224e-20210223114447\"><img decoding=\"async\" class=\"img-responsive wp-image-573\" src=\"https:\/\/precikam.com\/wp-content\/uploads\/2023\/05\/SKM_C224e21022311440-300x232.jpg\" sizes=\"(max-width: 640px) 100vw, 300px\" srcset=\"https:\/\/precikam.com\/wp-content\/uploads\/2023\/05\/SKM_C224e21022311440-200x155.jpg 200w, https:\/\/precikam.com\/wp-content\/uploads\/2023\/05\/SKM_C224e21022311440-400x309.jpg 400w, https:\/\/precikam.com\/wp-content\/uploads\/2023\/05\/SKM_C224e21022311440-600x464.jpg 600w, https:\/\/precikam.com\/wp-content\/uploads\/2023\/05\/SKM_C224e21022311440.jpg 792w\" alt=\"\" width=\"300\" height=\"232\" \/><\/a><\/p>\n<\/div>\n<\/div><\/div><\/div><\/div><\/div><\/div><\/div><div class=\"fusion-fullwidth fullwidth-box fusion-builder-row-3 fusion-flex-container has-pattern-background has-mask-background fusion-parallax-none nonhundred-percent-fullwidth non-hundred-percent-height-scrolling fusion-no-medium-visibility fusion-no-large-visibility fusion-custom-z-index\" style=\"--awb-border-radius-top-left:0px;--awb-border-radius-top-right:0px;--awb-border-radius-bottom-right:0px;--awb-border-radius-bottom-left:0px;--awb-z-index:10;--awb-padding-top:40px;--awb-padding-bottom:40px;--awb-background-image:url(&quot;https:\/\/precikam.com\/wp-content\/uploads\/2023\/04\/Sky-Blue-BG-2.png&quot;);--awb-background-size:cover;--awb-flex-wrap:wrap;\" ><div class=\"fusion-builder-row fusion-row fusion-flex-align-items-center fusion-flex-content-wrap\" style=\"max-width:1248px;margin-left: calc(-4% \/ 2 );margin-right: calc(-4% \/ 2 );\"><div class=\"fusion-layout-column fusion_builder_column fusion-builder-column-2 fusion_builder_column_1_1 1_1 fusion-flex-column\" style=\"--awb-bg-size:cover;--awb-width-large:100%;--awb-margin-top-large:40px;--awb-spacing-right-large:1.92%;--awb-margin-bottom-large:20px;--awb-spacing-left-large:1.92%;--awb-width-medium:100%;--awb-order-medium:0;--awb-spacing-right-medium:1.92%;--awb-spacing-left-medium:1.92%;--awb-width-small:100%;--awb-order-small:0;--awb-spacing-right-small:1.92%;--awb-spacing-left-small:1.92%;\" data-scroll-devices=\"small-visibility,medium-visibility,large-visibility\"><div class=\"fusion-column-wrapper fusion-column-has-shadow fusion-flex-justify-content-flex-start fusion-content-layout-column\"><div class=\"fusion-text fusion-text-3 fusion-text-no-margin white\" style=\"--awb-margin-bottom:40px;\"><h2 style=\"text-align: center; font-size: 30px;\">Nos accr\u00e9ditations sp\u00e9cifiques \u00e0 l\u2019industrie<\/h2>\n<p style=\"text-align: center;\">Cliquez sur nos certificats respectifs pour les voir en pleine r\u00e9solution.<\/p>\n<\/div><div class=\"accordian fusion-accordian custom-home-toggle\" style=\"margin-top:10px;--awb-margin-top:10px;--awb-padding-top:20px;--awb-padding-right:10px;--awb-padding-bottom:20px;--awb-padding-left:10px;--awb-border-size:2px;--awb-icon-size:16px;--awb-content-font-size:var(--awb-typography4-font-size);--awb-icon-alignment:right;--awb-hover-color:var(--awb-color2);--awb-border-color:#ffffff;--awb-background-color:transparent;--awb-divider-color:#ffffff;--awb-divider-hover-color:#ffffff;--awb-icon-color:#ffffff;--awb-title-color:#ffffff;--awb-content-color:#ffffff;--awb-icon-box-color:var(--awb-color8);--awb-toggle-hover-accent-color:#ffffff;--awb-toggle-active-accent-color:#40cad3;--awb-title-font-family:var(--awb-typography1-font-family);--awb-title-font-weight:var(--awb-typography1-font-weight);--awb-title-font-style:var(--awb-typography1-font-style);--awb-title-font-size:24px;--awb-title-letter-spacing:var(--awb-typography1-letter-spacing);--awb-title-line-height:var(--awb-typography1-line-height);--awb-content-font-family:var(--awb-typography4-font-family);--awb-content-font-weight:var(--awb-typography4-font-weight);--awb-content-font-style:var(--awb-typography4-font-style);\"><div class=\"panel-group fusion-toggle-icon-right fusion-toggle-icon-unboxed\" id=\"accordion-3432-1\"><div class=\"fusion-panel panel-default panel-740f16ecfd7bef4eb fusion-toggle-has-divider\" style=\"--awb-title-color:var(--awb-color8);--awb-content-color:var(--awb-color8);\"><div class=\"panel-heading\"><h5 class=\"panel-title toggle\" id=\"toggle_740f16ecfd7bef4eb\"><a aria-expanded=\"false\" aria-controls=\"740f16ecfd7bef4eb\" role=\"button\" data-toggle=\"collapse\" data-target=\"#740f16ecfd7bef4eb\" href=\"#740f16ecfd7bef4eb\"><span class=\"fusion-toggle-icon-wrapper\" aria-hidden=\"true\"><i class=\"fa-fusion-box active-icon fa-minus fas\" aria-hidden=\"true\"><\/i><i class=\"fa-fusion-box inactive-icon fa-plus fas\" aria-hidden=\"true\"><\/i><\/span><span class=\"fusion-toggle-heading\">ISO 9001:2015 + AS9100D<\/span><\/a><\/h5><\/div><div id=\"740f16ecfd7bef4eb\" class=\"panel-collapse collapse \" aria-labelledby=\"toggle_740f16ecfd7bef4eb\"><div class=\"panel-body toggle-content fusion-clearfix\"><a class=\"fusion-no-lightbox\" href=\"https:\/\/precikam.com\/wp-content\/uploads\/2026\/04\/0134699-02-Precimold_AS9100D-ISO9001-2015.pdf\" target=\"_blank\" rel=\"noopener noreferrer\" aria-label=\"KM_C224e-20210223114048\"><br \/>\n  <img decoding=\"async\" class=\"img-responsive wp-image-569\" src=\"https:\/\/precikam.com\/wp-content\/uploads\/2026\/04\/0134699-02-Precimold_AS9100D-ISO9001-2015.webp\" alt=\"AS9100D and ISO 9001:2015 Certification\" width=\"212\" height=\"300\"><br \/>\n<\/a><\/p>\n<p>PreciKam, un fournisseur de choix de <a href=\"https:\/\/precikam.com\/fr\/expertise\/industrie-medicale\/\">l\u2019industrie m\u00e9dicale<\/a> pour le moulage par injection plastique sur mesure. En savoir plus sur nos solutions pour l\u2019industrie m\u00e9dicale et nos services de <a href=\"https:\/\/precikam.com\/fr\/services\/salles-blanches\/\">moulage par injection en salle blanche<\/a>.<\/div><\/div><\/div><div class=\"fusion-panel panel-default panel-ec9f4d270d807a008 fusion-toggle-has-divider\" style=\"--awb-title-color:var(--awb-color8);--awb-content-color:var(--awb-color8);\"><div class=\"panel-heading\"><h5 class=\"panel-title toggle\" id=\"toggle_ec9f4d270d807a008\"><a aria-expanded=\"false\" aria-controls=\"ec9f4d270d807a008\" role=\"button\" data-toggle=\"collapse\" data-target=\"#ec9f4d270d807a008\" href=\"#ec9f4d270d807a008\"><span class=\"fusion-toggle-icon-wrapper\" aria-hidden=\"true\"><i class=\"fa-fusion-box active-icon fa-minus fas\" aria-hidden=\"true\"><\/i><i class=\"fa-fusion-box inactive-icon fa-plus fas\" aria-hidden=\"true\"><\/i><\/span><span class=\"fusion-toggle-heading\">ISO 13485:2016<\/span><\/a><\/h5><\/div><div id=\"ec9f4d270d807a008\" class=\"panel-collapse collapse \" aria-labelledby=\"toggle_ec9f4d270d807a008\"><div class=\"panel-body toggle-content fusion-clearfix\">\n<p><a class=\"fusion-no-lightbox\" href=\"https:\/\/precikam.com\/wp-content\/uploads\/2025\/05\/Precimold-RA-0089060-03-ISO-13485.pdf\" target=\"_blank\" rel=\"noopener noreferrer\" aria-label=\"Precimold-ISO-13485-2016-RA-0089060-01\"><img decoding=\"async\" class=\"img-responsive wp-image-579\" src=\"https:\/\/precikam.com\/wp-content\/uploads\/2025\/05\/Precimold-RA-0089060-03-ISO-13485.jpg\" alt=\"IATF-16949\" width=\"212\" height=\"300\" \/><\/a><\/p>\n<p>PreciKam un fournisseur de choix de l\u2019industrie m\u00e9dicale pour le moulage par injection plastique sur mesure. D\u00e9couvrez nos <a href=\"https:\/\/precikam.com\/fr\/expertise\/moulage-injection-iso-13485\/\">services de moulage par injection plastique, encadr\u00e9s par un syst\u00e8me de gestion de la qualit\u00e9 certifi\u00e9 ISO 13485<\/a>.<\/p>\n<\/div><\/div><\/div><div class=\"fusion-panel panel-default panel-9a379ba2325524556 fusion-toggle-has-divider\" style=\"--awb-title-color:var(--awb-color8);--awb-content-color:var(--awb-color8);\"><div class=\"panel-heading\"><h5 class=\"panel-title toggle\" id=\"toggle_9a379ba2325524556\"><a aria-expanded=\"false\" aria-controls=\"9a379ba2325524556\" role=\"button\" data-toggle=\"collapse\" data-target=\"#9a379ba2325524556\" href=\"#9a379ba2325524556\"><span class=\"fusion-toggle-icon-wrapper\" aria-hidden=\"true\"><i class=\"fa-fusion-box active-icon fa-minus fas\" aria-hidden=\"true\"><\/i><i class=\"fa-fusion-box inactive-icon fa-plus fas\" aria-hidden=\"true\"><\/i><\/span><span class=\"fusion-toggle-heading\">PROGRAMME DE MARCHANDISES CONTR\u00d4L\u00c9ES<\/span><\/a><\/h5><\/div><div id=\"9a379ba2325524556\" class=\"panel-collapse collapse \" aria-labelledby=\"toggle_9a379ba2325524556\"><div class=\"panel-body toggle-content fusion-clearfix\">\n<div class=\"custom-d-flex\">\n<p><a class=\"fusion-no-lightbox\" href=\"https:\/\/precikam.com\/wp-content\/uploads\/2026\/01\/certificates-of-controlled-goods-2026.webp\" target=\"_blank\" rel=\"noopener noreferrer\" aria-label=\"CG17118-Certificate-of-Registration-CGP\"><br \/>\n<img decoding=\"async\" class=\"img-responsive wp-image-565\" src=\"https:\/\/precikam.com\/wp-content\/uploads\/2026\/01\/certificates-of-controlled-goods-2026-thumbnail.webp\" sizes=\"(max-width: 640px) 100vw, 300px\" srcset=\" https:\/\/precikam.com\/wp-content\/uploads\/2026\/01\/certificates-of-controlled-goods-2026-thumbnail.webp 200w, https:\/\/precikam.com\/wp-content\/uploads\/2026\/01\/certificates-of-controlled-goods-2026-thumbnail.webp 400w, https:\/\/precikam.com\/wp-content\/uploads\/2026\/01\/certificates-of-controlled-goods-2026-thumbnail.webp 600w, https:\/\/precikam.com\/wp-content\/uploads\/2026\/01\/certificates-of-controlled-goods-2026.webp 792w\" alt=\"\" width=\"300\" height=\"232\" \/><br \/>\n<\/a><\/p>\n<\/div>\n<\/div><\/div><\/div><div class=\"fusion-panel panel-default panel-d0b8f0e578f30c200 fusion-toggle-has-divider\" style=\"--awb-title-color:var(--awb-color8);--awb-content-color:var(--awb-color8);\"><div class=\"panel-heading\"><h5 class=\"panel-title toggle\" id=\"toggle_d0b8f0e578f30c200\"><a aria-expanded=\"false\" aria-controls=\"d0b8f0e578f30c200\" role=\"button\" data-toggle=\"collapse\" data-target=\"#d0b8f0e578f30c200\" href=\"#d0b8f0e578f30c200\"><span class=\"fusion-toggle-icon-wrapper\" aria-hidden=\"true\"><i class=\"fa-fusion-box active-icon fa-minus fas\" aria-hidden=\"true\"><\/i><i class=\"fa-fusion-box inactive-icon fa-plus fas\" aria-hidden=\"true\"><\/i><\/span><span class=\"fusion-toggle-heading\">Certificat de FRANCISATION<\/span><\/a><\/h5><\/div><div id=\"d0b8f0e578f30c200\" class=\"panel-collapse collapse \" aria-labelledby=\"toggle_d0b8f0e578f30c200\"><div class=\"panel-body toggle-content fusion-clearfix\">\n<div class=\"custom-d-flex\">\n<p><a class=\"fusion-no-lightbox\" href=\"https:\/\/precikam.com\/wp-content\/uploads\/2023\/05\/SKM_C224e21022311440.jpg\" target=\"_blank\" rel=\"noopener noreferrer\" aria-label=\"KM_C224e-20210223114447\"><img decoding=\"async\" class=\"img-responsive wp-image-573\" src=\"https:\/\/precikam.com\/wp-content\/uploads\/2023\/05\/SKM_C224e21022311440-300x232.jpg\" sizes=\"(max-width: 640px) 100vw, 300px\" srcset=\"https:\/\/precikam.com\/wp-content\/uploads\/2023\/05\/SKM_C224e21022311440-200x155.jpg 200w, https:\/\/precikam.com\/wp-content\/uploads\/2023\/05\/SKM_C224e21022311440-400x309.jpg 400w, https:\/\/precikam.com\/wp-content\/uploads\/2023\/05\/SKM_C224e21022311440-600x464.jpg 600w, https:\/\/precikam.com\/wp-content\/uploads\/2023\/05\/SKM_C224e21022311440.jpg 792w\" alt=\"\" width=\"300\" height=\"232\" \/><\/a><\/p>\n<\/div>\n<\/div><\/div><\/div><\/div><\/div><\/div><\/div><\/div><\/div><\/p>\n","protected":false},"excerpt":{"rendered":"","protected":false},"author":1,"featured_media":0,"parent":397,"menu_order":15,"comment_status":"closed","ping_status":"closed","template":"100-width.php","meta":{"footnotes":""},"class_list":["post-3432","page","type-page","status-publish","hentry"],"_links":{"self":[{"href":"https:\/\/precikam.com\/fr\/wp-json\/wp\/v2\/pages\/3432","targetHints":{"allow":["GET"]}}],"collection":[{"href":"https:\/\/precikam.com\/fr\/wp-json\/wp\/v2\/pages"}],"about":[{"href":"https:\/\/precikam.com\/fr\/wp-json\/wp\/v2\/types\/page"}],"author":[{"embeddable":true,"href":"https:\/\/precikam.com\/fr\/wp-json\/wp\/v2\/users\/1"}],"replies":[{"embeddable":true,"href":"https:\/\/precikam.com\/fr\/wp-json\/wp\/v2\/comments?post=3432"}],"version-history":[{"count":20,"href":"https:\/\/precikam.com\/fr\/wp-json\/wp\/v2\/pages\/3432\/revisions"}],"predecessor-version":[{"id":6040,"href":"https:\/\/precikam.com\/fr\/wp-json\/wp\/v2\/pages\/3432\/revisions\/6040"}],"up":[{"embeddable":true,"href":"https:\/\/precikam.com\/fr\/wp-json\/wp\/v2\/pages\/397"}],"wp:attachment":[{"href":"https:\/\/precikam.com\/fr\/wp-json\/wp\/v2\/media?parent=3432"}],"curies":[{"name":"wp","href":"https:\/\/api.w.org\/{rel}","templated":true}]}}