{"id":361,"date":"2023-04-25T13:31:25","date_gmt":"2023-04-25T13:31:25","guid":{"rendered":"https:\/\/precikam.wpengine.com\/?page_id=361"},"modified":"2025-07-02T09:24:42","modified_gmt":"2025-07-02T09:24:42","slug":"carrieres","status":"publish","type":"page","link":"https:\/\/precikam.com\/fr\/carrieres\/","title":{"rendered":"Carri\u00e8res"},"content":{"rendered":"<p><div class=\"fusion-fullwidth fullwidth-box fusion-builder-row-1 fusion-flex-container has-pattern-background has-mask-background nonhundred-percent-fullwidth non-hundred-percent-height-scrolling\" style=\"--awb-border-radius-top-left:0px;--awb-border-radius-top-right:0px;--awb-border-radius-bottom-right:0px;--awb-border-radius-bottom-left:0px;--awb-flex-wrap:wrap;\" ><div class=\"fusion-builder-row fusion-row fusion-flex-align-items-flex-start fusion-flex-content-wrap\" style=\"max-width:1248px;margin-left: calc(-4% \/ 2 );margin-right: calc(-4% \/ 2 );\"><div class=\"fusion-layout-column fusion_builder_column fusion-builder-column-0 fusion_builder_column_1_1 1_1 fusion-flex-column\" style=\"--awb-bg-size:cover;--awb-width-large:100%;--awb-margin-top-large:0px;--awb-spacing-right-large:1.92%;--awb-margin-bottom-large:20px;--awb-spacing-left-large:1.92%;--awb-width-medium:100%;--awb-order-medium:0;--awb-spacing-right-medium:1.92%;--awb-spacing-left-medium:1.92%;--awb-width-small:100%;--awb-order-small:0;--awb-spacing-right-small:1.92%;--awb-spacing-left-small:1.92%;\"><div class=\"fusion-column-wrapper fusion-column-has-shadow fusion-flex-justify-content-flex-start fusion-content-layout-column\"><div class=\"fusion-title title fusion-title-1 fusion-sep-none fusion-title-text fusion-title-size-one\"><h1 class=\"fusion-title-heading title-heading-left\" style=\"margin:0;\">Carri\u00e8res<\/h1><\/div><div class=\"fusion-title title fusion-title-2 fusion-sep-none fusion-title-text fusion-title-size-two\"><h2 class=\"fusion-title-heading title-heading-left\" style=\"margin:0;\">Fiers de notre \u00e9quipe diversifi\u00e9e<\/h2><\/div><div class=\"fusion-text fusion-text-1\"><p>Chez PreciKam, notre \u00e9quipe diversifi\u00e9e est l\u2019une de nos plus grandes forces. Nous croyons en la cr\u00e9ation d\u2019un environnement accueillant et inclusif o\u00f9 les gens peuvent s\u2019\u00e9panouir. Les membres de notre \u00e9quipe proviennent de tous les horizons, apportant avec eux des exp\u00e9riences uniques et des perspectives qui enrichissent notre travail. Nous croyons qu\u2019en accueillant la diversit\u00e9, nous pouvons mieux comprendre et r\u00e9pondre aux besoins de nos clients.<\/p>\n<p>Nous partageons fi\u00e8rement les traits communs suivants :<\/p>\n<\/div><ul style=\"--awb-size:18px;--awb-margin-right:0px;--awb-margin-left:0px;--awb-iconcolor:#00a8db;--awb-line-height:30.6px;--awb-icon-width:30.6px;--awb-icon-height:30.6px;--awb-icon-margin:12.6px;--awb-content-margin:43.2px;\" class=\"fusion-checklist fusion-checklist-1 fusion-checklist-default type-icons\"><li class=\"fusion-li-item\" style=\"\"><span class=\"icon-wrapper circle-no\"><i class=\"fusion-li-icon fa-check fas\" aria-hidden=\"true\"><\/i><\/span><div class=\"fusion-li-item-content\">Nous nous respectons mutuellement en plus des comp\u00e9tences et talents que nous poss\u00e9dons.<\/div><\/li><li class=\"fusion-li-item\" style=\"\"><span class=\"icon-wrapper circle-no\"><i class=\"fusion-li-icon fa-check fas\" aria-hidden=\"true\"><\/i><\/span><div class=\"fusion-li-item-content\">Nous sommes comp\u00e9tents dans nos emplois et sommes fiers de fabriquer des produits qui ont un impact sur la sant\u00e9 et la s\u00e9curit\u00e9 des gens.<\/div><\/li><li class=\"fusion-li-item\" style=\"\"><span class=\"icon-wrapper circle-no\"><i class=\"fusion-li-icon fa-check fas\" aria-hidden=\"true\"><\/i><\/span><div class=\"fusion-li-item-content\">Nous accordons de la valeur \u00e0 l\u2019\u00e9ducation et \u00e0 l\u2019exp\u00e9rience, peu importe le pays o\u00f9 vous les avez acquis.<\/div><\/li><li class=\"fusion-li-item\" style=\"\"><span class=\"icon-wrapper circle-no\"><i class=\"fusion-li-icon fa-check fas\" aria-hidden=\"true\"><\/i><\/span><div class=\"fusion-li-item-content\">Nous sommes tous des individus forts qui comprennent le pouvoir et la valeur d\u2019une \u00e9quipe.<\/div><\/li><li class=\"fusion-li-item\" style=\"\"><span class=\"icon-wrapper circle-no\"><i class=\"fusion-li-icon fa-check fas\" aria-hidden=\"true\"><\/i><\/span><div class=\"fusion-li-item-content\">Nous faisons ce que nous disons que nous allons faire.<\/div><\/li><\/ul><div ><a class=\"fusion-button button-flat button-large button-custom fusion-button-default button-1 fusion-button-default-span fusion-button-default-type\" style=\"--button_accent_color:var(--awb-color1);--button_accent_hover_color:var(--awb-color1);--button_border_hover_color:var(--awb-color1);--button_gradient_top_color:#3a52a3;--button_gradient_bottom_color:#3a52a3;--button_gradient_top_color_hover:hsla(var(--awb-color5-h),calc(var(--awb-color5-s) - 5%),calc(var(--awb-color5-l) - 10%),var(--awb-color5-a));--button_gradient_bottom_color_hover:hsla(var(--awb-color5-h),calc(var(--awb-color5-s) - 5%),calc(var(--awb-color5-l) - 10%),var(--awb-color5-a));--button_typography-font-family:&quot;Open Sans&quot;;--button_typography-font-style:normal;--button_typography-font-weight:400;--button_margin-top:10px;\" target=\"_self\" href=\"https:\/\/precikam.com\/fr\/culture\/\"><span class=\"fusion-button-text awb-button__text awb-button__text--default\">En savoir plus sur notre culture<\/span><i class=\"fa-arrow-right fas awb-button__icon awb-button__icon--default button-icon-right\" aria-hidden=\"true\"><\/i><\/a><\/div><\/div><\/div><\/div><\/div><div class=\"fusion-fullwidth fullwidth-box fusion-builder-row-2 fusion-flex-container has-pattern-background has-mask-background nonhundred-percent-fullwidth non-hundred-percent-height-scrolling\" style=\"--awb-border-radius-top-left:0px;--awb-border-radius-top-right:0px;--awb-border-radius-bottom-right:0px;--awb-border-radius-bottom-left:0px;--awb-margin-top:20px;--awb-margin-bottom:40px;--awb-flex-wrap:wrap;\" ><div class=\"fusion-builder-row fusion-row fusion-flex-align-items-flex-start fusion-flex-content-wrap\" style=\"max-width:1248px;margin-left: calc(-4% \/ 2 );margin-right: calc(-4% \/ 2 );\"><div class=\"fusion-layout-column fusion_builder_column fusion-builder-column-1 fusion_builder_column_1_1 1_1 fusion-flex-column\" style=\"--awb-bg-size:cover;--awb-width-large:100%;--awb-margin-top-large:0px;--awb-spacing-right-large:1.92%;--awb-margin-bottom-large:20px;--awb-spacing-left-large:1.92%;--awb-width-medium:100%;--awb-order-medium:0;--awb-spacing-right-medium:1.92%;--awb-spacing-left-medium:1.92%;--awb-width-small:100%;--awb-order-small:0;--awb-spacing-right-small:1.92%;--awb-spacing-left-small:1.92%;\"><div class=\"fusion-column-wrapper fusion-column-has-shadow fusion-flex-justify-content-flex-start fusion-content-layout-column\"><div class=\"fusion-title title fusion-title-3 fusion-sep-none fusion-title-text fusion-title-size-two\"><h2 class=\"fusion-title-heading title-heading-left\" style=\"margin:0;\">Postes disponibles<\/h2><\/div><div class=\"fusion-text fusion-text-2\"><p>Si vous pensez que vous seriez un bon ajout \u00e0 notre \u00e9quipe, veuillez consulter notre page carri\u00e8res pour d\u00e9couvrir les opportunit\u00e9s excitantes que nous avons pour vous.<\/p>\n<\/div>\n<div class=\"wpjb wpjb-page-index\">\n\n    \n    \n        \n        \n            <div class=\"wpjb-job-list wpjb-grid\">\n                                                            <style>\n    .one-line {\n        position: relative;\n        float: left;\n        padding-right: 10px;\n    }\n<\/style>            \n        \n<div class=\"row row-job \">   \n            <div class=\"col-3\">\n                <div class=\"job-title\">\n                                        <a href=\"https:\/\/precikam.com\/fr\/job\/technicien-en-moulage-par-injection-3\/\" class=\"wpjb-job_title wpjb-title\"><strong>Technicien en moulage par injection<\/strong><\/a>\n                                    <\/div>\n                \n            <\/div>\n            <div class=\"col-3\">\n                <!--<div class=\"job-fulltime\">22000 Transcanada, Montreal, Canada<\/div>-->\n                <div class=\"job-location\"> Temps plein \/ Full-time<\/div>\n                <div class=\"job-posted\">Date : avril, 13 2026<\/div>\n            <\/div>\n\n                \n                            <div class=\"col-3\" id=\"apply-button-text\">\n                <div class=\"one-line\"><a class=\"fusion-button button-flat fusion-button-default-size button-default button-2 fusion-button-default-span fusion-button-default-type one-line\" target=\"_self\" href=\"https:\/\/precikam.com\/fr\/job\/technicien-en-moulage-par-injection-3\/\"><span class=\"fusion-button-text\" style=\"text-transform:uppercase;\">En savoir plus<\/span><\/a><\/div>\n                <div class=\"one-line\"><a class=\"fusion-button button-flat fusion-button-default-size button-default button-2 fusion-button-default-span fusion-button-default-type one-line\" target=\"_self\" href=\"https:\/\/precikam.com\/apply-now\/?job_id=52\"><span class=\"fusion-button-text\" style=\"text-transform:uppercase;\">Postuler maintenant<\/span><\/a><\/div>\n            <\/div>\n<\/div>\n\n                                                 <style>\n    .one-line {\n        position: relative;\n        float: left;\n        padding-right: 10px;\n    }\n<\/style>            \n        \n<div class=\"row row-job \">   \n            <div class=\"col-3\">\n                <div class=\"job-title\">\n                                        <a href=\"https:\/\/precikam.com\/fr\/job\/injection-moulding-technician\/\" class=\"wpjb-job_title wpjb-title\"><strong>Injection Moulding Technician<\/strong><\/a>\n                                    <\/div>\n                \n            <\/div>\n            <div class=\"col-3\">\n                <!--<div class=\"job-fulltime\">22000 Transcanada, Montreal, Canada<\/div>-->\n                <div class=\"job-location\"> Temps plein \/ Full-time<\/div>\n                <div class=\"job-posted\">Date : avril, 13 2026<\/div>\n            <\/div>\n\n                \n                            <div class=\"col-3\" id=\"apply-button-text\">\n                <div class=\"one-line\"><a class=\"fusion-button button-flat fusion-button-default-size button-default button-2 fusion-button-default-span fusion-button-default-type one-line\" target=\"_self\" href=\"https:\/\/precikam.com\/fr\/job\/injection-moulding-technician\/\"><span class=\"fusion-button-text\" style=\"text-transform:uppercase;\">En savoir plus<\/span><\/a><\/div>\n                <div class=\"one-line\"><a class=\"fusion-button button-flat fusion-button-default-size button-default button-2 fusion-button-default-span fusion-button-default-type one-line\" target=\"_self\" href=\"https:\/\/precikam.com\/apply-now\/?job_id=51\"><span class=\"fusion-button-text\" style=\"text-transform:uppercase;\">Postuler maintenant<\/span><\/a><\/div>\n            <\/div>\n<\/div>\n\n                                                 <style>\n    .one-line {\n        position: relative;\n        float: left;\n        padding-right: 10px;\n    }\n<\/style>            \n        \n<div class=\"row row-job \">   \n            <div class=\"col-3\">\n                <div class=\"job-title\">\n                                        <a href=\"https:\/\/precikam.com\/fr\/job\/technicien-dentretien-electrotechnicien-5\/\" class=\"wpjb-job_title wpjb-title\"><strong>Technicien d&#039;entretien (\u00e9lectrotechnicien)<\/strong><\/a>\n                                    <\/div>\n                \n            <\/div>\n            <div class=\"col-3\">\n                <!--<div class=\"job-fulltime\">22000 Transcanada, Montreal, Canada<\/div>-->\n                <div class=\"job-location\"> Temps plein \/ Full-time<\/div>\n                <div class=\"job-posted\">Date : avril, 11 2026<\/div>\n            <\/div>\n\n                \n                            <div class=\"col-3\" id=\"apply-button-text\">\n                <div class=\"one-line\"><a class=\"fusion-button button-flat fusion-button-default-size button-default button-2 fusion-button-default-span fusion-button-default-type one-line\" target=\"_self\" href=\"https:\/\/precikam.com\/fr\/job\/technicien-dentretien-electrotechnicien-5\/\"><span class=\"fusion-button-text\" style=\"text-transform:uppercase;\">En savoir plus<\/span><\/a><\/div>\n                <div class=\"one-line\"><a class=\"fusion-button button-flat fusion-button-default-size button-default button-2 fusion-button-default-span fusion-button-default-type one-line\" target=\"_self\" href=\"https:\/\/precikam.com\/apply-now\/?job_id=50\"><span class=\"fusion-button-text\" style=\"text-transform:uppercase;\">Postuler maintenant<\/span><\/a><\/div>\n            <\/div>\n<\/div>\n\n                                                 <style>\n    .one-line {\n        position: relative;\n        float: left;\n        padding-right: 10px;\n    }\n<\/style>            \n        \n<div class=\"row row-job \">   \n            <div class=\"col-3\">\n                <div class=\"job-title\">\n                                        <a href=\"https:\/\/precikam.com\/fr\/job\/maintenance-technician-electrotechnician-6\/\" class=\"wpjb-job_title wpjb-title\"><strong>Maintenance Technician- (Electrotechnician)<\/strong><\/a>\n                                    <\/div>\n                \n            <\/div>\n            <div class=\"col-3\">\n                <!--<div class=\"job-fulltime\">22000 Transcanada, Montreal, Canada<\/div>-->\n                <div class=\"job-location\"> Temps plein \/ Full-time<\/div>\n                <div class=\"job-posted\">Date : avril, 11 2026<\/div>\n            <\/div>\n\n                \n                            <div class=\"col-3\" id=\"apply-button-text\">\n                <div class=\"one-line\"><a class=\"fusion-button button-flat fusion-button-default-size button-default button-2 fusion-button-default-span fusion-button-default-type one-line\" target=\"_self\" href=\"https:\/\/precikam.com\/fr\/job\/maintenance-technician-electrotechnician-6\/\"><span class=\"fusion-button-text\" style=\"text-transform:uppercase;\">En savoir plus<\/span><\/a><\/div>\n                <div class=\"one-line\"><a class=\"fusion-button button-flat fusion-button-default-size button-default button-2 fusion-button-default-span fusion-button-default-type one-line\" target=\"_self\" href=\"https:\/\/precikam.com\/apply-now\/?job_id=49\"><span class=\"fusion-button-text\" style=\"text-transform:uppercase;\">Postuler maintenant<\/span><\/a><\/div>\n            <\/div>\n<\/div>\n\n                                                 <style>\n    .one-line {\n        position: relative;\n        float: left;\n        padding-right: 10px;\n    }\n<\/style>            \n        \n<div class=\"row row-job \">   \n            <div class=\"col-3\">\n                <div class=\"job-title\">\n                                        <a href=\"https:\/\/precikam.com\/fr\/job\/soutien-aux-ventes\/\" class=\"wpjb-job_title wpjb-title\"><strong>Soutien aux ventes<\/strong><\/a>\n                                    <\/div>\n                \n            <\/div>\n            <div class=\"col-3\">\n                <!--<div class=\"job-fulltime\">22000 Transcanada, Montreal, Canada<\/div>-->\n                <div class=\"job-location\"> Temps plein \/ Full-time<\/div>\n                <div class=\"job-posted\">Date : mars, 29 2026<\/div>\n            <\/div>\n\n                \n                            <div class=\"col-3\" id=\"apply-button-text\">\n                <div class=\"one-line\"><a class=\"fusion-button button-flat fusion-button-default-size button-default button-2 fusion-button-default-span fusion-button-default-type one-line\" target=\"_self\" href=\"https:\/\/precikam.com\/fr\/job\/soutien-aux-ventes\/\"><span class=\"fusion-button-text\" style=\"text-transform:uppercase;\">En savoir plus<\/span><\/a><\/div>\n                <div class=\"one-line\"><a class=\"fusion-button button-flat fusion-button-default-size button-default button-2 fusion-button-default-span fusion-button-default-type one-line\" target=\"_self\" href=\"https:\/\/precikam.com\/apply-now\/?job_id=42\"><span class=\"fusion-button-text\" style=\"text-transform:uppercase;\">Postuler maintenant<\/span><\/a><\/div>\n            <\/div>\n<\/div>\n\n                                                 <style>\n    .one-line {\n        position: relative;\n        float: left;\n        padding-right: 10px;\n    }\n<\/style>            \n        \n<div class=\"row row-job \">   \n            <div class=\"col-3\">\n                <div class=\"job-title\">\n                                        <a href=\"https:\/\/precikam.com\/fr\/job\/sales-support\/\" class=\"wpjb-job_title wpjb-title\"><strong>Sales Support<\/strong><\/a>\n                                    <\/div>\n                \n            <\/div>\n            <div class=\"col-3\">\n                <!--<div class=\"job-fulltime\">22000 Transcanada, Montreal, Canada<\/div>-->\n                <div class=\"job-location\"> Temps plein \/ Full-time<\/div>\n                <div class=\"job-posted\">Date : mars, 29 2026<\/div>\n            <\/div>\n\n                \n                            <div class=\"col-3\" id=\"apply-button-text\">\n                <div class=\"one-line\"><a class=\"fusion-button button-flat fusion-button-default-size button-default button-2 fusion-button-default-span fusion-button-default-type one-line\" target=\"_self\" href=\"https:\/\/precikam.com\/fr\/job\/sales-support\/\"><span class=\"fusion-button-text\" style=\"text-transform:uppercase;\">En savoir plus<\/span><\/a><\/div>\n                <div class=\"one-line\"><a class=\"fusion-button button-flat fusion-button-default-size button-default button-2 fusion-button-default-span fusion-button-default-type one-line\" target=\"_self\" href=\"https:\/\/precikam.com\/apply-now\/?job_id=41\"><span class=\"fusion-button-text\" style=\"text-transform:uppercase;\">Postuler maintenant<\/span><\/a><\/div>\n            <\/div>\n<\/div>\n\n                                                 <style>\n    .one-line {\n        position: relative;\n        float: left;\n        padding-right: 10px;\n    }\n<\/style>            \n        \n<div class=\"row row-job \">   \n            <div class=\"col-3\">\n                <div class=\"job-title\">\n                                        <a href=\"https:\/\/precikam.com\/fr\/job\/project-manager\/\" class=\"wpjb-job_title wpjb-title\"><strong>Project Manager<\/strong><\/a>\n                                    <\/div>\n                \n            <\/div>\n            <div class=\"col-3\">\n                <!--<div class=\"job-fulltime\">22000 Transcanada, Baie-d&#039;urfe, Quebec H9X 4B4, Baie-d&#039;urfe, Canada<\/div>-->\n                <div class=\"job-location\"> Temps plein \/ Full-time<\/div>\n                <div class=\"job-posted\">Date : d\u00e9cembre, 03 2024<\/div>\n            <\/div>\n\n                \n                            <div class=\"col-3\" id=\"apply-button-text\">\n                <div class=\"one-line\"><a class=\"fusion-button button-flat fusion-button-default-size button-default button-2 fusion-button-default-span fusion-button-default-type one-line\" target=\"_self\" href=\"https:\/\/precikam.com\/fr\/job\/project-manager\/\"><span class=\"fusion-button-text\" style=\"text-transform:uppercase;\">En savoir plus<\/span><\/a><\/div>\n                <div class=\"one-line\"><a class=\"fusion-button button-flat fusion-button-default-size button-default button-2 fusion-button-default-span fusion-button-default-type one-line\" target=\"_self\" href=\"https:\/\/precikam.com\/apply-now\/?job_id=26\"><span class=\"fusion-button-text\" style=\"text-transform:uppercase;\">Postuler maintenant<\/span><\/a><\/div>\n            <\/div>\n<\/div>\n\n                                                 <style>\n    .one-line {\n        position: relative;\n        float: left;\n        padding-right: 10px;\n    }\n<\/style>            \n        \n<div class=\"row row-job \">   \n            <div class=\"col-3\">\n                <div class=\"job-title\">\n                                        <a href=\"https:\/\/precikam.com\/fr\/job\/chef-de-projet\/\" class=\"wpjb-job_title wpjb-title\"><strong>Chef de projet<\/strong><\/a>\n                                    <\/div>\n                \n            <\/div>\n            <div class=\"col-3\">\n                <!--<div class=\"job-fulltime\">22000 Transcanada, Baie-d&#039;urfe, Quebec H9X 4B4, Baie-d&#039;urfe, Canada<\/div>-->\n                <div class=\"job-location\"> Temps plein \/ Full-time<\/div>\n                <div class=\"job-posted\">Date : d\u00e9cembre, 03 2024<\/div>\n            <\/div>\n\n                \n                            <div class=\"col-3\" id=\"apply-button-text\">\n                <div class=\"one-line\"><a class=\"fusion-button button-flat fusion-button-default-size button-default button-2 fusion-button-default-span fusion-button-default-type one-line\" target=\"_self\" href=\"https:\/\/precikam.com\/fr\/job\/chef-de-projet\/\"><span class=\"fusion-button-text\" style=\"text-transform:uppercase;\">En savoir plus<\/span><\/a><\/div>\n                <div class=\"one-line\"><a class=\"fusion-button button-flat fusion-button-default-size button-default button-2 fusion-button-default-span fusion-button-default-type one-line\" target=\"_self\" href=\"https:\/\/precikam.com\/apply-now\/?job_id=25\"><span class=\"fusion-button-text\" style=\"text-transform:uppercase;\">Postuler maintenant<\/span><\/a><\/div>\n            <\/div>\n<\/div>\n\n             \n        <\/div>\n\n                <div class=\"wpjb-paginate-links\">\n                    <\/div>\n                \n    \n    \n<\/div>\n     \n<!-- Begin: Subscribe to anything -->\n<!-- End: Subscribe to anything -->\n<div class=\"fusion-title title fusion-title-4 fusion-sep-none fusion-title-text fusion-title-size-two\" style=\"--awb-margin-top:60px;\"><h2 class=\"fusion-title-heading title-heading-left\" style=\"margin:0;\">Ce que nous offrons<\/h2><\/div><ul style=\"--awb-size:18px;--awb-margin-right:0px;--awb-margin-left:0px;--awb-iconcolor:#00a8db;--awb-line-height:30.6px;--awb-icon-width:30.6px;--awb-icon-height:30.6px;--awb-icon-margin:12.6px;--awb-content-margin:43.2px;\" class=\"fusion-checklist fusion-checklist-2 fusion-checklist-default type-icons\"><li class=\"fusion-li-item\" style=\"\"><span class=\"icon-wrapper circle-no\"><i class=\"fusion-li-icon fa-check fas\" aria-hidden=\"true\"><\/i><\/span><div class=\"fusion-li-item-content\">R\u00e9mun\u00e9ration comp\u00e9titive et avantages sociaux, y compris les soins de sant\u00e9 \u00e9tendus, les soins dentaires, l\u2019assurance invalidit\u00e9 et l\u2019assurance vie.<\/div><\/li><li class=\"fusion-li-item\" style=\"\"><span class=\"icon-wrapper circle-no\"><i class=\"fusion-li-icon fa-check fas\" aria-hidden=\"true\"><\/i><\/span><div class=\"fusion-li-item-content\">Formation dans un large \u00e9ventail de domaines et dans trois langues (fran\u00e7ais, anglais et hindi) avec la possibilit\u00e9 d\u2019ajouter d\u2019autres langues.<\/div><\/li><li class=\"fusion-li-item\" style=\"\"><span class=\"icon-wrapper circle-no\"><i class=\"fusion-li-icon fa-check fas\" aria-hidden=\"true\"><\/i><\/span><div class=\"fusion-li-item-content\">Le meilleur caf\u00e9 \u00e9quitable, cappuccino, etc. Gratuit pour tous les membres de l\u2019\u00e9quipe.<\/div><\/li><li class=\"fusion-li-item\" style=\"\"><span class=\"icon-wrapper circle-no\"><i class=\"fusion-li-icon fa-check fas\" aria-hidden=\"true\"><\/i><\/span><div class=\"fusion-li-item-content\">Promotions internes, neuf de nos dix derni\u00e8res promotions (y compris deux membres de notre \u00e9quipe de direction) ont \u00e9t\u00e9 \u00e0 l\u2019interne.<\/div><\/li><li class=\"fusion-li-item\" style=\"\"><span class=\"icon-wrapper circle-no\"><i class=\"fusion-li-icon fa-check fas\" aria-hidden=\"true\"><\/i><\/span><div class=\"fusion-li-item-content\">\u00c9v\u00e9nements d\u2019entreprise.<\/div><\/li><li class=\"fusion-li-item\" style=\"\"><span class=\"icon-wrapper circle-no\"><i class=\"fusion-li-icon fa-check fas\" aria-hidden=\"true\"><\/i><\/span><div class=\"fusion-li-item-content\">Programme de REER.<\/div><\/li><\/ul><div class=\"fusion-title title fusion-title-5 fusion-sep-none fusion-title-text fusion-title-size-two\" style=\"--awb-margin-top:60px;\"><h2 class=\"fusion-title-heading title-heading-left\" style=\"margin:0;\">Souhaitez-vous travailler chez PreciKam\u2009?<\/h2><\/div><div class=\"fusion-text fusion-text-3\"><p>Susan Raywood, notre coordinatrice des ressources humaines, vous invite \u00e0 poser votre candidature \u00e0 un poste, et pour les candidats qui r\u00e9pondent \u00e0 nos crit\u00e8res, nous serons heureux de vous faire visiter nos installations et rencontrer notre \u00e9quipe pour voir si nous sommes compatibles.<\/p>\n<\/div><\/div><\/div><\/div><\/div><\/p>\n","protected":false},"excerpt":{"rendered":"","protected":false},"author":1,"featured_media":0,"parent":0,"menu_order":24,"comment_status":"closed","ping_status":"closed","template":"","meta":{"footnotes":""},"class_list":["post-361","page","type-page","status-publish","hentry"],"_links":{"self":[{"href":"https:\/\/precikam.com\/fr\/wp-json\/wp\/v2\/pages\/361","targetHints":{"allow":["GET"]}}],"collection":[{"href":"https:\/\/precikam.com\/fr\/wp-json\/wp\/v2\/pages"}],"about":[{"href":"https:\/\/precikam.com\/fr\/wp-json\/wp\/v2\/types\/page"}],"author":[{"embeddable":true,"href":"https:\/\/precikam.com\/fr\/wp-json\/wp\/v2\/users\/1"}],"replies":[{"embeddable":true,"href":"https:\/\/precikam.com\/fr\/wp-json\/wp\/v2\/comments?post=361"}],"version-history":[{"count":12,"href":"https:\/\/precikam.com\/fr\/wp-json\/wp\/v2\/pages\/361\/revisions"}],"predecessor-version":[{"id":5012,"href":"https:\/\/precikam.com\/fr\/wp-json\/wp\/v2\/pages\/361\/revisions\/5012"}],"wp:attachment":[{"href":"https:\/\/precikam.com\/fr\/wp-json\/wp\/v2\/media?parent=361"}],"curies":[{"name":"wp","href":"https:\/\/api.w.org\/{rel}","templated":true}]}}