{"id":3686,"date":"2023-07-25T18:04:48","date_gmt":"2023-07-25T18:04:48","guid":{"rendered":"https:\/\/precikam.com\/?page_id=3686"},"modified":"2025-08-28T10:13:44","modified_gmt":"2025-08-28T10:13:44","slug":"joindre-merci","status":"publish","type":"page","link":"https:\/\/precikam.com\/fr\/joindre\/joindre-merci\/","title":{"rendered":"Nous joindre &#8211; Merci"},"content":{"rendered":"<p><div class=\"fusion-fullwidth fullwidth-box fusion-builder-row-1 fusion-flex-container has-pattern-background has-mask-background nonhundred-percent-fullwidth non-hundred-percent-height-scrolling\" style=\"--awb-border-radius-top-left:0px;--awb-border-radius-top-right:0px;--awb-border-radius-bottom-right:0px;--awb-border-radius-bottom-left:0px;--awb-flex-wrap:wrap;\" ><div class=\"fusion-builder-row fusion-row fusion-flex-align-items-flex-start fusion-flex-content-wrap\" style=\"max-width:1248px;margin-left: calc(-4% \/ 2 );margin-right: calc(-4% \/ 2 );\"><div class=\"fusion-layout-column fusion_builder_column fusion-builder-column-0 fusion_builder_column_1_1 1_1 fusion-flex-column\" style=\"--awb-bg-size:cover;--awb-width-large:100%;--awb-margin-top-large:0px;--awb-spacing-right-large:1.92%;--awb-margin-bottom-large:20px;--awb-spacing-left-large:1.92%;--awb-width-medium:100%;--awb-order-medium:0;--awb-spacing-right-medium:1.92%;--awb-spacing-left-medium:1.92%;--awb-width-small:100%;--awb-order-small:0;--awb-spacing-right-small:1.92%;--awb-spacing-left-small:1.92%;\"><div class=\"fusion-column-wrapper fusion-column-has-shadow fusion-flex-justify-content-flex-start fusion-content-layout-column\"><div class=\"fusion-title title fusion-title-1 fusion-sep-none fusion-title-text fusion-title-size-one\"><h1 class=\"fusion-title-heading title-heading-left\" style=\"margin:0;\">Merci de nous avoir contact\u00e9.<\/h1><\/div><\/div><\/div><\/div><\/div><div class=\"fusion-fullwidth fullwidth-box fusion-builder-row-2 fusion-flex-container has-pattern-background has-mask-background nonhundred-percent-fullwidth non-hundred-percent-height-scrolling\" style=\"--awb-border-radius-top-left:0px;--awb-border-radius-top-right:0px;--awb-border-radius-bottom-right:0px;--awb-border-radius-bottom-left:0px;--awb-flex-wrap:wrap;\" ><div class=\"fusion-builder-row fusion-row fusion-flex-align-items-flex-start fusion-flex-content-wrap\" style=\"max-width:1248px;margin-left: calc(-4% \/ 2 );margin-right: calc(-4% \/ 2 );\"><div class=\"fusion-layout-column fusion_builder_column fusion-builder-column-1 fusion_builder_column_1_1 1_1 fusion-flex-column\" style=\"--awb-bg-size:cover;--awb-width-large:100%;--awb-margin-top-large:0px;--awb-spacing-right-large:1.92%;--awb-margin-bottom-large:20px;--awb-spacing-left-large:1.92%;--awb-width-medium:100%;--awb-order-medium:0;--awb-spacing-right-medium:1.92%;--awb-spacing-left-medium:1.92%;--awb-width-small:100%;--awb-order-small:0;--awb-spacing-right-small:1.92%;--awb-spacing-left-small:1.92%;\"><div class=\"fusion-column-wrapper fusion-column-has-shadow fusion-flex-justify-content-flex-start fusion-content-layout-column\"><div class=\"fusion-text fusion-text-1\"><p>Merci d&rsquo;avoir contact\u00e9 l&rsquo;\u00e9quipe de PreciKam. Nous vous r\u00e9pondrons dans un d\u00e9lai de 1 \u00e0 2 jours ouvrables.<\/p>\n<\/div><\/div><\/div><\/div><\/div><\/p>\n","protected":false},"excerpt":{"rendered":"","protected":false},"author":1,"featured_media":0,"parent":419,"menu_order":0,"comment_status":"closed","ping_status":"closed","template":"","meta":{"footnotes":""},"class_list":["post-3686","page","type-page","status-publish","hentry"],"_links":{"self":[{"href":"https:\/\/precikam.com\/fr\/wp-json\/wp\/v2\/pages\/3686","targetHints":{"allow":["GET"]}}],"collection":[{"href":"https:\/\/precikam.com\/fr\/wp-json\/wp\/v2\/pages"}],"about":[{"href":"https:\/\/precikam.com\/fr\/wp-json\/wp\/v2\/types\/page"}],"author":[{"embeddable":true,"href":"https:\/\/precikam.com\/fr\/wp-json\/wp\/v2\/users\/1"}],"replies":[{"embeddable":true,"href":"https:\/\/precikam.com\/fr\/wp-json\/wp\/v2\/comments?post=3686"}],"version-history":[{"count":5,"href":"https:\/\/precikam.com\/fr\/wp-json\/wp\/v2\/pages\/3686\/revisions"}],"predecessor-version":[{"id":5127,"href":"https:\/\/precikam.com\/fr\/wp-json\/wp\/v2\/pages\/3686\/revisions\/5127"}],"up":[{"embeddable":true,"href":"https:\/\/precikam.com\/fr\/wp-json\/wp\/v2\/pages\/419"}],"wp:attachment":[{"href":"https:\/\/precikam.com\/fr\/wp-json\/wp\/v2\/media?parent=3686"}],"curies":[{"name":"wp","href":"https:\/\/api.w.org\/{rel}","templated":true}]}}