{"id":399,"date":"2023-04-25T13:37:16","date_gmt":"2023-04-25T13:37:16","guid":{"rendered":"https:\/\/precikam.wpengine.com\/?page_id=399"},"modified":"2024-05-15T17:33:00","modified_gmt":"2024-05-15T17:33:00","slug":"industrie-aerospatiale","status":"publish","type":"page","link":"https:\/\/precikam.com\/fr\/expertise\/industrie-aerospatiale\/","title":{"rendered":"A\u00e9rospatiale"},"content":{"rendered":"<p><div class=\"fusion-fullwidth fullwidth-box fusion-builder-row-1 fusion-flex-container has-pattern-background has-mask-background nonhundred-percent-fullwidth non-hundred-percent-height-scrolling\" style=\"--awb-border-radius-top-left:0px;--awb-border-radius-top-right:0px;--awb-border-radius-bottom-right:0px;--awb-border-radius-bottom-left:0px;--awb-flex-wrap:wrap;\" ><div class=\"fusion-builder-row fusion-row fusion-flex-align-items-flex-start fusion-flex-content-wrap\" style=\"max-width:1248px;margin-left: calc(-4% \/ 2 );margin-right: calc(-4% \/ 2 );\"><div class=\"fusion-layout-column fusion_builder_column fusion-builder-column-0 fusion_builder_column_1_1 1_1 fusion-flex-column\" style=\"--awb-bg-size:cover;--awb-width-large:100%;--awb-margin-top-large:0px;--awb-spacing-right-large:1.92%;--awb-margin-bottom-large:20px;--awb-spacing-left-large:1.92%;--awb-width-medium:100%;--awb-order-medium:0;--awb-spacing-right-medium:1.92%;--awb-spacing-left-medium:1.92%;--awb-width-small:100%;--awb-order-small:0;--awb-spacing-right-small:1.92%;--awb-spacing-left-small:1.92%;\"><div class=\"fusion-column-wrapper fusion-column-has-shadow fusion-flex-justify-content-flex-start fusion-content-layout-column\"><div class=\"fusion-title title fusion-title-1 fusion-sep-none fusion-title-text fusion-title-size-one\"><h1 class=\"fusion-title-heading title-heading-left\" style=\"margin:0;\">Solutions de moulage par injection plastique pour l\u2019a\u00e9rospatiale<\/h1><\/div><\/div><\/div><\/div><\/div><div class=\"fusion-fullwidth fullwidth-box fusion-builder-row-2 fusion-flex-container has-pattern-background has-mask-background nonhundred-percent-fullwidth non-hundred-percent-height-scrolling\" style=\"--awb-border-radius-top-left:0px;--awb-border-radius-top-right:0px;--awb-border-radius-bottom-right:0px;--awb-border-radius-bottom-left:0px;--awb-flex-wrap:wrap;\" ><div class=\"fusion-builder-row fusion-row fusion-flex-align-items-flex-start fusion-flex-content-wrap\" style=\"max-width:1248px;margin-left: calc(-4% \/ 2 );margin-right: calc(-4% \/ 2 );\"><div class=\"fusion-layout-column fusion_builder_column fusion-builder-column-1 fusion_builder_column_1_1 1_1 fusion-flex-column\" style=\"--awb-bg-size:cover;--awb-width-large:100%;--awb-margin-top-large:0px;--awb-spacing-right-large:1.92%;--awb-margin-bottom-large:20px;--awb-spacing-left-large:1.92%;--awb-width-medium:100%;--awb-order-medium:0;--awb-spacing-right-medium:1.92%;--awb-spacing-left-medium:1.92%;--awb-width-small:100%;--awb-order-small:0;--awb-spacing-right-small:1.92%;--awb-spacing-left-small:1.92%;\"><div class=\"fusion-column-wrapper fusion-column-has-shadow fusion-flex-justify-content-flex-start fusion-content-layout-column\"><div class=\"fusion-title title fusion-title-2 fusion-sep-none fusion-title-text fusion-title-size-two\"><h2 class=\"fusion-title-heading title-heading-left\" style=\"margin:0;\">Prendre son envol avec des pi\u00e8ces fabriqu\u00e9es avec pr\u00e9cision<\/h2><\/div><div class=\"fusion-text fusion-text-1\"><p>Notre <a href=\"https:\/\/precikam.com\/wp-content\/uploads\/2023\/11\/ISO-9001-2015-and-AS9100D-certification.jpg\" target=\"_blank\" rel=\"noopener\">Certification AS9100D<\/a> et notre inscription au <a href=\"https:\/\/precikam.com\/wp-content\/uploads\/2023\/05\/CG17118-Certificate-of-Registration-CGP.jpg\" target=\"_blank\" rel=\"noopener\">programme des marchandises contr\u00f4l\u00e9es<\/a> permettent \u00e0 nos clients de l\u2019industries a\u00e9rospatiale d\u2019atteindre de nouveaux sommets pour leurs propres performances. Tout comme l\u2019a\u00e9rodynamique \u00e9tudie le flux d\u2019air autour d\u2019un objet, le moulage par injection plastique pour l\u2019a\u00e9rospatial \u00e9tudie le flux de r\u00e9sine \u00e0 travers un moule.<\/p>\n<p>Avec plus de vingt ans d\u2019exp\u00e9rience dans l\u2019a\u00e9rospatiale et le militaire, PreciKam comprend les exigences uniques des ing\u00e9nieurs qui y travaillent. Notre Certification AS9100D et notre \u00e9quipe exp\u00e9riment\u00e9e garantissent la production de pi\u00e8ces de haute qualit\u00e9 qui r\u00e9pondent aux exigences strictes de nos clients de l\u2019a\u00e9rospatiale.<\/p>\n<\/div><\/div><\/div><\/div><\/div><div class=\"fusion-fullwidth fullwidth-box fusion-builder-row-3 fusion-flex-container has-pattern-background has-mask-background nonhundred-percent-fullwidth non-hundred-percent-height-scrolling\" style=\"--awb-border-radius-top-left:0px;--awb-border-radius-top-right:0px;--awb-border-radius-bottom-right:0px;--awb-border-radius-bottom-left:0px;--awb-margin-top:20px;--awb-flex-wrap:wrap;\" ><div class=\"fusion-builder-row fusion-row fusion-flex-align-items-flex-start fusion-flex-content-wrap\" style=\"max-width:1248px;margin-left: calc(-4% \/ 2 );margin-right: calc(-4% \/ 2 );\"><div class=\"fusion-layout-column fusion_builder_column fusion-builder-column-2 fusion_builder_column_1_1 1_1 fusion-flex-column\" style=\"--awb-bg-size:cover;--awb-width-large:100%;--awb-margin-top-large:0px;--awb-spacing-right-large:1.92%;--awb-margin-bottom-large:20px;--awb-spacing-left-large:1.92%;--awb-width-medium:100%;--awb-order-medium:0;--awb-spacing-right-medium:1.92%;--awb-spacing-left-medium:1.92%;--awb-width-small:100%;--awb-order-small:0;--awb-spacing-right-small:1.92%;--awb-spacing-left-small:1.92%;\"><div class=\"fusion-column-wrapper fusion-column-has-shadow fusion-flex-justify-content-flex-start fusion-content-layout-column\"><div class=\"fusion-title title fusion-title-3 fusion-sep-none fusion-title-text fusion-title-size-two\"><h2 class=\"fusion-title-heading title-heading-left\" style=\"margin:0;\">Normes de production \u00e9lev\u00e9es<\/h2><\/div><div class=\"fusion-text fusion-text-2\"><p>Nos services de moulage par injection plastique pour l\u2019a\u00e9rospatial respectent des normes de production \u00e9lev\u00e9es qui sont maintenues gr\u00e2ce \u00e0 un syst\u00e8me de gestion de la qualit\u00e9 rigoureux. Gr\u00e2ce \u00e0 nos <a href=\"https:\/\/precikam.com\/fr\/services\/salles-blanches\/\">salles blanches<\/a> et \u00e0 nos services de moulage et d\u2019assemblage en environnement contr\u00f4l\u00e9, nous r\u00e9pondons \u00e0 toutes les exigences r\u00e9glementaires de l\u2019industrie a\u00e9rospatiale. En effet, nous sommes tr\u00e8s appr\u00e9ci\u00e9s pour la rigueur de notre programme de <a href=\"https:\/\/precikam.com\/fr\/expertise\/gestion-de-la-qualite\/\">gestion de la qualit\u00e9<\/a>.<\/p>\n<\/div><\/div><\/div><\/div><\/div><div class=\"fusion-fullwidth fullwidth-box fusion-builder-row-4 fusion-flex-container has-pattern-background has-mask-background nonhundred-percent-fullwidth non-hundred-percent-height-scrolling\" style=\"--awb-border-radius-top-left:0px;--awb-border-radius-top-right:0px;--awb-border-radius-bottom-right:0px;--awb-border-radius-bottom-left:0px;--awb-margin-top:20px;--awb-flex-wrap:wrap;\" ><div class=\"fusion-builder-row fusion-row fusion-flex-align-items-flex-start fusion-flex-content-wrap\" style=\"max-width:1248px;margin-left: calc(-4% \/ 2 );margin-right: calc(-4% \/ 2 );\"><div class=\"fusion-layout-column fusion_builder_column fusion-builder-column-3 fusion_builder_column_1_1 1_1 fusion-flex-column\" style=\"--awb-bg-size:cover;--awb-width-large:100%;--awb-margin-top-large:0px;--awb-spacing-right-large:1.92%;--awb-margin-bottom-large:20px;--awb-spacing-left-large:1.92%;--awb-width-medium:100%;--awb-order-medium:0;--awb-spacing-right-medium:1.92%;--awb-spacing-left-medium:1.92%;--awb-width-small:100%;--awb-order-small:0;--awb-spacing-right-small:1.92%;--awb-spacing-left-small:1.92%;\"><div class=\"fusion-column-wrapper fusion-column-has-shadow fusion-flex-justify-content-flex-start fusion-content-layout-column\"><div class=\"fusion-title title fusion-title-4 fusion-sep-none fusion-title-text fusion-title-size-two\"><h2 class=\"fusion-title-heading title-heading-left\" style=\"margin:0;\">Consid\u00e9rations importantes dans le moulage par injection plastique pour l\u2019a\u00e9rospatial<\/h2><\/div><div class=\"fusion-text fusion-text-3\" style=\"--awb-content-alignment:left;\"><p>Vous trouverez ci-dessous les consid\u00e9rations importantes qui sont au premier plan pour l\u2019industrie a\u00e9rospatiale.<\/p>\n<\/div><ul style=\"--awb-size:18px;--awb-margin-right:0px;--awb-margin-left:0px;--awb-iconcolor:#ffffff;--awb-line-height:30.6px;--awb-icon-width:30.6px;--awb-icon-height:30.6px;--awb-icon-margin:12.6px;--awb-content-margin:43.2px;--awb-circlecolor:#00a8db;--awb-circle-yes-font-size:15.84px;\" class=\"fusion-checklist fusion-checklist-1 fusion-checklist-default type-numbered\"><li class=\"fusion-li-item\" style=\"\"><span class=\"icon-wrapper circle-yes\">1<\/span><div class=\"fusion-li-item-content\">\n<p><b>Qualit\u00e9 \u2014 <\/b>la production de pi\u00e8ces de moulage par injection plastique pour l\u2019a\u00e9rospatiale doit r\u00e9pondre \u00e0 chaque fois aux sp\u00e9cifications pr\u00e9cises du client. C\u2019est un point non n\u00e9gociable pour les pi\u00e8ces critiques et PreciKam applique la m\u00eame rigueur \u00e0 tous les autres pi\u00e8ces et assemblages destin\u00e9es \u00e0 des applications a\u00e9rospatiales. Notre engagement en faveur de la qualit\u00e9 se manifeste dans l\u2019ensemble de nos installations de fabrication. Nous garantissons la qualit\u00e9 des produits \u00e0 chaque \u00e9tape de la conception et de la fabrication.<\/p>\n<\/div><\/li><li class=\"fusion-li-item\" style=\"\"><span class=\"icon-wrapper circle-yes\">2<\/span><div class=\"fusion-li-item-content\">\n<p><b>Propri\u00e9t\u00e9s des mat\u00e9riaux \u2014 <\/b>les mat\u00e9riaux s\u00e9lectionn\u00e9s doivent r\u00e9pondre aux exigences sp\u00e9cifiques de l\u2019application. Les ing\u00e9nieurs en a\u00e9rospatiale veulent avoir l\u2019assurance que les mat\u00e9riaux s\u00e9lectionn\u00e9s peuvent r\u00e9sister aux conditions les plus difficiles et les plus exigeantes des environnements a\u00e9rospatiaux. Notre exp\u00e9rience en mati\u00e8re de moulage par injection plastique pour l\u2019a\u00e9rospatiale peut vous aider, vous et votre \u00e9quipe, \u00e0 s\u00e9lectionner la r\u00e9sine pr\u00e9sentant les attributs les plus appropri\u00e9s, tels que la durabilit\u00e9, la solidit\u00e9, le coefficient de friction, le poids et la r\u00e9sistance \u00e0 l\u2019environnement de fonctionnement.<\/p>\n<\/div><\/li><li class=\"fusion-li-item\" style=\"\"><span class=\"icon-wrapper circle-yes\">3<\/span><div class=\"fusion-li-item-content\"><b>Conformit\u00e9 r\u00e9glementaire \u2014 <\/b>tous les mat\u00e9riaux et processus doivent \u00eatre conformes aux normes les plus strictes afin de garantir la s\u00e9curit\u00e9 et la fiabilit\u00e9 du produit final. Renseignez-vous sur notre <a href=\"https:\/\/precikam.com\/fr\/expertise\/gestion-de-la-qualite\/\">programme d\u2019assurance qualit\u00e9<\/a>.<\/div><\/li><li class=\"fusion-li-item\" style=\"\"><span class=\"icon-wrapper circle-yes\">4<\/span><div class=\"fusion-li-item-content\"><b>Capacit\u00e9s de conception \u2014 <\/b>notre expertise dans la production de g\u00e9om\u00e9tries tr\u00e8s complexes signifie que nous excellons dans l\u2019interpr\u00e9tation et la production de conceptions tr\u00e8s pr\u00e9cises. Nos \u00e9quipes internes de conception et de fabrication de moules travaille main dans la main avec notre \u00e9quipe de production pour associ\u00e9 design fonctionnel optimal et faisabilit\u00e9 de fabrication. Vos conceptions changent\u2026 pas nous.<\/div><\/li><li class=\"fusion-li-item\" style=\"\"><span class=\"icon-wrapper circle-yes\">5<\/span><div class=\"fusion-li-item-content\">\n<p><b>Rentabilit\u00e9 \u2014 <\/b>la n\u00e9cessit\u00e9 de maintenir la rentabilit\u00e9 des solutions de moulage par injection plastique pour l\u2019a\u00e9rospatiale signifie que nous tenons compte de facteurs importants tels que les co\u00fbts d\u2019outillage, les co\u00fbts des mat\u00e9riaux et l\u2019efficacit\u00e9 de la production. Notre production flexible permet de mouler efficacement de petits volumes (aussi peu qu\u2019une seule unit\u00e9).<\/p>\n<\/div><\/li><li class=\"fusion-li-item\" style=\"\"><span class=\"icon-wrapper circle-yes\">6<\/span><div class=\"fusion-li-item-content\"><b>Impact environnemental \u2014 <\/b>la recyclabilit\u00e9 et la r\u00e9duction des d\u00e9chets sont importantes pour PreciKam. Notre souci de l\u2019impact environnemental dicte les mat\u00e9riaux utilis\u00e9s et les possibilit\u00e9s de broyage de la r\u00e9sine.<\/div><\/li><li class=\"fusion-li-item\" style=\"\"><span class=\"icon-wrapper circle-yes\">7<\/span><div class=\"fusion-li-item-content\"><b>Confidentialit\u00e9 \u2014 <\/b>PreciKam est certifi\u00e9 pour les marchandises contr\u00f4l\u00e9es et plus de 25\u00a0% de notre \u00e9quipe est enregistr\u00e9e aupr\u00e8s du PMC. Nous sommes \u00e9galement en cours de certification CMMC pour la s\u00e9curit\u00e9 des donn\u00e9es et des installations.<\/div><\/li><\/ul><\/div><\/div><\/div><\/div><div class=\"fusion-fullwidth fullwidth-box fusion-builder-row-5 fusion-flex-container has-pattern-background has-mask-background hundred-percent-fullwidth non-hundred-percent-height-scrolling\" style=\"--awb-border-radius-top-left:0px;--awb-border-radius-top-right:0px;--awb-border-radius-bottom-right:0px;--awb-border-radius-bottom-left:0px;--awb-padding-right:0px;--awb-padding-bottom:0px;--awb-padding-left:0px;--awb-margin-top:20px;--awb-margin-bottom:20px;--awb-background-color:#2d4795;--awb-flex-wrap:wrap;\" ><div class=\"fusion-builder-row fusion-row fusion-flex-align-items-flex-start fusion-flex-content-wrap\" style=\"width:104% !important;max-width:104% !important;margin-left: calc(-4% \/ 2 );margin-right: calc(-4% \/ 2 );\"><div class=\"fusion-layout-column fusion_builder_column fusion-builder-column-4 fusion_builder_column_1_2 1_2 fusion-flex-column custom-height\" style=\"--awb-bg-image:url(&#039;https:\/\/precikam.com\/wp-content\/uploads\/2023\/10\/Arospace-1024x683.jpg&#039;);--awb-bg-position:center center;--awb-bg-size:cover;--awb-width-large:50%;--awb-margin-top-large:0px;--awb-spacing-right-large:0px;--awb-margin-bottom-large:0px;--awb-spacing-left-large:0px;--awb-width-medium:100%;--awb-order-medium:0;--awb-spacing-right-medium:0px;--awb-spacing-left-medium:0px;--awb-width-small:100%;--awb-order-small:0;--awb-spacing-right-small:1.92%;--awb-spacing-left-small:1.92%;\" data-scroll-devices=\"small-visibility,medium-visibility,large-visibility\"><div class=\"fusion-column-wrapper fusion-column-has-shadow fusion-flex-justify-content-flex-start fusion-content-layout-column fusion-empty-column-bg-image fusion-column-has-bg-image\" data-bg-url=\"https:\/\/precikam.com\/wp-content\/uploads\/2023\/10\/Arospace-1024x683.jpg\"><img decoding=\"async\" class=\"fusion-empty-dims-img-placeholder fusion-no-large-visibility\" src=\"data:image\/gif;base64,R0lGODlhAQABAAAAACH5BAEKAAEALAAAAAABAAEAAAICTAEAOw==\"><\/div><\/div><div class=\"fusion-layout-column fusion_builder_column fusion-builder-column-5 fusion_builder_column_1_2 1_2 fusion-flex-column fusion-flex-align-self-center\" style=\"--awb-padding-top:7%;--awb-padding-right:8%;--awb-padding-bottom:7%;--awb-padding-left:8%;--awb-bg-size:cover;--awb-width-large:50%;--awb-margin-top-large:0px;--awb-spacing-right-large:0px;--awb-margin-bottom-large:20px;--awb-spacing-left-large:0px;--awb-width-medium:100%;--awb-order-medium:0;--awb-spacing-right-medium:0px;--awb-spacing-left-medium:0px;--awb-width-small:100%;--awb-order-small:0;--awb-spacing-right-small:1.92%;--awb-spacing-left-small:1.92%;\" data-scroll-devices=\"small-visibility,medium-visibility,large-visibility\"><div class=\"fusion-column-wrapper fusion-column-has-shadow fusion-flex-justify-content-center fusion-content-layout-column\"><div class=\"fusion-title title fusion-title-5 fusion-sep-none fusion-title-text fusion-title-size-two\" style=\"--awb-text-color:#ffffff;\"><h2 class=\"fusion-title-heading title-heading-left\" style=\"margin:0;\">Exemples de pi\u00e8ces produites pour l\u2019industrie a\u00e9rospatiale<\/h2><\/div><div class=\"fusion-text fusion-text-4\" style=\"--awb-text-color:#ffffff;\"><p>Qu\u2019il s\u2019agisse de minuscules connecteurs ou de composants de grande taille, PreciKam offre une vaste gamme de services de moulage par injection plastique \u00e0 l&rsquo;industrie de l\u2019a\u00e9rospatiale \u00e0 la recherche de plus de polyvalence.<\/p>\n<\/div><div class=\"fusion-text fusion-text-5\" style=\"--awb-text-color:#ffffff;\"><p>Voici quelques exemples de pi\u00e8ces produites pour l&rsquo;industrie a\u00e9rospatiale :<\/p>\n<\/div><ul style=\"--awb-size:18px;--awb-margin-right:0px;--awb-margin-left:0px;--awb-iconcolor:#ffffff;--awb-textcolor:#ffffff;--awb-line-height:30.6px;--awb-icon-width:30.6px;--awb-icon-height:30.6px;--awb-icon-margin:12.6px;--awb-content-margin:43.2px;\" class=\"fusion-checklist fusion-checklist-2 fusion-checklist-default type-icons\"><li class=\"fusion-li-item\" style=\"\"><span class=\"icon-wrapper circle-no\"><i class=\"fusion-li-icon fa-check fas\" aria-hidden=\"true\"><\/i><\/span><div class=\"fusion-li-item-content\">\n<p>Composants de moteurs et de transmissions tels que les cages de roulement.<\/p>\n<\/div><\/li><li class=\"fusion-li-item\" style=\"\"><span class=\"icon-wrapper circle-no\"><i class=\"fusion-li-icon fa-check fas\" aria-hidden=\"true\"><\/i><\/span><div class=\"fusion-li-item-content\">\n<p>Composants \u00e9lectriques utilis\u00e9s comme prises, connecteurs et bo\u00eetiers pour l\u2019\u00e9lectronique.<\/p>\n<\/div><\/li><li class=\"fusion-li-item\" style=\"\"><span class=\"icon-wrapper circle-no\"><i class=\"fusion-li-icon fa-check fas\" aria-hidden=\"true\"><\/i><\/span><div class=\"fusion-li-item-content\">\n<p>Instrumentation allant de manettes de commande et d&rsquo;\u00e9crans de cockpit aux boutons et interrupteurs.<\/p>\n<\/div><\/li><li class=\"fusion-li-item\" style=\"\"><span class=\"icon-wrapper circle-no\"><i class=\"fusion-li-icon fa-check fas\" aria-hidden=\"true\"><\/i><\/span><div class=\"fusion-li-item-content\">Composants ext\u00e9rieurs, composants d\u2019\u00e9clairage et composants de c\u00e2blage.<\/div><\/li><li class=\"fusion-li-item\" style=\"\"><span class=\"icon-wrapper circle-no\"><i class=\"fusion-li-icon fa-check fas\" aria-hidden=\"true\"><\/i><\/span><div class=\"fusion-li-item-content\">Composants structurels, souvent identifi\u00e9s comme des clips, des supports ou des fixations.<\/div><\/li><li class=\"fusion-li-item\" style=\"\"><span class=\"icon-wrapper circle-no\"><i class=\"fusion-li-icon fa-check fas\" aria-hidden=\"true\"><\/i><\/span><div class=\"fusion-li-item-content\">\n<p>\u00c9quipements de s\u00e9curit\u00e9 utilis\u00e9s dans les situations de d\u00e9tresse tels que l\u2019\u00e9clairage de secours, l\u2019\u00e9clairage des radeaux et des gilets.<\/p>\n<\/div><\/li><\/ul><\/div><\/div><\/div><\/div><div class=\"fusion-fullwidth fullwidth-box fusion-builder-row-6 fusion-flex-container has-pattern-background has-mask-background nonhundred-percent-fullwidth non-hundred-percent-height-scrolling\" style=\"--awb-border-radius-top-left:0px;--awb-border-radius-top-right:0px;--awb-border-radius-bottom-right:0px;--awb-border-radius-bottom-left:0px;--awb-margin-bottom:40px;--awb-flex-wrap:wrap;\" ><div class=\"fusion-builder-row fusion-row fusion-flex-align-items-flex-start fusion-flex-content-wrap\" style=\"max-width:1248px;margin-left: calc(-4% \/ 2 );margin-right: calc(-4% \/ 2 );\"><div class=\"fusion-layout-column fusion_builder_column fusion-builder-column-6 fusion_builder_column_1_1 1_1 fusion-flex-column\" style=\"--awb-bg-size:cover;--awb-width-large:100%;--awb-margin-top-large:0px;--awb-spacing-right-large:1.92%;--awb-margin-bottom-large:20px;--awb-spacing-left-large:1.92%;--awb-width-medium:100%;--awb-order-medium:0;--awb-spacing-right-medium:1.92%;--awb-spacing-left-medium:1.92%;--awb-width-small:100%;--awb-order-small:0;--awb-spacing-right-small:1.92%;--awb-spacing-left-small:1.92%;\"><div class=\"fusion-column-wrapper fusion-column-has-shadow fusion-flex-justify-content-flex-start fusion-content-layout-column\"><div class=\"fusion-title title fusion-title-6 fusion-sep-none fusion-title-text fusion-title-size-two\"><h2 class=\"fusion-title-heading title-heading-left\" style=\"margin:0;\">Experts en moulage par injection plastique pour l\u2019a\u00e9rospatiale<\/h2><\/div><div class=\"fusion-text fusion-text-6\"><p>Dans le monde complexe de l\u2019a\u00e9rospatiale, chaque composant joue un r\u00f4le essentiel pour assurer la s\u00e9curit\u00e9, l\u2019efficacit\u00e9 et la performance. En tant que sp\u00e9cialiste du <a href=\"https:\/\/precikam.com\/fr\/\">moulage par injection plastique de pr\u00e9cision<\/a>, PreciKam cr\u00e9e des pi\u00e8ces qui non seulement respectent, mais d\u00e9passent les normes rigoureuses \u00e9tablies par cette industrie. Lorsque vous choisissez PreciKam comme fournisseur de <a href=\"https:\/\/precikam.com\/fr\/services\/moulage-de-precision\/\">pi\u00e8ces moul\u00e9es en plastique de pr\u00e9cision<\/a>, vous ne choisissez pas seulement un service, vous forgez un partenariat bas\u00e9 sur la confiance, la pr\u00e9cision et une qualit\u00e9 in\u00e9gal\u00e9e. Laissez-nous \u00eatre les ailes derri\u00e8re vos aspirations a\u00e9rospatiales.<\/p>\n<\/div><\/div><\/div><\/div><\/div><\/p>\n","protected":false},"excerpt":{"rendered":"","protected":false},"author":1,"featured_media":0,"parent":397,"menu_order":12,"comment_status":"closed","ping_status":"closed","template":"100-width.php","meta":{"footnotes":""},"class_list":["post-399","page","type-page","status-publish","hentry"],"_links":{"self":[{"href":"https:\/\/precikam.com\/fr\/wp-json\/wp\/v2\/pages\/399","targetHints":{"allow":["GET"]}}],"collection":[{"href":"https:\/\/precikam.com\/fr\/wp-json\/wp\/v2\/pages"}],"about":[{"href":"https:\/\/precikam.com\/fr\/wp-json\/wp\/v2\/types\/page"}],"author":[{"embeddable":true,"href":"https:\/\/precikam.com\/fr\/wp-json\/wp\/v2\/users\/1"}],"replies":[{"embeddable":true,"href":"https:\/\/precikam.com\/fr\/wp-json\/wp\/v2\/comments?post=399"}],"version-history":[{"count":13,"href":"https:\/\/precikam.com\/fr\/wp-json\/wp\/v2\/pages\/399\/revisions"}],"predecessor-version":[{"id":4197,"href":"https:\/\/precikam.com\/fr\/wp-json\/wp\/v2\/pages\/399\/revisions\/4197"}],"up":[{"embeddable":true,"href":"https:\/\/precikam.com\/fr\/wp-json\/wp\/v2\/pages\/397"}],"wp:attachment":[{"href":"https:\/\/precikam.com\/fr\/wp-json\/wp\/v2\/media?parent=399"}],"curies":[{"name":"wp","href":"https:\/\/api.w.org\/{rel}","templated":true}]}}