{"id":400,"date":"2023-04-25T13:37:45","date_gmt":"2023-04-25T13:37:45","guid":{"rendered":"https:\/\/precikam.wpengine.com\/?page_id=400"},"modified":"2025-09-19T16:16:03","modified_gmt":"2025-09-19T16:16:03","slug":"industrie-automobile","status":"publish","type":"page","link":"https:\/\/precikam.com\/fr\/expertise\/industrie-automobile\/","title":{"rendered":"Automobile"},"content":{"rendered":"<p><div class=\"fusion-fullwidth fullwidth-box fusion-builder-row-1 fusion-flex-container has-pattern-background has-mask-background nonhundred-percent-fullwidth non-hundred-percent-height-scrolling\" style=\"--awb-border-radius-top-left:0px;--awb-border-radius-top-right:0px;--awb-border-radius-bottom-right:0px;--awb-border-radius-bottom-left:0px;--awb-margin-bottom:0px;--awb-flex-wrap:wrap;\" ><div class=\"fusion-builder-row fusion-row fusion-flex-align-items-flex-start fusion-flex-content-wrap\" style=\"max-width:1248px;margin-left: calc(-4% \/ 2 );margin-right: calc(-4% \/ 2 );\"><div class=\"fusion-layout-column fusion_builder_column fusion-builder-column-0 fusion_builder_column_1_1 1_1 fusion-flex-column\" style=\"--awb-bg-size:cover;--awb-width-large:100%;--awb-margin-top-large:0px;--awb-spacing-right-large:1.92%;--awb-margin-bottom-large:20px;--awb-spacing-left-large:1.92%;--awb-width-medium:100%;--awb-order-medium:0;--awb-spacing-right-medium:1.92%;--awb-spacing-left-medium:1.92%;--awb-width-small:100%;--awb-order-small:0;--awb-spacing-right-small:1.92%;--awb-spacing-left-small:1.92%;\"><div class=\"fusion-column-wrapper fusion-column-has-shadow fusion-flex-justify-content-flex-start fusion-content-layout-column\"><div class=\"fusion-title title fusion-title-1 fusion-sep-none fusion-title-text fusion-title-size-one\"><h1 class=\"fusion-title-heading title-heading-left\" style=\"margin:0;\">Le moulage par injection plastique pour l\u2019industrie automobile<\/h1><\/div><\/div><\/div><\/div><\/div><div class=\"fusion-fullwidth fullwidth-box fusion-builder-row-2 fusion-flex-container has-pattern-background has-mask-background nonhundred-percent-fullwidth non-hundred-percent-height-scrolling\" style=\"--awb-border-radius-top-left:0px;--awb-border-radius-top-right:0px;--awb-border-radius-bottom-right:0px;--awb-border-radius-bottom-left:0px;--awb-margin-top:0px;--awb-flex-wrap:wrap;\" ><div class=\"fusion-builder-row fusion-row fusion-flex-align-items-flex-start fusion-flex-content-wrap\" style=\"max-width:1248px;margin-left: calc(-4% \/ 2 );margin-right: calc(-4% \/ 2 );\"><div class=\"fusion-layout-column fusion_builder_column fusion-builder-column-1 fusion_builder_column_1_1 1_1 fusion-flex-column\" style=\"--awb-bg-size:cover;--awb-width-large:100%;--awb-margin-top-large:0px;--awb-spacing-right-large:1.92%;--awb-margin-bottom-large:20px;--awb-spacing-left-large:1.92%;--awb-width-medium:100%;--awb-order-medium:0;--awb-spacing-right-medium:1.92%;--awb-spacing-left-medium:1.92%;--awb-width-small:100%;--awb-order-small:0;--awb-spacing-right-small:1.92%;--awb-spacing-left-small:1.92%;\"><div class=\"fusion-column-wrapper fusion-column-has-shadow fusion-flex-justify-content-flex-start fusion-content-layout-column\"><div class=\"fusion-title title fusion-title-2 fusion-sep-none fusion-title-text fusion-title-size-two\"><h2 class=\"fusion-title-heading title-heading-left\" style=\"margin:0;\">Une volont\u00e9 de performance depuis les ann\u00e9es 1960<\/h2><\/div><div class=\"fusion-text fusion-text-1\"><p>Avec pr\u00e8s de 6 d\u00e9cennies d\u2019exp\u00e9rience dans l\u2019automobile, PreciKam est reconnu pour ses ann\u00e9es d\u2019exp\u00e9rience dans la conception et la production de pi\u00e8ces \u00e0 parois minces et \u00e0 g\u00e9om\u00e9trie complexe.<\/p>\n<\/div><\/div><\/div><\/div><\/div><div class=\"fusion-fullwidth fullwidth-box fusion-builder-row-3 fusion-flex-container has-pattern-background has-mask-background nonhundred-percent-fullwidth non-hundred-percent-height-scrolling fusion-no-small-visibility\" style=\"--awb-border-radius-top-left:0px;--awb-border-radius-top-right:0px;--awb-border-radius-bottom-right:0px;--awb-border-radius-bottom-left:0px;--awb-padding-top:40px;--awb-padding-bottom:40px;--awb-margin-top:20px;--awb-margin-bottom:20px;--awb-background-color:#f6f7f7;--awb-flex-wrap:wrap;\" ><div class=\"fusion-builder-row fusion-row fusion-flex-align-items-center fusion-flex-justify-content-center fusion-flex-content-wrap\" style=\"max-width:1248px;margin-left: calc(-4% \/ 2 );margin-right: calc(-4% \/ 2 );\"><div class=\"fusion-layout-column fusion_builder_column fusion-builder-column-2 fusion_builder_column_1_2 1_2 fusion-flex-column fusion-flex-align-self-center\" style=\"--awb-bg-size:cover;--awb-width-large:50%;--awb-margin-top-large:0px;--awb-spacing-right-large:3.84%;--awb-margin-bottom-large:20px;--awb-spacing-left-large:3.84%;--awb-width-medium:50%;--awb-order-medium:0;--awb-spacing-right-medium:3.84%;--awb-spacing-left-medium:3.84%;--awb-width-small:100%;--awb-order-small:0;--awb-spacing-right-small:1.92%;--awb-spacing-left-small:1.92%;\" data-scroll-devices=\"small-visibility,medium-visibility,large-visibility\"><div class=\"fusion-column-wrapper fusion-column-has-shadow fusion-flex-justify-content-flex-start fusion-content-layout-column\"><div class=\"fusion-title title fusion-title-3 fusion-sep-none fusion-title-text fusion-title-size-two\"><h2 class=\"fusion-title-heading title-heading-left\" style=\"margin:0;\">Composants en plastique de haute qualit\u00e9 et service fiable<\/h2><\/div><div class=\"fusion-text fusion-text-2\"><p>En tant que fabricant canadien de composants en plastique moul\u00e9s par injection, PreciKam est r\u00e9put\u00e9 dans l\u2019industrie automobile pour son :<\/p>\n<\/div><\/div><\/div><div class=\"fusion-layout-column fusion_builder_column fusion-builder-column-3 fusion_builder_column_1_2 1_2 fusion-flex-column fusion-flex-align-self-center\" style=\"--awb-bg-size:cover;--awb-width-large:50%;--awb-margin-top-large:0px;--awb-spacing-right-large:3.84%;--awb-margin-bottom-large:20px;--awb-spacing-left-large:3.84%;--awb-width-medium:50%;--awb-order-medium:0;--awb-spacing-right-medium:3.84%;--awb-spacing-left-medium:3.84%;--awb-width-small:100%;--awb-order-small:0;--awb-spacing-right-small:1.92%;--awb-spacing-left-small:1.92%;\" data-scroll-devices=\"small-visibility,medium-visibility,large-visibility\"><div class=\"fusion-column-wrapper fusion-column-has-shadow fusion-flex-justify-content-flex-start fusion-content-layout-column\"><div class=\"fusion-image-element \" style=\"--awb-caption-title-font-family:var(--h2_typography-font-family);--awb-caption-title-font-weight:var(--h2_typography-font-weight);--awb-caption-title-font-style:var(--h2_typography-font-style);--awb-caption-title-size:var(--h2_typography-font-size);--awb-caption-title-transform:var(--h2_typography-text-transform);--awb-caption-title-line-height:var(--h2_typography-line-height);--awb-caption-title-letter-spacing:var(--h2_typography-letter-spacing);\"><span class=\" fusion-imageframe imageframe-none imageframe-1 hover-type-none\"><img decoding=\"async\" width=\"722\" height=\"459\" title=\"High-Quality Plastic Components and Reliable Service\" src=\"https:\/\/precikam.com\/wp-content\/uploads\/2023\/10\/High-Quality-Plastic-Components-and-Reliable-Service-1.webp\" alt class=\"img-responsive wp-image-2852\" srcset=\"https:\/\/precikam.com\/wp-content\/uploads\/2023\/10\/High-Quality-Plastic-Components-and-Reliable-Service-1-200x127.webp 200w, https:\/\/precikam.com\/wp-content\/uploads\/2023\/10\/High-Quality-Plastic-Components-and-Reliable-Service-1-400x254.webp 400w, https:\/\/precikam.com\/wp-content\/uploads\/2023\/10\/High-Quality-Plastic-Components-and-Reliable-Service-1-600x381.webp 600w, https:\/\/precikam.com\/wp-content\/uploads\/2023\/10\/High-Quality-Plastic-Components-and-Reliable-Service-1.webp 722w\" sizes=\"(max-width: 640px) 100vw, 600px\" \/><\/span><\/div><\/div><\/div><div class=\"fusion-layout-column fusion_builder_column fusion-builder-column-4 fusion_builder_column_1_1 1_1 fusion-flex-column\" style=\"--awb-bg-size:cover;--awb-width-large:100%;--awb-margin-top-large:20px;--awb-spacing-right-large:1.92%;--awb-margin-bottom-large:20px;--awb-spacing-left-large:1.92%;--awb-width-medium:100%;--awb-order-medium:0;--awb-spacing-right-medium:1.92%;--awb-spacing-left-medium:1.92%;--awb-width-small:100%;--awb-order-small:0;--awb-spacing-right-small:1.92%;--awb-spacing-left-small:1.92%;\" data-scroll-devices=\"small-visibility,medium-visibility,large-visibility\"><div class=\"fusion-column-wrapper fusion-column-has-shadow fusion-flex-justify-content-flex-start fusion-content-layout-column\"><ul style=\"--awb-size:18px;--awb-margin-right:0px;--awb-margin-bottom:20px;--awb-margin-left:0px;--awb-iconcolor:#00a8db;--awb-line-height:30.6px;--awb-icon-width:30.6px;--awb-icon-height:30.6px;--awb-icon-margin:12.6px;--awb-content-margin:43.2px;\" class=\"fusion-checklist fusion-checklist-1 fusion-checklist-default type-icons\"><li class=\"fusion-li-item\" style=\"\"><span class=\"icon-wrapper circle-no\"><i class=\"fusion-li-icon fa-check fas\" aria-hidden=\"true\"><\/i><\/span><div class=\"fusion-li-item-content\"><b>Expertise \u2014 <\/b>notre \u00e9quipe d\u2019ing\u00e9nieurs exp\u00e9riment\u00e9s conna\u00eet parfaitement les r\u00e9sines techniques et aide les constructeurs automobiles \u00e0 prendre des d\u00e9cisions judicieuses. Notre d\u00e9partement d\u2019assemblage est \u00e9galement hautement qualifi\u00e9 dans les <a href=\"https:\/\/precikam.com\/fr\/services\/assemblage-post-moulage\/\">op\u00e9rations de post-moulage<\/a>.<\/div><\/li><li class=\"fusion-li-item\" style=\"\"><span class=\"icon-wrapper circle-no\"><i class=\"fusion-li-icon fa-check fas\" aria-hidden=\"true\"><\/i><\/span><div class=\"fusion-li-item-content\">\n<p><b>Production, capacit\u00e9 et fiabilit\u00e9 \u2014 <\/b>notre production 24\u00a0heures sur 24 garantit les plus hauts niveaux d\u2019efficacit\u00e9 \u00e0 nos clients de l\u2019industrie automobile. Nous faisons un si bon travail que trois de nos concurrents nous ont choisis comme mouleurs de secours.<\/p>\n<\/div><\/li><li class=\"fusion-li-item\" style=\"\"><span class=\"icon-wrapper circle-no\"><i class=\"fusion-li-icon fa-check fas\" aria-hidden=\"true\"><\/i><\/span><div class=\"fusion-li-item-content\">\n<p><b>Qualit\u00e9 \u2014 <\/b>notre syst\u00e8me de gestion de la qualit\u00e9 est solide, bien \u00e9tabli et efficace. Notre qualit\u00e9 d\u00e9coule de l\u2019engagement de notre \u00e9quipe et de son adh\u00e9sion \u00e0 nos valeurs fondamentales. Notre service qualit\u00e9 repr\u00e9sente 13 % de notre effectif, car nous maintenons un programme rigoureux de formation et d\u2019audit interne.<\/p>\n<\/div><\/li><li class=\"fusion-li-item\" style=\"\"><span class=\"icon-wrapper circle-no\"><i class=\"fusion-li-icon fa-check fas\" aria-hidden=\"true\"><\/i><\/span><div class=\"fusion-li-item-content\">\n<p><b>Vari\u00e9t\u00e9 \u2014 <\/b>bien que nous soyons reconnus comme des experts de l\u2019industrie dans le domaine des cages de roulements complexes \u00e0 parois minces, nous produisons une gamme compl\u00e8te de pi\u00e8ces en plastique, y compris des pi\u00e8ces esth\u00e9tiques.<\/p>\n<\/div><\/li><li class=\"fusion-li-item\" style=\"\"><span class=\"icon-wrapper circle-no\"><i class=\"fusion-li-icon fa-check fas\" aria-hidden=\"true\"><\/i><\/span><div class=\"fusion-li-item-content\">\n<p><b>Rentabilit\u00e9 \u2014 <\/b>nous comprenons la comp\u00e9titivit\u00e9 \u00e0 laquelle est confront\u00e9e l\u2019industrie automobile. Par cons\u00e9quent, nos clients b\u00e9n\u00e9ficient d\u2019\u00e9conomies \u00e0 long terme qui, autrement, auraient \u00e9t\u00e9 des frais de mise \u00e0 rebut.<\/p>\n<\/div><\/li><li class=\"fusion-li-item\" style=\"\"><span class=\"icon-wrapper circle-no\"><i class=\"fusion-li-icon fa-check fas\" aria-hidden=\"true\"><\/i><\/span><div class=\"fusion-li-item-content\">\n<p><b>Confidentialit\u00e9 \u2014 <\/b>PreciKam est certifi\u00e9 pour les marchandises contr\u00f4l\u00e9es et plus de 25\u00a0% de notre \u00e9quipe est enregistr\u00e9e aupr\u00e8s du PMC. Nous sommes \u00e9galement en cours de certification CMMC pour la s\u00e9curit\u00e9 des donn\u00e9es et des installations.<\/p>\n<\/div><\/li><\/ul><div ><a class=\"fusion-button button-flat button-large button-custom fusion-button-default button-1 fusion-button-default-span fusion-button-default-type\" style=\"--button_accent_color:var(--awb-color1);--button_accent_hover_color:var(--awb-color1);--button_border_hover_color:var(--awb-color1);--button_gradient_top_color:#3a52a3;--button_gradient_bottom_color:#3a52a3;--button_gradient_top_color_hover:hsla(var(--awb-color5-h),calc(var(--awb-color5-s) - 5%),calc(var(--awb-color5-l) - 10%),var(--awb-color5-a));--button_gradient_bottom_color_hover:hsla(var(--awb-color5-h),calc(var(--awb-color5-s) - 5%),calc(var(--awb-color5-l) - 10%),var(--awb-color5-a));--button_typography-font-family:&quot;Open Sans&quot;;--button_typography-font-style:normal;--button_typography-font-weight:400;\" target=\"_self\" href=\"\/fr\/services\/\"><span class=\"fusion-button-text awb-button__text awb-button__text--default\">Voir notre liste compl\u00e8te de services<\/span><i class=\"fa-arrow-right fas awb-button__icon awb-button__icon--default button-icon-right\" aria-hidden=\"true\"><\/i><\/a><\/div><\/div><\/div><\/div><\/div><div class=\"fusion-fullwidth fullwidth-box fusion-builder-row-4 fusion-flex-container has-pattern-background has-mask-background nonhundred-percent-fullwidth non-hundred-percent-height-scrolling fusion-no-medium-visibility fusion-no-large-visibility\" style=\"--awb-border-radius-top-left:0px;--awb-border-radius-top-right:0px;--awb-border-radius-bottom-right:0px;--awb-border-radius-bottom-left:0px;--awb-padding-top:40px;--awb-padding-bottom:40px;--awb-margin-top:20px;--awb-margin-bottom:20px;--awb-background-color:#f6f7f7;--awb-flex-wrap:wrap;\" ><div class=\"fusion-builder-row fusion-row fusion-flex-align-items-center fusion-flex-justify-content-center fusion-flex-content-wrap\" style=\"max-width:1248px;margin-left: calc(-4% \/ 2 );margin-right: calc(-4% \/ 2 );\"><div class=\"fusion-layout-column fusion_builder_column fusion-builder-column-5 fusion_builder_column_1_2 1_2 fusion-flex-column fusion-flex-align-self-center\" style=\"--awb-bg-size:cover;--awb-width-large:50%;--awb-margin-top-large:0px;--awb-spacing-right-large:3.84%;--awb-margin-bottom-large:20px;--awb-spacing-left-large:3.84%;--awb-width-medium:50%;--awb-order-medium:0;--awb-spacing-right-medium:3.84%;--awb-spacing-left-medium:3.84%;--awb-width-small:100%;--awb-order-small:0;--awb-spacing-right-small:1.92%;--awb-spacing-left-small:1.92%;\" data-scroll-devices=\"small-visibility,medium-visibility,large-visibility\"><div class=\"fusion-column-wrapper fusion-column-has-shadow fusion-flex-justify-content-flex-start fusion-content-layout-column\"><div class=\"fusion-image-element \" style=\"--awb-caption-title-font-family:var(--h2_typography-font-family);--awb-caption-title-font-weight:var(--h2_typography-font-weight);--awb-caption-title-font-style:var(--h2_typography-font-style);--awb-caption-title-size:var(--h2_typography-font-size);--awb-caption-title-transform:var(--h2_typography-text-transform);--awb-caption-title-line-height:var(--h2_typography-line-height);--awb-caption-title-letter-spacing:var(--h2_typography-letter-spacing);\"><span class=\" fusion-imageframe imageframe-none imageframe-2 hover-type-none\"><img decoding=\"async\" width=\"722\" height=\"459\" title=\"High-Quality Plastic Components and Reliable Service\" src=\"https:\/\/precikam.com\/wp-content\/uploads\/2023\/10\/High-Quality-Plastic-Components-and-Reliable-Service-1.webp\" alt class=\"img-responsive wp-image-2852\" srcset=\"https:\/\/precikam.com\/wp-content\/uploads\/2023\/10\/High-Quality-Plastic-Components-and-Reliable-Service-1-200x127.webp 200w, https:\/\/precikam.com\/wp-content\/uploads\/2023\/10\/High-Quality-Plastic-Components-and-Reliable-Service-1-400x254.webp 400w, https:\/\/precikam.com\/wp-content\/uploads\/2023\/10\/High-Quality-Plastic-Components-and-Reliable-Service-1-600x381.webp 600w, https:\/\/precikam.com\/wp-content\/uploads\/2023\/10\/High-Quality-Plastic-Components-and-Reliable-Service-1.webp 722w\" sizes=\"(max-width: 640px) 100vw, 600px\" \/><\/span><\/div><\/div><\/div><div class=\"fusion-layout-column fusion_builder_column fusion-builder-column-6 fusion_builder_column_1_2 1_2 fusion-flex-column fusion-flex-align-self-center\" style=\"--awb-bg-size:cover;--awb-width-large:50%;--awb-margin-top-large:0px;--awb-spacing-right-large:3.84%;--awb-margin-bottom-large:20px;--awb-spacing-left-large:3.84%;--awb-width-medium:50%;--awb-order-medium:0;--awb-spacing-right-medium:3.84%;--awb-spacing-left-medium:3.84%;--awb-width-small:100%;--awb-order-small:0;--awb-spacing-right-small:1.92%;--awb-spacing-left-small:1.92%;\" data-scroll-devices=\"small-visibility,medium-visibility,large-visibility\"><div class=\"fusion-column-wrapper fusion-column-has-shadow fusion-flex-justify-content-flex-start fusion-content-layout-column\"><div class=\"fusion-title title fusion-title-4 fusion-sep-none fusion-title-text fusion-title-size-two\"><h2 class=\"fusion-title-heading title-heading-left\" style=\"margin:0;\">Composants en plastique de haute qualit\u00e9 et service fiable<\/h2><\/div><div class=\"fusion-text fusion-text-3\"><p>En tant que fabricant canadien de composants en plastique moul\u00e9s par injection, PreciKam est r\u00e9put\u00e9 dans l\u2019industrie automobile pour son:<\/p>\n<\/div><\/div><\/div><div class=\"fusion-layout-column fusion_builder_column fusion-builder-column-7 fusion_builder_column_1_1 1_1 fusion-flex-column\" style=\"--awb-bg-size:cover;--awb-width-large:100%;--awb-margin-top-large:20px;--awb-spacing-right-large:1.92%;--awb-margin-bottom-large:20px;--awb-spacing-left-large:1.92%;--awb-width-medium:100%;--awb-order-medium:0;--awb-spacing-right-medium:1.92%;--awb-spacing-left-medium:1.92%;--awb-width-small:100%;--awb-order-small:0;--awb-spacing-right-small:1.92%;--awb-spacing-left-small:1.92%;\" data-scroll-devices=\"small-visibility,medium-visibility,large-visibility\"><div class=\"fusion-column-wrapper fusion-column-has-shadow fusion-flex-justify-content-flex-start fusion-content-layout-column\"><ul style=\"--awb-size:18px;--awb-margin-right:0px;--awb-margin-bottom:20px;--awb-margin-left:0px;--awb-iconcolor:#00a8db;--awb-line-height:30.6px;--awb-icon-width:30.6px;--awb-icon-height:30.6px;--awb-icon-margin:12.6px;--awb-content-margin:43.2px;\" class=\"fusion-checklist fusion-checklist-2 fusion-checklist-default type-icons\"><li class=\"fusion-li-item\" style=\"\"><span class=\"icon-wrapper circle-no\"><i class=\"fusion-li-icon fa-check fas\" aria-hidden=\"true\"><\/i><\/span><div class=\"fusion-li-item-content\"><b>Expertise \u2014 <\/b>notre \u00e9quipe d\u2019ing\u00e9nieurs exp\u00e9riment\u00e9s conna\u00eet parfaitement les r\u00e9sines techniques et aide les constructeurs automobiles \u00e0 prendre des d\u00e9cisions judicieuses. Notre d\u00e9partement d\u2019assemblage est \u00e9galement hautement qualifi\u00e9 dans les <a href=\"https:\/\/precikam.com\/fr\/services\/assemblage-post-moulage\/\">op\u00e9rations de post-moulage<\/a>.<\/div><\/li><li class=\"fusion-li-item\" style=\"\"><span class=\"icon-wrapper circle-no\"><i class=\"fusion-li-icon fa-check fas\" aria-hidden=\"true\"><\/i><\/span><div class=\"fusion-li-item-content\">\n<p><b>Production, capacit\u00e9 et fiabilit\u00e9 \u2014 <\/b>notre production 24\u00a0heures sur 24 garantit les plus hauts niveaux d\u2019efficacit\u00e9 \u00e0 nos clients de l\u2019industrie automobile. Nous faisons un si bon travail que trois de nos concurrents nous ont choisis comme mouleurs de secours.<\/p>\n<\/div><\/li><li class=\"fusion-li-item\" style=\"\"><span class=\"icon-wrapper circle-no\"><i class=\"fusion-li-icon fa-check fas\" aria-hidden=\"true\"><\/i><\/span><div class=\"fusion-li-item-content\">\n<p><b>Qualit\u00e9 \u2014 <\/b>notre syst\u00e8me de gestion de la qualit\u00e9 est solide, bien \u00e9tabli et efficace. Notre qualit\u00e9 d\u00e9coule de l\u2019engagement de notre \u00e9quipe et de son adh\u00e9sion \u00e0 nos valeurs fondamentales. Notre service qualit\u00e9 repr\u00e9sente 10 % de notre effectif, car nous maintenons un programme rigoureux de formation et d\u2019audit interne.<\/p>\n<\/div><\/li><li class=\"fusion-li-item\" style=\"\"><span class=\"icon-wrapper circle-no\"><i class=\"fusion-li-icon fa-check fas\" aria-hidden=\"true\"><\/i><\/span><div class=\"fusion-li-item-content\">\n<p><b>Vari\u00e9t\u00e9 \u2014 <\/b>bien que nous soyons reconnus comme des experts de l\u2019industrie dans le domaine des cages de roulements complexes \u00e0 parois minces, nous produisons une gamme compl\u00e8te de pi\u00e8ces en plastique, y compris des pi\u00e8ces esth\u00e9tiques.<\/p>\n<\/div><\/li><li class=\"fusion-li-item\" style=\"\"><span class=\"icon-wrapper circle-no\"><i class=\"fusion-li-icon fa-check fas\" aria-hidden=\"true\"><\/i><\/span><div class=\"fusion-li-item-content\">\n<p><b>Rentabilit\u00e9 \u2014 <\/b>nous comprenons la comp\u00e9titivit\u00e9 \u00e0 laquelle est confront\u00e9e l\u2019industrie automobile. Par cons\u00e9quent, nos clients b\u00e9n\u00e9ficient d\u2019\u00e9conomies \u00e0 long terme qui, autrement, auraient \u00e9t\u00e9 des frais de mise \u00e0 rebut.<\/p>\n<\/div><\/li><li class=\"fusion-li-item\" style=\"\"><span class=\"icon-wrapper circle-no\"><i class=\"fusion-li-icon fa-check fas\" aria-hidden=\"true\"><\/i><\/span><div class=\"fusion-li-item-content\">\n<p><b>Confidentialit\u00e9 \u2014 <\/b>PreciKam est certifi\u00e9 pour les marchandises contr\u00f4l\u00e9es et plus de 25 % de notre \u00e9quipe est enregistr\u00e9e aupr\u00e8s du PMC. Nous sommes \u00e9galement en cours de certification CMMC pour la s\u00e9curit\u00e9 des donn\u00e9es et des installations.<\/p>\n<\/div><\/li><\/ul><div ><a class=\"fusion-button button-flat button-large button-custom fusion-button-default button-2 fusion-button-default-span fusion-button-default-type\" style=\"--button_accent_color:var(--awb-color1);--button_accent_hover_color:var(--awb-color1);--button_border_hover_color:var(--awb-color1);--button_gradient_top_color:#3a52a3;--button_gradient_bottom_color:#3a52a3;--button_gradient_top_color_hover:hsla(var(--awb-color5-h),calc(var(--awb-color5-s) - 5%),calc(var(--awb-color5-l) - 10%),var(--awb-color5-a));--button_gradient_bottom_color_hover:hsla(var(--awb-color5-h),calc(var(--awb-color5-s) - 5%),calc(var(--awb-color5-l) - 10%),var(--awb-color5-a));--button_typography-font-family:&quot;Open Sans&quot;;--button_typography-font-style:normal;--button_typography-font-weight:400;\" target=\"_self\" href=\"\/fr\/services\/\"><span class=\"fusion-button-text awb-button__text awb-button__text--default\">Voir notre liste compl\u00e8te de services<\/span><i class=\"fa-arrow-right fas awb-button__icon awb-button__icon--default button-icon-right\" aria-hidden=\"true\"><\/i><\/a><\/div><\/div><\/div><\/div><\/div><div class=\"fusion-fullwidth fullwidth-box fusion-builder-row-5 fusion-flex-container has-pattern-background has-mask-background nonhundred-percent-fullwidth non-hundred-percent-height-scrolling\" style=\"--awb-border-radius-top-left:0px;--awb-border-radius-top-right:0px;--awb-border-radius-bottom-right:0px;--awb-border-radius-bottom-left:0px;--awb-margin-top:20px;--awb-margin-bottom:40px;--awb-flex-wrap:wrap;\" ><div class=\"fusion-builder-row fusion-row fusion-flex-align-items-flex-start fusion-flex-content-wrap\" style=\"max-width:1248px;margin-left: calc(-4% \/ 2 );margin-right: calc(-4% \/ 2 );\"><div class=\"fusion-layout-column fusion_builder_column fusion-builder-column-8 fusion_builder_column_1_1 1_1 fusion-flex-column\" style=\"--awb-bg-size:cover;--awb-width-large:100%;--awb-margin-top-large:0px;--awb-spacing-right-large:1.92%;--awb-margin-bottom-large:20px;--awb-spacing-left-large:1.92%;--awb-width-medium:100%;--awb-order-medium:0;--awb-spacing-right-medium:1.92%;--awb-spacing-left-medium:1.92%;--awb-width-small:100%;--awb-order-small:0;--awb-spacing-right-small:1.92%;--awb-spacing-left-small:1.92%;\"><div class=\"fusion-column-wrapper fusion-column-has-shadow fusion-flex-justify-content-flex-start fusion-content-layout-column\"><div class=\"fusion-text fusion-text-4\"><p><b>Notre objectif est de contribuer \u00e0 l\u2019am\u00e9lioration des normes de s\u00e9curit\u00e9 dans l\u2019industrie automobile. <\/b>Les pi\u00e8ces de PreciKam sont utilis\u00e9es par la grande majorit\u00e9 des fabricants d\u2019\u00e9quipements d\u2019origine. <a href=\"https:\/\/precikam.com\/fr\/joindre\/\">Contactez-nous pour plus d\u2019information<\/a>.<\/p>\n<\/div><\/div><\/div><\/div><\/div><\/p>\n","protected":false},"excerpt":{"rendered":"","protected":false},"author":1,"featured_media":0,"parent":397,"menu_order":14,"comment_status":"closed","ping_status":"closed","template":"100-width.php","meta":{"footnotes":""},"class_list":["post-400","page","type-page","status-publish","hentry"],"_links":{"self":[{"href":"https:\/\/precikam.com\/fr\/wp-json\/wp\/v2\/pages\/400","targetHints":{"allow":["GET"]}}],"collection":[{"href":"https:\/\/precikam.com\/fr\/wp-json\/wp\/v2\/pages"}],"about":[{"href":"https:\/\/precikam.com\/fr\/wp-json\/wp\/v2\/types\/page"}],"author":[{"embeddable":true,"href":"https:\/\/precikam.com\/fr\/wp-json\/wp\/v2\/users\/1"}],"replies":[{"embeddable":true,"href":"https:\/\/precikam.com\/fr\/wp-json\/wp\/v2\/comments?post=400"}],"version-history":[{"count":15,"href":"https:\/\/precikam.com\/fr\/wp-json\/wp\/v2\/pages\/400\/revisions"}],"predecessor-version":[{"id":5389,"href":"https:\/\/precikam.com\/fr\/wp-json\/wp\/v2\/pages\/400\/revisions\/5389"}],"up":[{"embeddable":true,"href":"https:\/\/precikam.com\/fr\/wp-json\/wp\/v2\/pages\/397"}],"wp:attachment":[{"href":"https:\/\/precikam.com\/fr\/wp-json\/wp\/v2\/media?parent=400"}],"curies":[{"name":"wp","href":"https:\/\/api.w.org\/{rel}","templated":true}]}}