{"id":401,"date":"2023-04-25T13:36:59","date_gmt":"2023-04-25T13:36:59","guid":{"rendered":"https:\/\/precikam.wpengine.com\/?page_id=401"},"modified":"2026-02-11T21:28:53","modified_gmt":"2026-02-11T21:28:53","slug":"industriel-complexe","status":"publish","type":"page","link":"https:\/\/precikam.com\/fr\/expertise\/industriel-complexe\/","title":{"rendered":"Industriel complexe"},"content":{"rendered":"<p><div class=\"fusion-fullwidth fullwidth-box fusion-builder-row-1 fusion-flex-container has-pattern-background has-mask-background nonhundred-percent-fullwidth non-hundred-percent-height-scrolling\" style=\"--awb-border-radius-top-left:0px;--awb-border-radius-top-right:0px;--awb-border-radius-bottom-right:0px;--awb-border-radius-bottom-left:0px;--awb-flex-wrap:wrap;\" ><div class=\"fusion-builder-row fusion-row fusion-flex-align-items-flex-start fusion-flex-content-wrap\" style=\"max-width:1248px;margin-left: calc(-4% \/ 2 );margin-right: calc(-4% \/ 2 );\"><div class=\"fusion-layout-column fusion_builder_column fusion-builder-column-0 fusion_builder_column_1_1 1_1 fusion-flex-column\" style=\"--awb-bg-size:cover;--awb-width-large:100%;--awb-margin-top-large:0px;--awb-spacing-right-large:1.92%;--awb-margin-bottom-large:20px;--awb-spacing-left-large:1.92%;--awb-width-medium:100%;--awb-order-medium:0;--awb-spacing-right-medium:1.92%;--awb-spacing-left-medium:1.92%;--awb-width-small:100%;--awb-order-small:0;--awb-spacing-right-small:1.92%;--awb-spacing-left-small:1.92%;\"><div class=\"fusion-column-wrapper fusion-column-has-shadow fusion-flex-justify-content-flex-start fusion-content-layout-column\"><div class=\"fusion-title title fusion-title-1 fusion-sep-none fusion-title-text fusion-title-size-one\"><h1 class=\"fusion-title-heading title-heading-left\" style=\"margin:0;\">Moulage par injection plastique pour projets industriels complexes<\/h1><\/div><\/div><\/div><\/div><\/div><div class=\"fusion-fullwidth fullwidth-box fusion-builder-row-2 fusion-flex-container has-pattern-background has-mask-background nonhundred-percent-fullwidth non-hundred-percent-height-scrolling\" style=\"--awb-border-radius-top-left:0px;--awb-border-radius-top-right:0px;--awb-border-radius-bottom-right:0px;--awb-border-radius-bottom-left:0px;--awb-flex-wrap:wrap;\" ><div class=\"fusion-builder-row fusion-row fusion-flex-align-items-flex-start fusion-flex-content-wrap\" style=\"max-width:1248px;margin-left: calc(-4% \/ 2 );margin-right: calc(-4% \/ 2 );\"><div class=\"fusion-layout-column fusion_builder_column fusion-builder-column-1 fusion_builder_column_1_1 1_1 fusion-flex-column\" style=\"--awb-bg-size:cover;--awb-width-large:100%;--awb-margin-top-large:0px;--awb-spacing-right-large:1.92%;--awb-margin-bottom-large:20px;--awb-spacing-left-large:1.92%;--awb-width-medium:100%;--awb-order-medium:0;--awb-spacing-right-medium:1.92%;--awb-spacing-left-medium:1.92%;--awb-width-small:100%;--awb-order-small:0;--awb-spacing-right-small:1.92%;--awb-spacing-left-small:1.92%;\"><div class=\"fusion-column-wrapper fusion-column-has-shadow fusion-flex-justify-content-flex-start fusion-content-layout-column\"><div class=\"fusion-title title fusion-title-2 fusion-sep-none fusion-title-text fusion-title-size-two\"><h2 class=\"fusion-title-heading title-heading-left\" style=\"margin:0;\">Dispositifs utilis\u00e9s pour assurer la s\u00e9curit\u00e9 des travailleurs industriels<\/h2><\/div><div class=\"fusion-text fusion-text-1\"><p>PreciKam est une entreprise industrielle, nous comprenons donc l\u2019importance de la fiabilit\u00e9 et de la constance de la qualit\u00e9 et de la livraison. Plus important encore, nous comprenons que la s\u00e9curit\u00e9 de votre \u00e9quipe et de vos clients est la premi\u00e8re pr\u00e9occupation de toute entreprise. Gr\u00e2ce \u00e0 son <a href=\"https:\/\/precikam.com\/fr\/culture\/equipe\/\">\u00e9quipe hautement qualifi\u00e9e<\/a>, \u00e0 ses <a href=\"https:\/\/precikam.com\/fr\/expertise\/gestion-de-la-qualite\/\">syst\u00e8mes de gestion de la qualit\u00e9<\/a>, \u00e0 son exp\u00e9rience et \u00e0 son souci d\u2019assurer la s\u00e9curit\u00e9 des personnes, PreciKam est devenu un expert en mati\u00e8re de pi\u00e8ces et d\u2019assemblages industriels complexes.<\/p>\n<\/div><\/div><\/div><\/div><\/div><div class=\"fusion-fullwidth fullwidth-box fusion-builder-row-3 fusion-flex-container has-pattern-background has-mask-background nonhundred-percent-fullwidth non-hundred-percent-height-scrolling fusion-no-small-visibility fusion-no-medium-visibility\" style=\"--awb-border-radius-top-left:0px;--awb-border-radius-top-right:0px;--awb-border-radius-bottom-right:0px;--awb-border-radius-bottom-left:0px;--awb-padding-top:40px;--awb-padding-bottom:20px;--awb-background-color:#f6f7f7;--awb-flex-wrap:wrap;\" ><div class=\"fusion-builder-row fusion-row fusion-flex-align-items-flex-start fusion-flex-content-wrap\" style=\"max-width:1248px;margin-left: calc(-4% \/ 2 );margin-right: calc(-4% \/ 2 );\"><div class=\"fusion-layout-column fusion_builder_column fusion-builder-column-2 fusion_builder_column_1_2 1_2 fusion-flex-column\" style=\"--awb-padding-top:20px;--awb-bg-size:cover;--awb-width-large:50%;--awb-margin-top-large:0px;--awb-spacing-right-large:3.84%;--awb-margin-bottom-large:20px;--awb-spacing-left-large:3.84%;--awb-width-medium:50%;--awb-order-medium:0;--awb-spacing-right-medium:3.84%;--awb-spacing-left-medium:3.84%;--awb-width-small:100%;--awb-order-small:0;--awb-spacing-right-small:1.92%;--awb-spacing-left-small:1.92%;\" data-scroll-devices=\"small-visibility,medium-visibility,large-visibility\"><div class=\"fusion-column-wrapper fusion-column-has-shadow fusion-flex-justify-content-flex-start fusion-content-layout-column\"><div class=\"fusion-text fusion-text-2\"><p><strong>Quand on parle d\u2019industriel complexe, on pense aux syst\u00e8mes de communication souterrains, aux syst\u00e8mes de communication en usine, aux dispositifs de s\u00e9curit\u00e9 pour les machines, au c\u00e2blage et aux produits li\u00e9s \u00e0 l\u2019\u00e9lectricit\u00e9. <\/strong><\/p>\n<p>Nos trois certifications ISO donnent une id\u00e9e de ce que nous pouvons faire. M\u00eame si ces normes ne sont pas directement applicables \u00e0 votre secteur, nous les appliquons \u00e0 toutes nos m\u00e9thodes de production. Cela vous garantit la coh\u00e9rence et la fiabilit\u00e9 exig\u00e9es par des entreprises responsables et sophistiqu\u00e9es.<\/p>\n<\/div><\/div><\/div><div class=\"fusion-layout-column fusion_builder_column fusion-builder-column-3 fusion_builder_column_1_2 1_2 fusion-flex-column\" style=\"--awb-bg-size:cover;--awb-width-large:50%;--awb-margin-top-large:0px;--awb-spacing-right-large:3.84%;--awb-margin-bottom-large:20px;--awb-spacing-left-large:3.84%;--awb-width-medium:50%;--awb-order-medium:0;--awb-spacing-right-medium:3.84%;--awb-spacing-left-medium:3.84%;--awb-width-small:100%;--awb-order-small:0;--awb-spacing-right-small:1.92%;--awb-spacing-left-small:1.92%;\"><div class=\"fusion-column-wrapper fusion-column-has-shadow fusion-flex-justify-content-flex-start fusion-content-layout-column\"><div class=\"fusion-image-element \" style=\"--awb-caption-title-font-family:var(--h2_typography-font-family);--awb-caption-title-font-weight:var(--h2_typography-font-weight);--awb-caption-title-font-style:var(--h2_typography-font-style);--awb-caption-title-size:var(--h2_typography-font-size);--awb-caption-title-transform:var(--h2_typography-text-transform);--awb-caption-title-line-height:var(--h2_typography-line-height);--awb-caption-title-letter-spacing:var(--h2_typography-letter-spacing);\"><span class=\" fusion-imageframe imageframe-none imageframe-1 hover-type-none\"><img decoding=\"async\" width=\"758\" height=\"491\" alt=\"Devices Used to Keep Industrial Workers Safe Image\" title=\"Image Style Placeholder\" src=\"https:\/\/precikam.com\/wp-content\/uploads\/2023\/08\/Image-Style-Placeholder-1.png\" class=\"img-responsive wp-image-1280\" srcset=\"https:\/\/precikam.com\/wp-content\/uploads\/2023\/08\/Image-Style-Placeholder-1-200x130.png 200w, https:\/\/precikam.com\/wp-content\/uploads\/2023\/08\/Image-Style-Placeholder-1-400x259.png 400w, https:\/\/precikam.com\/wp-content\/uploads\/2023\/08\/Image-Style-Placeholder-1-600x389.png 600w, https:\/\/precikam.com\/wp-content\/uploads\/2023\/08\/Image-Style-Placeholder-1.png 758w\" sizes=\"(max-width: 640px) 100vw, 600px\" \/><\/span><\/div><\/div><\/div><\/div><\/div><div class=\"fusion-fullwidth fullwidth-box fusion-builder-row-4 fusion-flex-container has-pattern-background has-mask-background nonhundred-percent-fullwidth non-hundred-percent-height-scrolling fusion-no-medium-visibility fusion-no-large-visibility\" style=\"--awb-border-radius-top-left:0px;--awb-border-radius-top-right:0px;--awb-border-radius-bottom-right:0px;--awb-border-radius-bottom-left:0px;--awb-padding-top:40px;--awb-padding-bottom:20px;--awb-background-color:#f6f7f7;--awb-flex-wrap:wrap;\" ><div class=\"fusion-builder-row fusion-row fusion-flex-align-items-flex-start fusion-flex-content-wrap\" style=\"max-width:1248px;margin-left: calc(-4% \/ 2 );margin-right: calc(-4% \/ 2 );\"><div class=\"fusion-layout-column fusion_builder_column fusion-builder-column-4 fusion_builder_column_1_2 1_2 fusion-flex-column\" style=\"--awb-bg-size:cover;--awb-width-large:50%;--awb-margin-top-large:0px;--awb-spacing-right-large:3.84%;--awb-margin-bottom-large:20px;--awb-spacing-left-large:3.84%;--awb-width-medium:50%;--awb-order-medium:0;--awb-spacing-right-medium:3.84%;--awb-spacing-left-medium:3.84%;--awb-width-small:100%;--awb-order-small:0;--awb-spacing-right-small:1.92%;--awb-spacing-left-small:1.92%;\"><div class=\"fusion-column-wrapper fusion-column-has-shadow fusion-flex-justify-content-flex-start fusion-content-layout-column\"><div class=\"fusion-image-element \" style=\"--awb-caption-title-font-family:var(--h2_typography-font-family);--awb-caption-title-font-weight:var(--h2_typography-font-weight);--awb-caption-title-font-style:var(--h2_typography-font-style);--awb-caption-title-size:var(--h2_typography-font-size);--awb-caption-title-transform:var(--h2_typography-text-transform);--awb-caption-title-line-height:var(--h2_typography-line-height);--awb-caption-title-letter-spacing:var(--h2_typography-letter-spacing);\"><span class=\" fusion-imageframe imageframe-none imageframe-2 hover-type-none\"><img decoding=\"async\" width=\"758\" height=\"491\" alt=\"Devices Used to Keep Industrial Workers Safe Image\" title=\"Image Style Placeholder\" src=\"https:\/\/precikam.com\/wp-content\/uploads\/2023\/08\/Image-Style-Placeholder-1.png\" class=\"img-responsive wp-image-1280\" srcset=\"https:\/\/precikam.com\/wp-content\/uploads\/2023\/08\/Image-Style-Placeholder-1-200x130.png 200w, https:\/\/precikam.com\/wp-content\/uploads\/2023\/08\/Image-Style-Placeholder-1-400x259.png 400w, https:\/\/precikam.com\/wp-content\/uploads\/2023\/08\/Image-Style-Placeholder-1-600x389.png 600w, https:\/\/precikam.com\/wp-content\/uploads\/2023\/08\/Image-Style-Placeholder-1.png 758w\" sizes=\"(max-width: 640px) 100vw, 600px\" \/><\/span><\/div><\/div><\/div><div class=\"fusion-layout-column fusion_builder_column fusion-builder-column-5 fusion_builder_column_1_2 1_2 fusion-flex-column\" style=\"--awb-padding-top:20px;--awb-bg-size:cover;--awb-width-large:50%;--awb-margin-top-large:0px;--awb-spacing-right-large:3.84%;--awb-margin-bottom-large:20px;--awb-spacing-left-large:3.84%;--awb-width-medium:50%;--awb-order-medium:0;--awb-spacing-right-medium:3.84%;--awb-spacing-left-medium:3.84%;--awb-width-small:100%;--awb-order-small:0;--awb-spacing-right-small:1.92%;--awb-spacing-left-small:1.92%;\" data-scroll-devices=\"small-visibility,medium-visibility,large-visibility\"><div class=\"fusion-column-wrapper fusion-column-has-shadow fusion-flex-justify-content-flex-start fusion-content-layout-column\"><div class=\"fusion-text fusion-text-3\"><p><strong>Quand on parle d\u2019industriel complexe, on pense aux syst\u00e8mes de communication souterrains, aux syst\u00e8mes de communication en usine, aux dispositifs de s\u00e9curit\u00e9 pour les machines, au c\u00e2blage et aux produits li\u00e9s \u00e0 l\u2019\u00e9lectricit\u00e9. <\/strong><\/p>\n<p>Nos trois certifications ISO donnent une id\u00e9e de ce que nous pouvons faire. M\u00eame si ces normes ne sont pas directement applicables \u00e0 votre secteur, nous les appliquons \u00e0 toutes nos m\u00e9thodes de production. Cela vous garantit la coh\u00e9rence et la fiabilit\u00e9 exig\u00e9es par des entreprises responsables et sophistiqu\u00e9es.<\/p>\n<\/div><\/div><\/div><\/div><\/div><div class=\"fusion-fullwidth fullwidth-box fusion-builder-row-5 fusion-flex-container has-pattern-background has-mask-background nonhundred-percent-fullwidth non-hundred-percent-height-scrolling fusion-no-small-visibility fusion-no-large-visibility\" style=\"--awb-border-radius-top-left:0px;--awb-border-radius-top-right:0px;--awb-border-radius-bottom-right:0px;--awb-border-radius-bottom-left:0px;--awb-padding-top:40px;--awb-padding-bottom:20px;--awb-background-color:#f6f7f7;--awb-flex-wrap:wrap;\" ><div class=\"fusion-builder-row fusion-row fusion-flex-align-items-flex-start fusion-flex-content-wrap\" style=\"max-width:1248px;margin-left: calc(-4% \/ 2 );margin-right: calc(-4% \/ 2 );\"><div class=\"fusion-layout-column fusion_builder_column fusion-builder-column-6 fusion_builder_column_1_1 1_1 fusion-flex-column\" style=\"--awb-bg-size:cover;--awb-width-large:100%;--awb-margin-top-large:0px;--awb-spacing-right-large:1.92%;--awb-margin-bottom-large:20px;--awb-spacing-left-large:1.92%;--awb-width-medium:100%;--awb-order-medium:0;--awb-spacing-right-medium:1.92%;--awb-spacing-left-medium:1.92%;--awb-width-small:100%;--awb-order-small:0;--awb-spacing-right-small:1.92%;--awb-spacing-left-small:1.92%;\"><div class=\"fusion-column-wrapper fusion-column-has-shadow fusion-flex-justify-content-flex-start fusion-content-layout-column\"><div class=\"fusion-image-element \" style=\"--awb-caption-title-font-family:var(--h2_typography-font-family);--awb-caption-title-font-weight:var(--h2_typography-font-weight);--awb-caption-title-font-style:var(--h2_typography-font-style);--awb-caption-title-size:var(--h2_typography-font-size);--awb-caption-title-transform:var(--h2_typography-text-transform);--awb-caption-title-line-height:var(--h2_typography-line-height);--awb-caption-title-letter-spacing:var(--h2_typography-letter-spacing);\"><span class=\" fusion-imageframe imageframe-none imageframe-3 hover-type-none\"><img decoding=\"async\" width=\"758\" height=\"491\" alt=\"Devices Used to Keep Industrial Workers Safe Image\" title=\"Image Style Placeholder\" src=\"https:\/\/precikam.com\/wp-content\/uploads\/2023\/08\/Image-Style-Placeholder-1.png\" class=\"img-responsive wp-image-1280\" srcset=\"https:\/\/precikam.com\/wp-content\/uploads\/2023\/08\/Image-Style-Placeholder-1-200x130.png 200w, https:\/\/precikam.com\/wp-content\/uploads\/2023\/08\/Image-Style-Placeholder-1-400x259.png 400w, https:\/\/precikam.com\/wp-content\/uploads\/2023\/08\/Image-Style-Placeholder-1-600x389.png 600w, https:\/\/precikam.com\/wp-content\/uploads\/2023\/08\/Image-Style-Placeholder-1.png 758w\" sizes=\"(max-width: 640px) 100vw, 758px\" \/><\/span><\/div><\/div><\/div><div class=\"fusion-layout-column fusion_builder_column fusion-builder-column-7 fusion_builder_column_1_1 1_1 fusion-flex-column\" style=\"--awb-padding-top:20px;--awb-bg-size:cover;--awb-width-large:100%;--awb-margin-top-large:0px;--awb-spacing-right-large:1.92%;--awb-margin-bottom-large:20px;--awb-spacing-left-large:1.92%;--awb-width-medium:100%;--awb-order-medium:0;--awb-spacing-right-medium:1.92%;--awb-spacing-left-medium:1.92%;--awb-width-small:100%;--awb-order-small:0;--awb-spacing-right-small:1.92%;--awb-spacing-left-small:1.92%;\" data-scroll-devices=\"small-visibility,medium-visibility,large-visibility\"><div class=\"fusion-column-wrapper fusion-column-has-shadow fusion-flex-justify-content-flex-start fusion-content-layout-column\"><div class=\"fusion-text fusion-text-4\"><p><strong>Quand on parle d\u2019industriel complexe, on pense aux syst\u00e8mes de communication souterrains, aux syst\u00e8mes de communication en usine, aux dispositifs de s\u00e9curit\u00e9 pour les machines, au c\u00e2blage et aux produits li\u00e9s \u00e0 l\u2019\u00e9lectricit\u00e9. <\/strong><\/p>\n<p>Nos trios certifications ISO donnent une id\u00e9e de ce que nous pouvons faire. M\u00eame si ces normes ne sont pas directement applicables \u00e0 votre secteur, nous les appliquons \u00e0 toutes nos m\u00e9thodes de production. Cela vous garantit la coh\u00e9rence et la fiabilit\u00e9 exig\u00e9es par des entreprises responsables et sophistiqu\u00e9es.<\/p>\n<\/div><\/div><\/div><\/div><\/div><div class=\"fusion-fullwidth fullwidth-box fusion-builder-row-6 fusion-flex-container has-pattern-background has-mask-background nonhundred-percent-fullwidth non-hundred-percent-height-scrolling\" style=\"--awb-border-radius-top-left:0px;--awb-border-radius-top-right:0px;--awb-border-radius-bottom-right:0px;--awb-border-radius-bottom-left:0px;--awb-margin-top:20px;--awb-margin-bottom:40px;--awb-flex-wrap:wrap;\" ><div class=\"fusion-builder-row fusion-row fusion-flex-align-items-flex-start fusion-flex-content-wrap\" style=\"max-width:1248px;margin-left: calc(-4% \/ 2 );margin-right: calc(-4% \/ 2 );\"><div class=\"fusion-layout-column fusion_builder_column fusion-builder-column-8 fusion_builder_column_1_1 1_1 fusion-flex-column\" style=\"--awb-bg-size:cover;--awb-width-large:100%;--awb-margin-top-large:0px;--awb-spacing-right-large:1.92%;--awb-margin-bottom-large:20px;--awb-spacing-left-large:1.92%;--awb-width-medium:100%;--awb-order-medium:0;--awb-spacing-right-medium:1.92%;--awb-spacing-left-medium:1.92%;--awb-width-small:100%;--awb-order-small:0;--awb-spacing-right-small:1.92%;--awb-spacing-left-small:1.92%;\"><div class=\"fusion-column-wrapper fusion-column-has-shadow fusion-flex-justify-content-flex-start fusion-content-layout-column\"><div class=\"fusion-title title fusion-title-3 fusion-sep-none fusion-title-text fusion-title-size-one\"><h1 class=\"fusion-title-heading title-heading-left\" style=\"margin:0;\">Notre engagement envers vous<\/h1><\/div><ul style=\"--awb-size:18px;--awb-margin-right:0px;--awb-margin-bottom:20px;--awb-margin-left:0px;--awb-iconcolor:#00a8db;--awb-line-height:30.6px;--awb-icon-width:30.6px;--awb-icon-height:30.6px;--awb-icon-margin:12.6px;--awb-content-margin:43.2px;\" class=\"fusion-checklist fusion-checklist-1 fusion-checklist-default type-icons\"><li class=\"fusion-li-item\" style=\"\"><span class=\"icon-wrapper circle-no\"><i class=\"fusion-li-icon fa-check fas\" aria-hidden=\"true\"><\/i><\/span><div class=\"fusion-li-item-content\">\n<p><b>Expertise<\/b> \u2014 notre \u00e9quipe d\u2019ing\u00e9nieurs exp\u00e9riment\u00e9s est tr\u00e8s comp\u00e9tente et peut vous aider dans la conception et la s\u00e9lection des r\u00e9sines pour vous faciliter la vie. Plus t\u00f4t un mouleur par injection comp\u00e9tent et certifi\u00e9 est impliqu\u00e9 dans votre projet, mieux c\u2019est. PreciKam peut vous accompagner de la conception \u00e0 l\u2019exp\u00e9dition.<\/p>\n<\/div><\/li><li class=\"fusion-li-item\" style=\"\"><span class=\"icon-wrapper circle-no\"><i class=\"fusion-li-icon fa-check fas\" aria-hidden=\"true\"><\/i><\/span><div class=\"fusion-li-item-content\">\n<p><b>Production, capacit\u00e9 et fiabilit\u00e9<\/b> \u2014 notre production 24\u00a0heures sur 24 garantit les plus hauts niveaux d\u2019efficacit\u00e9 \u00e0 nos clients. Nous faisons un si bon travail que trois de nos concurrents nous ont choisis comme mouleur de secours.<\/p>\n<\/div><\/li><li class=\"fusion-li-item\" style=\"\"><span class=\"icon-wrapper circle-no\"><i class=\"fusion-li-icon fa-check fas\" aria-hidden=\"true\"><\/i><\/span><div class=\"fusion-li-item-content\">\n<p><b>Qualit\u00e9<\/b> \u2014 nos certifications de longue date signifient que notre syst\u00e8me de gestion de la qualit\u00e9 est solide, bien \u00e9tabli et efficace. Notre qualit\u00e9 d\u00e9coule de l\u2019engagement de notre \u00e9quipe et de son adh\u00e9sion \u00e0 nos valeurs fondamentales. Notre service qualit\u00e9 repr\u00e9sente 13 % de notre effectif, car nous maintenons un programme rigoureux de formation et d\u2019audit interne.<\/p>\n<\/div><\/li><li class=\"fusion-li-item\" style=\"\"><span class=\"icon-wrapper circle-no\"><i class=\"fusion-li-icon fa-check fas\" aria-hidden=\"true\"><\/i><\/span><div class=\"fusion-li-item-content\">\n<p><b>Vari\u00e9t\u00e9<\/b> \u2014 bien que nous soyons reconnus dans l&rsquo;industrie comme des experts en parois minces et g\u00e9om\u00e9tries complexes, nous fabriquons des centaines de pi\u00e8ces et assemblages pour un large \u00e9ventail d\u2019industries. En tant qu\u2019entreprise, notre mission est de fabriquer des pi\u00e8ces qui sont importantes pour la sant\u00e9 et la s\u00e9curit\u00e9 des gens.<\/p>\n<\/div><\/li><li class=\"fusion-li-item\" style=\"\"><span class=\"icon-wrapper circle-no\"><i class=\"fusion-li-icon fa-check fas\" aria-hidden=\"true\"><\/i><\/span><div class=\"fusion-li-item-content\">\n<p><b>Rentabilit\u00e9<\/b> \u2014 nous comprenons la comp\u00e9titivit\u00e9 \u00e0 laquelle est confront\u00e9e l\u2019industrie, en particulier les entreprises nord-am\u00e9ricaines et europ\u00e9ennes. Nous ne serons probablement pas la solution la moins ch\u00e8re, mais nous serons la plus rentable lorsque tous les autres facteurs seront pris en compte.<\/p>\n<\/div><\/li><li class=\"fusion-li-item\" style=\"\"><span class=\"icon-wrapper circle-no\"><i class=\"fusion-li-icon fa-check fas\" aria-hidden=\"true\"><\/i><\/span><div class=\"fusion-li-item-content\">\n<p><b>Confidentialit\u00e9<\/b> \u2014 PreciKam est certifi\u00e9 pour les <a href=\"https:\/\/www.tpsgc-pwgsc.gc.ca\/pmc-cgp\/index-fra.html\" target=\"_blank\" rel=\"noopener\">marchandises contr\u00f4l\u00e9es<\/a> et plus de 25\u00a0% de notre \u00e9quipe est enregistr\u00e9e aupr\u00e8s du PMC. Nous sommes \u00e9galement en cours de certification CMMC pour la s\u00e9curit\u00e9 des donn\u00e9es et des installations.<\/p>\n<\/div><\/li><\/ul><div ><a class=\"fusion-button button-flat button-large button-custom fusion-button-default button-1 fusion-button-default-span fusion-button-default-type\" style=\"--button_accent_color:var(--awb-color1);--button_accent_hover_color:var(--awb-color1);--button_border_hover_color:var(--awb-color1);--button_gradient_top_color:#3a52a3;--button_gradient_bottom_color:#3a52a3;--button_gradient_top_color_hover:hsla(var(--awb-color5-h),calc(var(--awb-color5-s) - 5%),calc(var(--awb-color5-l) - 10%),var(--awb-color5-a));--button_gradient_bottom_color_hover:hsla(var(--awb-color5-h),calc(var(--awb-color5-s) - 5%),calc(var(--awb-color5-l) - 10%),var(--awb-color5-a));--button_typography-font-family:&quot;Open Sans&quot;;--button_typography-font-style:normal;--button_typography-font-weight:400;\" target=\"_self\" href=\"https:\/\/precikam.com\/fr\/joindre\/\"><span class=\"fusion-button-text awb-button__text awb-button__text--default\">Contactez-nous pour plus d\u2019information<\/span><i class=\"fa-arrow-right fas awb-button__icon awb-button__icon--default button-icon-right\" aria-hidden=\"true\"><\/i><\/a><\/div><\/div><\/div><\/div><\/div><\/p>\n","protected":false},"excerpt":{"rendered":"","protected":false},"author":1,"featured_media":0,"parent":397,"menu_order":11,"comment_status":"closed","ping_status":"closed","template":"100-width.php","meta":{"footnotes":""},"class_list":["post-401","page","type-page","status-publish","hentry"],"_links":{"self":[{"href":"https:\/\/precikam.com\/fr\/wp-json\/wp\/v2\/pages\/401","targetHints":{"allow":["GET"]}}],"collection":[{"href":"https:\/\/precikam.com\/fr\/wp-json\/wp\/v2\/pages"}],"about":[{"href":"https:\/\/precikam.com\/fr\/wp-json\/wp\/v2\/types\/page"}],"author":[{"embeddable":true,"href":"https:\/\/precikam.com\/fr\/wp-json\/wp\/v2\/users\/1"}],"replies":[{"embeddable":true,"href":"https:\/\/precikam.com\/fr\/wp-json\/wp\/v2\/comments?post=401"}],"version-history":[{"count":8,"href":"https:\/\/precikam.com\/fr\/wp-json\/wp\/v2\/pages\/401\/revisions"}],"predecessor-version":[{"id":5847,"href":"https:\/\/precikam.com\/fr\/wp-json\/wp\/v2\/pages\/401\/revisions\/5847"}],"up":[{"embeddable":true,"href":"https:\/\/precikam.com\/fr\/wp-json\/wp\/v2\/pages\/397"}],"wp:attachment":[{"href":"https:\/\/precikam.com\/fr\/wp-json\/wp\/v2\/media?parent=401"}],"curies":[{"name":"wp","href":"https:\/\/api.w.org\/{rel}","templated":true}]}}