{"id":405,"date":"2023-04-25T13:35:44","date_gmt":"2023-04-25T13:35:44","guid":{"rendered":"https:\/\/precikam.wpengine.com\/?page_id=405"},"modified":"2026-02-11T22:17:01","modified_gmt":"2026-02-11T22:17:01","slug":"gestion-de-la-qualite","status":"publish","type":"page","link":"https:\/\/precikam.com\/fr\/expertise\/gestion-de-la-qualite\/","title":{"rendered":"Gestion de la qualit\u00e9"},"content":{"rendered":"<p><div class=\"fusion-fullwidth fullwidth-box fusion-builder-row-1 fusion-flex-container has-pattern-background has-mask-background nonhundred-percent-fullwidth non-hundred-percent-height-scrolling\" style=\"--awb-border-radius-top-left:0px;--awb-border-radius-top-right:0px;--awb-border-radius-bottom-right:0px;--awb-border-radius-bottom-left:0px;--awb-flex-wrap:wrap;\" ><div class=\"fusion-builder-row fusion-row fusion-flex-align-items-flex-start fusion-flex-content-wrap\" style=\"max-width:1248px;margin-left: calc(-4% \/ 2 );margin-right: calc(-4% \/ 2 );\"><div class=\"fusion-layout-column fusion_builder_column fusion-builder-column-0 fusion_builder_column_1_1 1_1 fusion-flex-column\" style=\"--awb-bg-size:cover;--awb-width-large:100%;--awb-margin-top-large:0px;--awb-spacing-right-large:1.92%;--awb-margin-bottom-large:20px;--awb-spacing-left-large:1.92%;--awb-width-medium:100%;--awb-order-medium:0;--awb-spacing-right-medium:1.92%;--awb-spacing-left-medium:1.92%;--awb-width-small:100%;--awb-order-small:0;--awb-spacing-right-small:1.92%;--awb-spacing-left-small:1.92%;\"><div class=\"fusion-column-wrapper fusion-column-has-shadow fusion-flex-justify-content-flex-start fusion-content-layout-column\"><div class=\"fusion-title title fusion-title-1 fusion-sep-none fusion-title-text fusion-title-size-one\"><h1 class=\"fusion-title-heading title-heading-left\" style=\"margin:0;\">Gestion de la qualit\u00e9<\/h1><\/div><div class=\"fusion-text fusion-text-1\"><p><span style=\"font-weight: 400;\">PreciKam d\u00e9tient trois des <\/span><a href=\"https:\/\/precikam.com\/fr\/expertise\/accreditations\/\"><span style=\"font-weight: 400;\">certifications de gestion de la qualit\u00e9<\/span><\/a><span style=\"font-weight: 400;\"> les plus exigeantes de notre industrie\u00a0: <a href=\"https:\/\/www.iso.org\/fr\/standard\/62085.html\" target=\"_blank\" rel=\"noopener\">ISO 90001:2015<\/a>, <a href=\"https:\/\/www.iso.org\/fr\/standard\/59752.html\" target=\"_blank\" rel=\"noopener\">ISO 13485:2016<\/a>, <a href=\"https:\/\/www.sae.org\/standards\/content\/as9100d\/\" target=\"_blank\" rel=\"noopener\">AS9100D<\/a>. Ces certifications garantissent que chaque processus est soumis aux normes les plus strictes et fait l\u2019objet d\u2019un suivi rigoureux. Une telle norme valide le fait que tous nos produits sont constamment fabriqu\u00e9s selon les processus de gestion de la qualit\u00e9 les plus exigeants et les plus efficaces.<\/span><\/p>\n<\/div><\/div><\/div><\/div><\/div><div class=\"fusion-fullwidth fullwidth-box fusion-builder-row-2 fusion-flex-container has-pattern-background has-mask-background nonhundred-percent-fullwidth non-hundred-percent-height-scrolling\" style=\"--awb-border-radius-top-left:0px;--awb-border-radius-top-right:0px;--awb-border-radius-bottom-right:0px;--awb-border-radius-bottom-left:0px;--awb-flex-wrap:wrap;\" ><div class=\"fusion-builder-row fusion-row fusion-flex-align-items-center fusion-flex-content-wrap\" style=\"max-width:1248px;margin-left: calc(-4% \/ 2 );margin-right: calc(-4% \/ 2 );\"><div class=\"fusion-layout-column fusion_builder_column fusion-builder-column-1 fusion_builder_column_1_1 1_1 fusion-flex-column\" style=\"--awb-bg-size:cover;--awb-width-large:100%;--awb-margin-top-large:0px;--awb-spacing-right-large:1.92%;--awb-margin-bottom-large:20px;--awb-spacing-left-large:1.92%;--awb-width-medium:100%;--awb-order-medium:0;--awb-spacing-right-medium:1.92%;--awb-spacing-left-medium:1.92%;--awb-width-small:100%;--awb-order-small:0;--awb-spacing-right-small:1.92%;--awb-spacing-left-small:1.92%;\"><div class=\"fusion-column-wrapper fusion-column-has-shadow fusion-flex-justify-content-flex-start fusion-content-layout-column\"><div class=\"fusion-title title fusion-title-2 fusion-sep-none fusion-title-text fusion-title-size-two\"><h2 class=\"fusion-title-heading title-heading-left\" style=\"margin:0;\">Les piliers de notre gestion de la qualit\u00e9<\/h2><\/div><\/div><\/div><div class=\"fusion-layout-column fusion_builder_column fusion-builder-column-2 fusion_builder_column_1_5 1_5 fusion-flex-column\" style=\"--awb-padding-top:60px;--awb-padding-bottom:60px;--awb-bg-size:cover;--awb-width-large:20%;--awb-margin-top-large:0px;--awb-spacing-right-large:9.6%;--awb-margin-bottom-large:20px;--awb-spacing-left-large:9.6%;--awb-width-medium:20%;--awb-order-medium:0;--awb-spacing-right-medium:9.6%;--awb-spacing-left-medium:9.6%;--awb-width-small:100%;--awb-order-small:0;--awb-spacing-right-small:1.92%;--awb-spacing-left-small:1.92%;\" data-scroll-devices=\"small-visibility,medium-visibility,large-visibility\"><div class=\"fusion-column-wrapper fusion-column-has-shadow fusion-flex-justify-content-flex-start fusion-content-layout-column\"><div class=\"fusion-image-element \" style=\"--awb-caption-title-font-family:var(--h2_typography-font-family);--awb-caption-title-font-weight:var(--h2_typography-font-weight);--awb-caption-title-font-style:var(--h2_typography-font-style);--awb-caption-title-size:var(--h2_typography-font-size);--awb-caption-title-transform:var(--h2_typography-text-transform);--awb-caption-title-line-height:var(--h2_typography-line-height);--awb-caption-title-letter-spacing:var(--h2_typography-letter-spacing);\"><span class=\" fusion-imageframe imageframe-none imageframe-1 hover-type-none\"><img decoding=\"async\" width=\"200\" height=\"200\" alt=\"Respect Icon\" title=\"Respect Icon\" src=\"https:\/\/precikam.com\/wp-content\/uploads\/2025\/06\/Respect-Icon.png\" class=\"img-responsive wp-image-4865\" srcset=\"https:\/\/precikam.com\/wp-content\/uploads\/2025\/06\/Respect-Icon-24x24.png 24w, https:\/\/precikam.com\/wp-content\/uploads\/2025\/06\/Respect-Icon-36x36.png 36w, https:\/\/precikam.com\/wp-content\/uploads\/2025\/06\/Respect-Icon-48x48.png 48w, https:\/\/precikam.com\/wp-content\/uploads\/2025\/06\/Respect-Icon-66x66.png 66w, https:\/\/precikam.com\/wp-content\/uploads\/2025\/06\/Respect-Icon-120x120.png 120w, https:\/\/precikam.com\/wp-content\/uploads\/2025\/06\/Respect-Icon-150x150.png 150w, https:\/\/precikam.com\/wp-content\/uploads\/2025\/06\/Respect-Icon.png 200w\" sizes=\"(max-width: 200px) 100vw, 200px\" \/><\/span><\/div><\/div><\/div><div class=\"fusion-layout-column fusion_builder_column fusion-builder-column-3 fusion_builder_column_4_5 4_5 fusion-flex-column\" style=\"--awb-bg-size:cover;--awb-width-large:80%;--awb-margin-top-large:0px;--awb-spacing-right-large:2.4%;--awb-margin-bottom-large:20px;--awb-spacing-left-large:2.4%;--awb-width-medium:80%;--awb-order-medium:0;--awb-spacing-right-medium:2.4%;--awb-spacing-left-medium:2.4%;--awb-width-small:100%;--awb-order-small:0;--awb-spacing-right-small:1.92%;--awb-spacing-left-small:1.92%;\"><div class=\"fusion-column-wrapper fusion-column-has-shadow fusion-flex-justify-content-flex-start fusion-content-layout-column\"><div class=\"fusion-text fusion-text-2 font-size-20\"><p>Notre syst\u00e8me de gestion de la qualit\u00e9 garantit que chaque d\u00e9partement de PreciKam fonctionne comme une montre suisse. De la production aux achats, des ressources humaines aux \u00e9quipes de direction, nous sommes soumis \u00e0 des contr\u00f4les internes fr\u00e9quents. Notre valeur fondamentale du <strong>RESPECT<\/strong> exige que chaque d\u00e9partement ou processus fasse l\u2019objet d\u2019un audit annuel et que les processus critiques ou \u00e0 risque fassent l\u2019objet d\u2019une v\u00e9rification plus fr\u00e9quente.<\/p>\n<\/div><\/div><\/div><div class=\"fusion-layout-column fusion_builder_column fusion-builder-column-4 fusion_builder_column_1_5 1_5 fusion-flex-column\" style=\"--awb-padding-top:60px;--awb-padding-bottom:60px;--awb-bg-size:cover;--awb-width-large:20%;--awb-margin-top-large:0px;--awb-spacing-right-large:9.6%;--awb-margin-bottom-large:20px;--awb-spacing-left-large:9.6%;--awb-width-medium:20%;--awb-order-medium:0;--awb-spacing-right-medium:9.6%;--awb-spacing-left-medium:9.6%;--awb-width-small:100%;--awb-order-small:0;--awb-spacing-right-small:1.92%;--awb-spacing-left-small:1.92%;\" data-scroll-devices=\"small-visibility,medium-visibility,large-visibility\"><div class=\"fusion-column-wrapper fusion-column-has-shadow fusion-flex-justify-content-flex-start fusion-content-layout-column\"><div class=\"fusion-image-element \" style=\"--awb-caption-title-font-family:var(--h2_typography-font-family);--awb-caption-title-font-weight:var(--h2_typography-font-weight);--awb-caption-title-font-style:var(--h2_typography-font-style);--awb-caption-title-size:var(--h2_typography-font-size);--awb-caption-title-transform:var(--h2_typography-text-transform);--awb-caption-title-line-height:var(--h2_typography-line-height);--awb-caption-title-letter-spacing:var(--h2_typography-letter-spacing);\"><span class=\" fusion-imageframe imageframe-none imageframe-2 hover-type-none\"><img decoding=\"async\" width=\"200\" height=\"200\" alt=\"Action\" title=\"Action\" src=\"https:\/\/precikam.com\/wp-content\/uploads\/2025\/06\/Action.jpg\" class=\"img-responsive wp-image-4894\" srcset=\"https:\/\/precikam.com\/wp-content\/uploads\/2025\/06\/Action-24x24.jpg 24w, https:\/\/precikam.com\/wp-content\/uploads\/2025\/06\/Action-36x36.jpg 36w, https:\/\/precikam.com\/wp-content\/uploads\/2025\/06\/Action-48x48.jpg 48w, https:\/\/precikam.com\/wp-content\/uploads\/2025\/06\/Action-66x66.jpg 66w, https:\/\/precikam.com\/wp-content\/uploads\/2025\/06\/Action-120x120.jpg 120w, https:\/\/precikam.com\/wp-content\/uploads\/2025\/06\/Action-150x150.jpg 150w, https:\/\/precikam.com\/wp-content\/uploads\/2025\/06\/Action.jpg 200w\" sizes=\"(max-width: 200px) 100vw, 200px\" \/><\/span><\/div><\/div><\/div><div class=\"fusion-layout-column fusion_builder_column fusion-builder-column-5 fusion_builder_column_4_5 4_5 fusion-flex-column\" style=\"--awb-bg-size:cover;--awb-width-large:80%;--awb-margin-top-large:0px;--awb-spacing-right-large:2.4%;--awb-margin-bottom-large:20px;--awb-spacing-left-large:2.4%;--awb-width-medium:80%;--awb-order-medium:0;--awb-spacing-right-medium:2.4%;--awb-spacing-left-medium:2.4%;--awb-width-small:100%;--awb-order-small:0;--awb-spacing-right-small:1.92%;--awb-spacing-left-small:1.92%;\"><div class=\"fusion-column-wrapper fusion-column-has-shadow fusion-flex-justify-content-flex-start fusion-content-layout-column\"><div class=\"fusion-text fusion-text-3 font-size-20\"><p>Tous les op\u00e9rateurs principaux de PreciKam sont form\u00e9s au LPA. Le LPA, \u00e9galement connu sous le nom d\u2019audit de processus en couches, est un audit structur\u00e9 et syst\u00e9matique de nos processus. Il est r\u00e9alis\u00e9 par des auditeurs form\u00e9s qui utilisent une liste de contr\u00f4le standard pour \u00e9valuer la conformit\u00e9 aux normes sp\u00e9cifi\u00e9es, souligner l\u2019importance de ces normes et identifier les domaines \u00e0 am\u00e9liorer. Tout processus d\u00e9clar\u00e9 au sein d\u2019une organisation peut \u00eatre v\u00e9rifi\u00e9 \u00e0 l\u2019aide du LPA, par exemple : l\u2019\u00e9quipement, les mat\u00e9riaux, les m\u00e9thodes, la main-d\u2019\u0153uvre ou les mesures. Ensemble, ils constituent un \u00e9l\u00e9ment essentiel du contr\u00f4le de la qualit\u00e9 et peuvent contribuer \u00e0 am\u00e9liorer la s\u00e9curit\u00e9, l\u2019efficacit\u00e9 et la productivit\u00e9. Notre valeur fondamentale <strong>ACTION<\/strong> exige que des LPA soient effectu\u00e9s fr\u00e9quemment. En effet, nous sommes tellement transparents avec nos audits que m\u00eame notre pr\u00e9sident a accept\u00e9 de partager le sien\u2009! <a href=\"https:\/\/precikam.com\/wp-content\/uploads\/2023\/11\/Jacks-LPA-audit.pdf\" target=\"_blank\" rel=\"noopener\">Voir l\u2019audit de Jack<\/a>.<\/p>\n<\/div><\/div><\/div><div class=\"fusion-layout-column fusion_builder_column fusion-builder-column-6 fusion_builder_column_1_5 1_5 fusion-flex-column\" style=\"--awb-padding-top:60px;--awb-padding-bottom:60px;--awb-bg-size:cover;--awb-width-large:20%;--awb-margin-top-large:0px;--awb-spacing-right-large:9.6%;--awb-margin-bottom-large:20px;--awb-spacing-left-large:9.6%;--awb-width-medium:20%;--awb-order-medium:0;--awb-spacing-right-medium:9.6%;--awb-spacing-left-medium:9.6%;--awb-width-small:100%;--awb-order-small:0;--awb-spacing-right-small:1.92%;--awb-spacing-left-small:1.92%;\" data-scroll-devices=\"small-visibility,medium-visibility,large-visibility\"><div class=\"fusion-column-wrapper fusion-column-has-shadow fusion-flex-justify-content-flex-start fusion-content-layout-column\"><div class=\"fusion-image-element \" style=\"--awb-caption-title-font-family:var(--h2_typography-font-family);--awb-caption-title-font-weight:var(--h2_typography-font-weight);--awb-caption-title-font-style:var(--h2_typography-font-style);--awb-caption-title-size:var(--h2_typography-font-size);--awb-caption-title-transform:var(--h2_typography-text-transform);--awb-caption-title-line-height:var(--h2_typography-line-height);--awb-caption-title-letter-spacing:var(--h2_typography-letter-spacing);\"><span class=\" fusion-imageframe imageframe-none imageframe-3 hover-type-none\"><img decoding=\"async\" width=\"220\" height=\"200\" alt=\"Precision\" title=\"Precision\" src=\"https:\/\/precikam.com\/wp-content\/uploads\/2025\/06\/Precision.png\" class=\"img-responsive wp-image-4892\" srcset=\"https:\/\/precikam.com\/wp-content\/uploads\/2025\/06\/Precision-200x182.png 200w, https:\/\/precikam.com\/wp-content\/uploads\/2025\/06\/Precision.png 220w\" sizes=\"(max-width: 640px) 100vw, 200px\" \/><\/span><\/div><\/div><\/div><div class=\"fusion-layout-column fusion_builder_column fusion-builder-column-7 fusion_builder_column_4_5 4_5 fusion-flex-column\" style=\"--awb-bg-size:cover;--awb-width-large:80%;--awb-margin-top-large:0px;--awb-spacing-right-large:2.4%;--awb-margin-bottom-large:20px;--awb-spacing-left-large:2.4%;--awb-width-medium:80%;--awb-order-medium:0;--awb-spacing-right-medium:2.4%;--awb-spacing-left-medium:2.4%;--awb-width-small:100%;--awb-order-small:0;--awb-spacing-right-small:1.92%;--awb-spacing-left-small:1.92%;\"><div class=\"fusion-column-wrapper fusion-column-has-shadow fusion-flex-justify-content-flex-start fusion-content-layout-column\"><div class=\"fusion-text fusion-text-4 font-size-20\"><p>Nous prenons la qualit\u00e9 tellement au s\u00e9rieux que, bien que 100 % de l\u2019\u00e9quipe se consacre \u00e0 la qualit\u00e9, 12 % d\u2019entre eux travaillent uniquement dans ce d\u00e9partement. Il s\u2019agit d\u2019une proportion nettement plus \u00e9lev\u00e9e que celle de la plupart des autres fabricants. Bien que l\u2019investissement dans la qualit\u00e9 soit substantiel, PreciKam comprend l\u2019importance de la pr\u00e9cision. Sans une gestion sup\u00e9rieure de la qualit\u00e9, la <b>PR\u00c9CISION <\/b>ne serait pas l\u2019une de nos valeurs fondamentales.<\/p>\n<\/div><\/div><\/div><div class=\"fusion-layout-column fusion_builder_column fusion-builder-column-8 fusion_builder_column_1_5 1_5 fusion-flex-column\" style=\"--awb-padding-top:60px;--awb-padding-bottom:60px;--awb-bg-size:cover;--awb-width-large:20%;--awb-margin-top-large:0px;--awb-spacing-right-large:9.6%;--awb-margin-bottom-large:20px;--awb-spacing-left-large:9.6%;--awb-width-medium:20%;--awb-order-medium:0;--awb-spacing-right-medium:9.6%;--awb-spacing-left-medium:9.6%;--awb-width-small:100%;--awb-order-small:0;--awb-spacing-right-small:1.92%;--awb-spacing-left-small:1.92%;\" data-scroll-devices=\"small-visibility,medium-visibility,large-visibility\"><div class=\"fusion-column-wrapper fusion-column-has-shadow fusion-flex-justify-content-flex-start fusion-content-layout-column\"><div class=\"fusion-image-element \" style=\"--awb-caption-title-font-family:var(--h2_typography-font-family);--awb-caption-title-font-weight:var(--h2_typography-font-weight);--awb-caption-title-font-style:var(--h2_typography-font-style);--awb-caption-title-size:var(--h2_typography-font-size);--awb-caption-title-transform:var(--h2_typography-text-transform);--awb-caption-title-line-height:var(--h2_typography-line-height);--awb-caption-title-letter-spacing:var(--h2_typography-letter-spacing);\"><span class=\" fusion-imageframe imageframe-none imageframe-4 hover-type-none\"><img decoding=\"async\" width=\"269\" height=\"200\" title=\"significant\" src=\"https:\/\/precikam.com\/wp-content\/uploads\/2025\/06\/significant.png\" alt class=\"img-responsive wp-image-4890\" srcset=\"https:\/\/precikam.com\/wp-content\/uploads\/2025\/06\/significant-200x149.png 200w, https:\/\/precikam.com\/wp-content\/uploads\/2025\/06\/significant.png 269w\" sizes=\"(max-width: 640px) 100vw, 200px\" \/><\/span><\/div><\/div><\/div><div class=\"fusion-layout-column fusion_builder_column fusion-builder-column-9 fusion_builder_column_4_5 4_5 fusion-flex-column\" style=\"--awb-bg-size:cover;--awb-width-large:80%;--awb-margin-top-large:0px;--awb-spacing-right-large:2.4%;--awb-margin-bottom-large:20px;--awb-spacing-left-large:2.4%;--awb-width-medium:80%;--awb-order-medium:0;--awb-spacing-right-medium:2.4%;--awb-spacing-left-medium:2.4%;--awb-width-small:100%;--awb-order-small:0;--awb-spacing-right-small:1.92%;--awb-spacing-left-small:1.92%;\"><div class=\"fusion-column-wrapper fusion-column-has-shadow fusion-flex-justify-content-flex-start fusion-content-layout-column\"><div class=\"fusion-text fusion-text-5 font-size-20\"><p>Notre valeur fondamentale, <b>SIGNIFICATIF<\/b>, signifie que l\u2019enjeu est de taille. Par cons\u00e9quent, la gestion des risques et les meilleures pratiques ne sont pas optionnelles.<\/p>\n<\/div><\/div><\/div><\/div><\/div><\/p>\n","protected":false},"excerpt":{"rendered":"","protected":false},"author":1,"featured_media":0,"parent":397,"menu_order":7,"comment_status":"closed","ping_status":"closed","template":"","meta":{"footnotes":""},"class_list":["post-405","page","type-page","status-publish","hentry"],"_links":{"self":[{"href":"https:\/\/precikam.com\/fr\/wp-json\/wp\/v2\/pages\/405","targetHints":{"allow":["GET"]}}],"collection":[{"href":"https:\/\/precikam.com\/fr\/wp-json\/wp\/v2\/pages"}],"about":[{"href":"https:\/\/precikam.com\/fr\/wp-json\/wp\/v2\/types\/page"}],"author":[{"embeddable":true,"href":"https:\/\/precikam.com\/fr\/wp-json\/wp\/v2\/users\/1"}],"replies":[{"embeddable":true,"href":"https:\/\/precikam.com\/fr\/wp-json\/wp\/v2\/comments?post=405"}],"version-history":[{"count":14,"href":"https:\/\/precikam.com\/fr\/wp-json\/wp\/v2\/pages\/405\/revisions"}],"predecessor-version":[{"id":5869,"href":"https:\/\/precikam.com\/fr\/wp-json\/wp\/v2\/pages\/405\/revisions\/5869"}],"up":[{"embeddable":true,"href":"https:\/\/precikam.com\/fr\/wp-json\/wp\/v2\/pages\/397"}],"wp:attachment":[{"href":"https:\/\/precikam.com\/fr\/wp-json\/wp\/v2\/media?parent=405"}],"curies":[{"name":"wp","href":"https:\/\/api.w.org\/{rel}","templated":true}]}}