{"id":414,"date":"2023-04-25T13:34:30","date_gmt":"2023-04-25T13:34:30","guid":{"rendered":"https:\/\/precikam.wpengine.com\/?page_id=414"},"modified":"2024-05-15T17:43:16","modified_gmt":"2024-05-15T17:43:16","slug":"centre-apprentissage","status":"publish","type":"page","link":"https:\/\/precikam.com\/fr\/a-propos\/centre-apprentissage\/","title":{"rendered":"Centre d\u2019apprentissage"},"content":{"rendered":"<p><div class=\"fusion-fullwidth fullwidth-box fusion-builder-row-1 fusion-flex-container has-pattern-background has-mask-background nonhundred-percent-fullwidth non-hundred-percent-height-scrolling\" style=\"--awb-border-radius-top-left:0px;--awb-border-radius-top-right:0px;--awb-border-radius-bottom-right:0px;--awb-border-radius-bottom-left:0px;--awb-flex-wrap:wrap;\" ><div class=\"fusion-builder-row fusion-row fusion-flex-align-items-flex-start fusion-flex-content-wrap\" style=\"max-width:1248px;margin-left: calc(-4% \/ 2 );margin-right: calc(-4% \/ 2 );\"><div class=\"fusion-layout-column fusion_builder_column fusion-builder-column-0 fusion_builder_column_1_1 1_1 fusion-flex-column\" style=\"--awb-bg-size:cover;--awb-width-large:100%;--awb-margin-top-large:0px;--awb-spacing-right-large:1.92%;--awb-margin-bottom-large:20px;--awb-spacing-left-large:1.92%;--awb-width-medium:100%;--awb-order-medium:0;--awb-spacing-right-medium:1.92%;--awb-spacing-left-medium:1.92%;--awb-width-small:100%;--awb-order-small:0;--awb-spacing-right-small:1.92%;--awb-spacing-left-small:1.92%;\"><div class=\"fusion-column-wrapper fusion-column-has-shadow fusion-flex-justify-content-flex-start fusion-content-layout-column\"><div class=\"fusion-title title fusion-title-1 fusion-sep-none fusion-title-text fusion-title-size-one\"><h1 class=\"fusion-title-heading title-heading-left\" style=\"margin:0;\">Centre d\u2019apprentissage de PreciKam<\/h1><\/div><\/div><\/div><\/div><\/div><div class=\"fusion-fullwidth fullwidth-box fusion-builder-row-2 fusion-flex-container has-pattern-background has-mask-background nonhundred-percent-fullwidth non-hundred-percent-height-scrolling fusion-no-small-visibility fusion-no-medium-visibility\" style=\"--awb-border-radius-top-left:0px;--awb-border-radius-top-right:0px;--awb-border-radius-bottom-right:0px;--awb-border-radius-bottom-left:0px;--awb-padding-top:20px;--awb-padding-bottom:20px;--awb-margin-bottom:20px;--awb-flex-wrap:wrap;\" ><div class=\"fusion-builder-row fusion-row fusion-flex-align-items-center fusion-flex-content-wrap\" style=\"max-width:1248px;margin-left: calc(-4% \/ 2 );margin-right: calc(-4% \/ 2 );\"><div class=\"fusion-layout-column fusion_builder_column fusion-builder-column-1 fusion_builder_column_1_2 1_2 fusion-flex-column\" style=\"--awb-bg-size:cover;--awb-width-large:50%;--awb-margin-top-large:0px;--awb-spacing-right-large:3.84%;--awb-margin-bottom-large:20px;--awb-spacing-left-large:3.84%;--awb-width-medium:50%;--awb-order-medium:0;--awb-spacing-right-medium:3.84%;--awb-spacing-left-medium:3.84%;--awb-width-small:100%;--awb-order-small:0;--awb-spacing-right-small:1.92%;--awb-spacing-left-small:1.92%;\"><div class=\"fusion-column-wrapper fusion-column-has-shadow fusion-flex-justify-content-flex-start fusion-content-layout-column\"><div class=\"fusion-text fusion-text-1\"><p>L\u2019excellence en mati\u00e8re de qualit\u00e9 a sa place chez PreciKam, et cette place, c\u2019est le Centre d\u2019apprentissage Claude Eloy, un endroit o\u00f9 se d\u00e9roule toute la formation. Avec toutes les certifications dont PreciKam a besoin pour rester \u00e0 jour, un lieu physique d\u00e9di\u00e9 \u00e0 l\u2019am\u00e9lioration continue est devenu essentiel.<\/p>\n<p>Cet espace de formation peut s\u2019adapter \u00e0 diff\u00e9rents types de formation et de styles d\u2019apprentissage. La formation est offerte en anglais, fran\u00e7ais et hindi. D\u2019autres langues sont ajout\u00e9es au besoin.<\/p>\n<p>Divers sujets sont abord\u00e9s, notamment la sant\u00e9 et la s\u00e9curit\u00e9, la qualit\u00e9, la documentation et la formation pratique. Le programme d\u2019int\u00e9gration de PreciKam est \u00e9galement g\u00e9r\u00e9 \u00e0 partir d\u2019ici.<\/p>\n<\/div><\/div><\/div><div class=\"fusion-layout-column fusion_builder_column fusion-builder-column-2 fusion_builder_column_1_2 1_2 fusion-flex-column\" style=\"--awb-bg-size:cover;--awb-width-large:50%;--awb-margin-top-large:0px;--awb-spacing-right-large:3.84%;--awb-margin-bottom-large:20px;--awb-spacing-left-large:3.84%;--awb-width-medium:50%;--awb-order-medium:0;--awb-spacing-right-medium:3.84%;--awb-spacing-left-medium:3.84%;--awb-width-small:100%;--awb-order-small:0;--awb-spacing-right-small:1.92%;--awb-spacing-left-small:1.92%;\"><div class=\"fusion-column-wrapper fusion-column-has-shadow fusion-flex-justify-content-flex-start fusion-content-layout-column\"><div class=\"fusion-image-element \" style=\"text-align:center;--awb-caption-title-font-family:var(--h2_typography-font-family);--awb-caption-title-font-weight:var(--h2_typography-font-weight);--awb-caption-title-font-style:var(--h2_typography-font-style);--awb-caption-title-size:var(--h2_typography-font-size);--awb-caption-title-transform:var(--h2_typography-text-transform);--awb-caption-title-line-height:var(--h2_typography-line-height);--awb-caption-title-letter-spacing:var(--h2_typography-letter-spacing);\"><span class=\" fusion-imageframe imageframe-none imageframe-1 hover-type-none\"><img decoding=\"async\" width=\"2560\" height=\"1707\" alt=\"Knowledge Center\" title=\"Photo-16-13411\" src=\"https:\/\/precikam.com\/wp-content\/uploads\/2023\/09\/Photo-16-13411-scaled.jpg\" class=\"img-responsive wp-image-1336\" srcset=\"https:\/\/precikam.com\/wp-content\/uploads\/2023\/09\/Photo-16-13411-200x133.jpg 200w, https:\/\/precikam.com\/wp-content\/uploads\/2023\/09\/Photo-16-13411-400x267.jpg 400w, https:\/\/precikam.com\/wp-content\/uploads\/2023\/09\/Photo-16-13411-600x400.jpg 600w, https:\/\/precikam.com\/wp-content\/uploads\/2023\/09\/Photo-16-13411-800x533.jpg 800w, https:\/\/precikam.com\/wp-content\/uploads\/2023\/09\/Photo-16-13411-1200x800.jpg 1200w, https:\/\/precikam.com\/wp-content\/uploads\/2023\/09\/Photo-16-13411-scaled.jpg 2560w\" sizes=\"(max-width: 640px) 100vw, 600px\" \/><\/span><\/div><\/div><\/div><\/div><\/div><div class=\"fusion-fullwidth fullwidth-box fusion-builder-row-3 fusion-flex-container has-pattern-background has-mask-background nonhundred-percent-fullwidth non-hundred-percent-height-scrolling fusion-no-medium-visibility fusion-no-large-visibility\" style=\"--awb-border-radius-top-left:0px;--awb-border-radius-top-right:0px;--awb-border-radius-bottom-right:0px;--awb-border-radius-bottom-left:0px;--awb-padding-top:20px;--awb-padding-bottom:20px;--awb-margin-bottom:20px;--awb-flex-wrap:wrap;\" ><div class=\"fusion-builder-row fusion-row fusion-flex-align-items-center fusion-flex-content-wrap\" style=\"max-width:1248px;margin-left: calc(-4% \/ 2 );margin-right: calc(-4% \/ 2 );\"><div class=\"fusion-layout-column fusion_builder_column fusion-builder-column-3 fusion_builder_column_1_2 1_2 fusion-flex-column\" style=\"--awb-bg-size:cover;--awb-width-large:50%;--awb-margin-top-large:0px;--awb-spacing-right-large:3.84%;--awb-margin-bottom-large:20px;--awb-spacing-left-large:3.84%;--awb-width-medium:50%;--awb-order-medium:0;--awb-spacing-right-medium:3.84%;--awb-spacing-left-medium:3.84%;--awb-width-small:100%;--awb-order-small:0;--awb-spacing-right-small:1.92%;--awb-spacing-left-small:1.92%;\"><div class=\"fusion-column-wrapper fusion-column-has-shadow fusion-flex-justify-content-flex-start fusion-content-layout-column\"><div class=\"fusion-image-element \" style=\"text-align:center;--awb-caption-title-font-family:var(--h2_typography-font-family);--awb-caption-title-font-weight:var(--h2_typography-font-weight);--awb-caption-title-font-style:var(--h2_typography-font-style);--awb-caption-title-size:var(--h2_typography-font-size);--awb-caption-title-transform:var(--h2_typography-text-transform);--awb-caption-title-line-height:var(--h2_typography-line-height);--awb-caption-title-letter-spacing:var(--h2_typography-letter-spacing);\"><span class=\" fusion-imageframe imageframe-none imageframe-2 hover-type-none\"><img decoding=\"async\" width=\"2560\" height=\"1707\" alt=\"Knowledge Center\" title=\"Photo-16-13411\" src=\"https:\/\/precikam.com\/wp-content\/uploads\/2023\/09\/Photo-16-13411-scaled.jpg\" class=\"img-responsive wp-image-1336\" srcset=\"https:\/\/precikam.com\/wp-content\/uploads\/2023\/09\/Photo-16-13411-200x133.jpg 200w, https:\/\/precikam.com\/wp-content\/uploads\/2023\/09\/Photo-16-13411-400x267.jpg 400w, https:\/\/precikam.com\/wp-content\/uploads\/2023\/09\/Photo-16-13411-600x400.jpg 600w, https:\/\/precikam.com\/wp-content\/uploads\/2023\/09\/Photo-16-13411-800x533.jpg 800w, https:\/\/precikam.com\/wp-content\/uploads\/2023\/09\/Photo-16-13411-1200x800.jpg 1200w, https:\/\/precikam.com\/wp-content\/uploads\/2023\/09\/Photo-16-13411-scaled.jpg 2560w\" sizes=\"(max-width: 640px) 100vw, 600px\" \/><\/span><\/div><\/div><\/div><div class=\"fusion-layout-column fusion_builder_column fusion-builder-column-4 fusion_builder_column_1_2 1_2 fusion-flex-column\" style=\"--awb-bg-size:cover;--awb-width-large:50%;--awb-margin-top-large:0px;--awb-spacing-right-large:3.84%;--awb-margin-bottom-large:20px;--awb-spacing-left-large:3.84%;--awb-width-medium:50%;--awb-order-medium:0;--awb-spacing-right-medium:3.84%;--awb-spacing-left-medium:3.84%;--awb-width-small:100%;--awb-order-small:0;--awb-spacing-right-small:1.92%;--awb-spacing-left-small:1.92%;\"><div class=\"fusion-column-wrapper fusion-column-has-shadow fusion-flex-justify-content-flex-start fusion-content-layout-column\"><div class=\"fusion-text fusion-text-2\"><p>L\u2019excellence en mati\u00e8re de qualit\u00e9 a sa place chez PreciKam, et cette place, c\u2019est le Centre d\u2019apprentissage Claude Eloy, un endroit o\u00f9 se d\u00e9roule toute la formation. Avec toutes les certifications dont PreciKam a besoin pour rester \u00e0 jour, un lieu physique d\u00e9di\u00e9 \u00e0 l\u2019am\u00e9lioration continue est devenu essentiel.<\/p>\n<p>Cet espace de formation peut s\u2019adapter \u00e0 diff\u00e9rents types de formation et de styles d\u2019apprentissage. La formation est offerte en anglais, fran\u00e7ais et hindi. D\u2019autres langues sont ajout\u00e9es au besoin.<\/p>\n<p>Divers sujets sont abord\u00e9s, notamment la sant\u00e9 et la s\u00e9curit\u00e9, la qualit\u00e9, la documentation et la formation pratique. Le programme d\u2019int\u00e9gration de PreciKam est \u00e9galement g\u00e9r\u00e9 \u00e0 partir d\u2019ici.<\/p>\n<\/div><\/div><\/div><\/div><\/div><div class=\"fusion-fullwidth fullwidth-box fusion-builder-row-4 fusion-flex-container has-pattern-background has-mask-background nonhundred-percent-fullwidth non-hundred-percent-height-scrolling fusion-no-small-visibility fusion-no-large-visibility\" style=\"--awb-border-radius-top-left:0px;--awb-border-radius-top-right:0px;--awb-border-radius-bottom-right:0px;--awb-border-radius-bottom-left:0px;--awb-padding-top:20px;--awb-padding-bottom:20px;--awb-margin-bottom:20px;--awb-flex-wrap:wrap;\" ><div class=\"fusion-builder-row fusion-row fusion-flex-align-items-center fusion-flex-content-wrap\" style=\"max-width:1248px;margin-left: calc(-4% \/ 2 );margin-right: calc(-4% \/ 2 );\"><div class=\"fusion-layout-column fusion_builder_column fusion-builder-column-5 fusion_builder_column_1_1 1_1 fusion-flex-column\" style=\"--awb-bg-size:cover;--awb-width-large:100%;--awb-margin-top-large:0px;--awb-spacing-right-large:1.92%;--awb-margin-bottom-large:20px;--awb-spacing-left-large:1.92%;--awb-width-medium:100%;--awb-order-medium:0;--awb-spacing-right-medium:1.92%;--awb-spacing-left-medium:1.92%;--awb-width-small:100%;--awb-order-small:0;--awb-spacing-right-small:1.92%;--awb-spacing-left-small:1.92%;\"><div class=\"fusion-column-wrapper fusion-column-has-shadow fusion-flex-justify-content-flex-start fusion-content-layout-column\"><div class=\"fusion-image-element \" style=\"text-align:center;--awb-caption-title-font-family:var(--h2_typography-font-family);--awb-caption-title-font-weight:var(--h2_typography-font-weight);--awb-caption-title-font-style:var(--h2_typography-font-style);--awb-caption-title-size:var(--h2_typography-font-size);--awb-caption-title-transform:var(--h2_typography-text-transform);--awb-caption-title-line-height:var(--h2_typography-line-height);--awb-caption-title-letter-spacing:var(--h2_typography-letter-spacing);\"><span class=\" fusion-imageframe imageframe-none imageframe-3 hover-type-none\"><img decoding=\"async\" width=\"2560\" height=\"1707\" alt=\"Knowledge Center\" title=\"Photo-16-13411\" src=\"https:\/\/precikam.com\/wp-content\/uploads\/2023\/09\/Photo-16-13411-scaled.jpg\" class=\"img-responsive wp-image-1336\" srcset=\"https:\/\/precikam.com\/wp-content\/uploads\/2023\/09\/Photo-16-13411-200x133.jpg 200w, https:\/\/precikam.com\/wp-content\/uploads\/2023\/09\/Photo-16-13411-400x267.jpg 400w, https:\/\/precikam.com\/wp-content\/uploads\/2023\/09\/Photo-16-13411-600x400.jpg 600w, https:\/\/precikam.com\/wp-content\/uploads\/2023\/09\/Photo-16-13411-800x533.jpg 800w, https:\/\/precikam.com\/wp-content\/uploads\/2023\/09\/Photo-16-13411-1200x800.jpg 1200w, https:\/\/precikam.com\/wp-content\/uploads\/2023\/09\/Photo-16-13411-scaled.jpg 2560w\" sizes=\"(max-width: 640px) 100vw, 1200px\" \/><\/span><\/div><\/div><\/div><div class=\"fusion-layout-column fusion_builder_column fusion-builder-column-6 fusion_builder_column_1_1 1_1 fusion-flex-column\" style=\"--awb-bg-size:cover;--awb-width-large:100%;--awb-margin-top-large:0px;--awb-spacing-right-large:1.92%;--awb-margin-bottom-large:20px;--awb-spacing-left-large:1.92%;--awb-width-medium:100%;--awb-order-medium:0;--awb-spacing-right-medium:1.92%;--awb-spacing-left-medium:1.92%;--awb-width-small:100%;--awb-order-small:0;--awb-spacing-right-small:1.92%;--awb-spacing-left-small:1.92%;\"><div class=\"fusion-column-wrapper fusion-column-has-shadow fusion-flex-justify-content-flex-start fusion-content-layout-column\"><div class=\"fusion-text fusion-text-3\"><p>L\u2019excellence en mati\u00e8re de qualit\u00e9 a sa place chez PreciKam, et cette place, c\u2019est le Centre d\u2019apprentissage Claude Eloy, un endroit o\u00f9 se d\u00e9roule toute la formation. Avec toutes les certifications dont PreciKam a besoin pour rester \u00e0 jour, un lieu physique d\u00e9di\u00e9 \u00e0 l\u2019am\u00e9lioration continue est devenu essentiel.<\/p>\n<p>Cet espace de formation peut s\u2019adapter \u00e0 diff\u00e9rents types de formation et de styles d\u2019apprentissage. La formation est offerte en anglais, fran\u00e7ais et hindi. D\u2019autres langues sont ajout\u00e9es au besoin.<\/p>\n<p>Divers sujets sont abord\u00e9s, notamment la sant\u00e9 et la s\u00e9curit\u00e9, la qualit\u00e9, la documentation et la formation pratique. Le programme d\u2019int\u00e9gration de PreciKam est \u00e9galement g\u00e9r\u00e9 \u00e0 partir d\u2019ici.<\/p>\n<\/div><\/div><\/div><\/div><\/div><div class=\"fusion-fullwidth fullwidth-box fusion-builder-row-5 fusion-flex-container has-pattern-background has-mask-background nonhundred-percent-fullwidth non-hundred-percent-height-scrolling\" style=\"--awb-border-radius-top-left:0px;--awb-border-radius-top-right:0px;--awb-border-radius-bottom-right:0px;--awb-border-radius-bottom-left:0px;--awb-flex-wrap:wrap;\" ><div class=\"fusion-builder-row fusion-row fusion-flex-align-items-flex-start fusion-flex-content-wrap\" style=\"max-width:1248px;margin-left: calc(-4% \/ 2 );margin-right: calc(-4% \/ 2 );\"><div class=\"fusion-layout-column fusion_builder_column fusion-builder-column-7 fusion_builder_column_1_1 1_1 fusion-flex-column\" style=\"--awb-bg-size:cover;--awb-width-large:100%;--awb-margin-top-large:0px;--awb-spacing-right-large:1.92%;--awb-margin-bottom-large:20px;--awb-spacing-left-large:1.92%;--awb-width-medium:100%;--awb-order-medium:0;--awb-spacing-right-medium:1.92%;--awb-spacing-left-medium:1.92%;--awb-width-small:100%;--awb-order-small:0;--awb-spacing-right-small:1.92%;--awb-spacing-left-small:1.92%;\"><div class=\"fusion-column-wrapper fusion-column-has-shadow fusion-flex-justify-content-flex-start fusion-content-layout-column\"><div class=\"fusion-title title fusion-title-2 fusion-sep-none fusion-title-text fusion-title-size-four\"><h4 class=\"fusion-title-heading title-heading-left\" style=\"margin:0;\"><b>3.4 % de tous les co\u00fbts de main-d\u2019\u0153uvre de PreciKam sont consacr\u00e9s \u00e0 la formation\u2009!<\/b><\/h4><\/div><\/div><\/div><\/div><\/div><div class=\"fusion-fullwidth fullwidth-box fusion-builder-row-6 fusion-flex-container has-pattern-background has-mask-background nonhundred-percent-fullwidth non-hundred-percent-height-scrolling fusion-no-medium-visibility\" style=\"--awb-border-radius-top-left:0px;--awb-border-radius-top-right:0px;--awb-border-radius-bottom-right:0px;--awb-border-radius-bottom-left:0px;--awb-padding-top:20px;--awb-padding-bottom:20px;--awb-margin-top:20px;--awb-margin-bottom:20px;--awb-flex-wrap:wrap;\" ><div class=\"fusion-builder-row fusion-row fusion-flex-align-items-center fusion-flex-content-wrap\" style=\"max-width:1248px;margin-left: calc(-4% \/ 2 );margin-right: calc(-4% \/ 2 );\"><div class=\"fusion-layout-column fusion_builder_column fusion-builder-column-8 fusion_builder_column_1_2 1_2 fusion-flex-column\" style=\"--awb-bg-size:cover;--awb-width-large:50%;--awb-margin-top-large:0px;--awb-spacing-right-large:3.84%;--awb-margin-bottom-large:20px;--awb-spacing-left-large:3.84%;--awb-width-medium:50%;--awb-order-medium:0;--awb-spacing-right-medium:3.84%;--awb-spacing-left-medium:3.84%;--awb-width-small:100%;--awb-order-small:0;--awb-spacing-right-small:1.92%;--awb-spacing-left-small:1.92%;\"><div class=\"fusion-column-wrapper fusion-column-has-shadow fusion-flex-justify-content-flex-start fusion-content-layout-column\"><div class=\"fusion-image-element \" style=\"text-align:center;--awb-caption-title-font-family:var(--h2_typography-font-family);--awb-caption-title-font-weight:var(--h2_typography-font-weight);--awb-caption-title-font-style:var(--h2_typography-font-style);--awb-caption-title-size:var(--h2_typography-font-size);--awb-caption-title-transform:var(--h2_typography-text-transform);--awb-caption-title-line-height:var(--h2_typography-line-height);--awb-caption-title-letter-spacing:var(--h2_typography-letter-spacing);\"><span class=\" fusion-imageframe imageframe-none imageframe-4 hover-type-none\"><img decoding=\"async\" width=\"513\" height=\"650\" alt=\"Claude Eloy Image\" title=\"Claude Eloy\" src=\"https:\/\/precikam.com\/wp-content\/uploads\/2023\/09\/Claude-Eloy.jpg\" class=\"img-responsive wp-image-1315\" srcset=\"https:\/\/precikam.com\/wp-content\/uploads\/2023\/09\/Claude-Eloy-200x253.jpg 200w, https:\/\/precikam.com\/wp-content\/uploads\/2023\/09\/Claude-Eloy-400x507.jpg 400w, https:\/\/precikam.com\/wp-content\/uploads\/2023\/09\/Claude-Eloy.jpg 513w\" sizes=\"(max-width: 640px) 100vw, 513px\" \/><\/span><\/div><\/div><\/div><div class=\"fusion-layout-column fusion_builder_column fusion-builder-column-9 fusion_builder_column_1_2 1_2 fusion-flex-column\" style=\"--awb-bg-size:cover;--awb-width-large:50%;--awb-margin-top-large:0px;--awb-spacing-right-large:3.84%;--awb-margin-bottom-large:20px;--awb-spacing-left-large:3.84%;--awb-width-medium:50%;--awb-order-medium:0;--awb-spacing-right-medium:3.84%;--awb-spacing-left-medium:3.84%;--awb-width-small:100%;--awb-order-small:0;--awb-spacing-right-small:1.92%;--awb-spacing-left-small:1.92%;\"><div class=\"fusion-column-wrapper fusion-column-has-shadow fusion-flex-justify-content-flex-start fusion-content-layout-column\"><div class=\"fusion-title title fusion-title-3 fusion-sep-none fusion-title-text fusion-title-size-two\"><h2 class=\"fusion-title-heading title-heading-left\" style=\"margin:0;\">En l\u2019honneur de Claude<\/h2><\/div><div class=\"fusion-text fusion-text-4\"><p>Personne n\u2019a incarn\u00e9 le d\u00e9vouement au transfert de connaissances comme notre propre Claude Eloy. En tant que responsable de la sant\u00e9, de la s\u00e9curit\u00e9 et de la formation chez PreciKam, Claude mettait toujours la formation, la sant\u00e9 et la s\u00e9curit\u00e9 au premier plan. Claude a travaill\u00e9 dans l\u2019industrie des plastiques pendant plus de 35\u00a0ans, et nous \u00e9tions fiers de l\u2019avoir comme membre de l\u2019\u00e9quipe. Claude a maintenu la s\u00e9curit\u00e9 chez PreciKam pendant la pand\u00e9mie de Covid-19 et a \u00e9t\u00e9 une source importante de solutions aux d\u00e9fis techniques \u00e9pineux. Il \u00e9tait aussi la source de la plupart des calembours lanc\u00e9s chez PreciKam. Ce fut un choc profond et une perte pour la famille PreciKam, et encore plus pour sa femme et ses deux fils (auxquels il \u00e9tait profond\u00e9ment d\u00e9vou\u00e9 et f\u00e9rocement fier) quand il est d\u00e9c\u00e9d\u00e9 soudainement avec des patins aux pieds et un b\u00e2ton de hockey \u00e0 la main.<\/p>\n<p>Notre centre d\u2019apprentissage est l\u2019h\u00e9ritage de la connaissance profonde de Claude et de sa volont\u00e9 de partager cette connaissance avec tous ses pairs.<\/p>\n<p><b><i>Puisse-t-il toujours superviser nos sessions de formation.<\/i><\/b><\/p>\n<\/div><\/div><\/div><\/div><\/div><div class=\"fusion-fullwidth fullwidth-box fusion-builder-row-7 fusion-flex-container has-pattern-background has-mask-background nonhundred-percent-fullwidth non-hundred-percent-height-scrolling fusion-no-small-visibility fusion-no-large-visibility\" style=\"--awb-border-radius-top-left:0px;--awb-border-radius-top-right:0px;--awb-border-radius-bottom-right:0px;--awb-border-radius-bottom-left:0px;--awb-padding-top:20px;--awb-padding-bottom:20px;--awb-margin-top:20px;--awb-margin-bottom:20px;--awb-flex-wrap:wrap;\" ><div class=\"fusion-builder-row fusion-row fusion-flex-align-items-center fusion-flex-content-wrap\" style=\"max-width:1248px;margin-left: calc(-4% \/ 2 );margin-right: calc(-4% \/ 2 );\"><div class=\"fusion-layout-column fusion_builder_column fusion-builder-column-10 fusion_builder_column_1_1 1_1 fusion-flex-column\" style=\"--awb-bg-size:cover;--awb-width-large:100%;--awb-margin-top-large:0px;--awb-spacing-right-large:1.92%;--awb-margin-bottom-large:20px;--awb-spacing-left-large:1.92%;--awb-width-medium:100%;--awb-order-medium:0;--awb-spacing-right-medium:1.92%;--awb-spacing-left-medium:1.92%;--awb-width-small:100%;--awb-order-small:0;--awb-spacing-right-small:1.92%;--awb-spacing-left-small:1.92%;\"><div class=\"fusion-column-wrapper fusion-column-has-shadow fusion-flex-justify-content-flex-start fusion-content-layout-column\"><div class=\"fusion-image-element \" style=\"text-align:center;--awb-caption-title-font-family:var(--h2_typography-font-family);--awb-caption-title-font-weight:var(--h2_typography-font-weight);--awb-caption-title-font-style:var(--h2_typography-font-style);--awb-caption-title-size:var(--h2_typography-font-size);--awb-caption-title-transform:var(--h2_typography-text-transform);--awb-caption-title-line-height:var(--h2_typography-line-height);--awb-caption-title-letter-spacing:var(--h2_typography-letter-spacing);\"><span class=\" fusion-imageframe imageframe-none imageframe-5 hover-type-none\"><img decoding=\"async\" width=\"513\" height=\"650\" alt=\"Claude Eloy Image\" title=\"Claude Eloy\" src=\"https:\/\/precikam.com\/wp-content\/uploads\/2023\/09\/Claude-Eloy.jpg\" class=\"img-responsive wp-image-1315\" srcset=\"https:\/\/precikam.com\/wp-content\/uploads\/2023\/09\/Claude-Eloy-200x253.jpg 200w, https:\/\/precikam.com\/wp-content\/uploads\/2023\/09\/Claude-Eloy-400x507.jpg 400w, https:\/\/precikam.com\/wp-content\/uploads\/2023\/09\/Claude-Eloy.jpg 513w\" sizes=\"(max-width: 640px) 100vw, 513px\" \/><\/span><\/div><\/div><\/div><div class=\"fusion-layout-column fusion_builder_column fusion-builder-column-11 fusion_builder_column_1_1 1_1 fusion-flex-column\" style=\"--awb-bg-size:cover;--awb-width-large:100%;--awb-margin-top-large:0px;--awb-spacing-right-large:1.92%;--awb-margin-bottom-large:20px;--awb-spacing-left-large:1.92%;--awb-width-medium:100%;--awb-order-medium:0;--awb-spacing-right-medium:1.92%;--awb-spacing-left-medium:1.92%;--awb-width-small:100%;--awb-order-small:0;--awb-spacing-right-small:1.92%;--awb-spacing-left-small:1.92%;\"><div class=\"fusion-column-wrapper fusion-column-has-shadow fusion-flex-justify-content-flex-start fusion-content-layout-column\"><div class=\"fusion-title title fusion-title-4 fusion-sep-none fusion-title-text fusion-title-size-two\"><h2 class=\"fusion-title-heading title-heading-left\" style=\"margin:0;\">En l\u2019honneur de Claude<\/h2><\/div><div class=\"fusion-text fusion-text-5\"><p>Personne n\u2019a incarn\u00e9 le d\u00e9vouement au transfert de connaissances comme notre propre Claude Eloy. En tant que responsable de la sant\u00e9, de la s\u00e9curit\u00e9 et de la formation chez PreciKam, Claude mettait toujours la formation, la sant\u00e9 et la s\u00e9curit\u00e9 au premier plan. Claude a travaill\u00e9 dans l\u2019industrie des plastiques pendant plus de 35\u00a0ans, et nous \u00e9tions fiers de l\u2019avoir comme membre de l\u2019\u00e9quipe. Claude a maintenu la s\u00e9curit\u00e9 chez PreciKam pendant la pand\u00e9mie de Covid-19 et a \u00e9t\u00e9 une source importante de solutions aux d\u00e9fis techniques \u00e9pineux. Il \u00e9tait aussi la source de la plupart des calembours lanc\u00e9s chez PreciKam. Ce fut un choc profond et une perte pour la famille PreciKam, et encore plus pour sa femme et ses deux fils (auxquels il \u00e9tait profond\u00e9ment d\u00e9vou\u00e9 et f\u00e9rocement fier) quand il est d\u00e9c\u00e9d\u00e9 soudainement avec des patins aux pieds et un b\u00e2ton de hockey \u00e0 la main.<\/p>\n<p>Notre centre d\u2019apprentissage est l\u2019h\u00e9ritage de la connaissance profonde de Claude et de sa volont\u00e9 de partager cette connaissance avec tous ses pairs.<\/p>\n<p><b><i>Puisse-t-il toujours superviser nos sessions de formation.<\/i><\/b><\/p>\n<\/div><\/div><\/div><\/div><\/div><\/p>\n","protected":false},"excerpt":{"rendered":"","protected":false},"author":1,"featured_media":0,"parent":413,"menu_order":19,"comment_status":"closed","ping_status":"closed","template":"100-width.php","meta":{"footnotes":""},"class_list":["post-414","page","type-page","status-publish","hentry"],"_links":{"self":[{"href":"https:\/\/precikam.com\/fr\/wp-json\/wp\/v2\/pages\/414","targetHints":{"allow":["GET"]}}],"collection":[{"href":"https:\/\/precikam.com\/fr\/wp-json\/wp\/v2\/pages"}],"about":[{"href":"https:\/\/precikam.com\/fr\/wp-json\/wp\/v2\/types\/page"}],"author":[{"embeddable":true,"href":"https:\/\/precikam.com\/fr\/wp-json\/wp\/v2\/users\/1"}],"replies":[{"embeddable":true,"href":"https:\/\/precikam.com\/fr\/wp-json\/wp\/v2\/comments?post=414"}],"version-history":[{"count":2,"href":"https:\/\/precikam.com\/fr\/wp-json\/wp\/v2\/pages\/414\/revisions"}],"predecessor-version":[{"id":3662,"href":"https:\/\/precikam.com\/fr\/wp-json\/wp\/v2\/pages\/414\/revisions\/3662"}],"up":[{"embeddable":true,"href":"https:\/\/precikam.com\/fr\/wp-json\/wp\/v2\/pages\/413"}],"wp:attachment":[{"href":"https:\/\/precikam.com\/fr\/wp-json\/wp\/v2\/media?parent=414"}],"curies":[{"name":"wp","href":"https:\/\/api.w.org\/{rel}","templated":true}]}}