{"id":420,"date":"2023-04-25T13:33:04","date_gmt":"2023-04-25T13:33:04","guid":{"rendered":"https:\/\/precikam.wpengine.com\/?page_id=420"},"modified":"2025-07-01T13:43:57","modified_gmt":"2025-07-01T13:43:57","slug":"fournisseurs","status":"publish","type":"page","link":"https:\/\/precikam.com\/fr\/joindre\/fournisseurs\/","title":{"rendered":"Fournisseurs"},"content":{"rendered":"<p><div class=\"fusion-fullwidth fullwidth-box fusion-builder-row-1 fusion-flex-container has-pattern-background has-mask-background nonhundred-percent-fullwidth non-hundred-percent-height-scrolling\" style=\"--awb-border-radius-top-left:0px;--awb-border-radius-top-right:0px;--awb-border-radius-bottom-right:0px;--awb-border-radius-bottom-left:0px;--awb-flex-wrap:wrap;\" ><div class=\"fusion-builder-row fusion-row fusion-flex-align-items-flex-start fusion-flex-content-wrap\" style=\"max-width:1248px;margin-left: calc(-4% \/ 2 );margin-right: calc(-4% \/ 2 );\"><div class=\"fusion-layout-column fusion_builder_column fusion-builder-column-0 fusion_builder_column_1_1 1_1 fusion-flex-column\" style=\"--awb-bg-size:cover;--awb-width-large:100%;--awb-margin-top-large:0px;--awb-spacing-right-large:1.92%;--awb-margin-bottom-large:20px;--awb-spacing-left-large:1.92%;--awb-width-medium:100%;--awb-order-medium:0;--awb-spacing-right-medium:1.92%;--awb-spacing-left-medium:1.92%;--awb-width-small:100%;--awb-order-small:0;--awb-spacing-right-small:1.92%;--awb-spacing-left-small:1.92%;\"><div class=\"fusion-column-wrapper fusion-column-has-shadow fusion-flex-justify-content-flex-start fusion-content-layout-column\"><div class=\"fusion-title title fusion-title-1 fusion-sep-none fusion-title-text fusion-title-size-one\"><h1 class=\"fusion-title-heading title-heading-left\" style=\"margin:0;\">Fournisseurs<\/h1><\/div><\/div><\/div><\/div><\/div><div class=\"fusion-fullwidth fullwidth-box fusion-builder-row-2 fusion-flex-container has-pattern-background has-mask-background nonhundred-percent-fullwidth non-hundred-percent-height-scrolling fusion-no-small-visibility\" style=\"--awb-border-radius-top-left:0px;--awb-border-radius-top-right:0px;--awb-border-radius-bottom-right:0px;--awb-border-radius-bottom-left:0px;--awb-margin-bottom:40px;--awb-background-color:#f6f7f7;--awb-flex-wrap:wrap;\" ><div class=\"fusion-builder-row fusion-row fusion-flex-align-items-center fusion-flex-content-wrap\" style=\"max-width:1248px;margin-left: calc(-4% \/ 2 );margin-right: calc(-4% \/ 2 );\"><div class=\"fusion-layout-column fusion_builder_column fusion-builder-column-1 fusion_builder_column_1_2 1_2 fusion-flex-column\" style=\"--awb-bg-size:cover;--awb-width-large:50%;--awb-margin-top-large:0px;--awb-spacing-right-large:3.84%;--awb-margin-bottom-large:20px;--awb-spacing-left-large:3.84%;--awb-width-medium:50%;--awb-order-medium:0;--awb-spacing-right-medium:3.84%;--awb-spacing-left-medium:3.84%;--awb-width-small:100%;--awb-order-small:0;--awb-spacing-right-small:1.92%;--awb-spacing-left-small:1.92%;\"><div class=\"fusion-column-wrapper fusion-column-has-shadow fusion-flex-justify-content-flex-start fusion-content-layout-column\"><div class=\"fusion-text fusion-text-1\"><p><strong>Pour les fournisseurs, S.V.P. vous r\u00e9f\u00e9rer aux documents ci-dessous.<\/strong><\/p>\n<\/div><div class=\"fusion-builder-row fusion-builder-row-inner fusion-row fusion-flex-align-items-center fusion-flex-content-wrap\" style=\"width:104% !important;max-width:104% !important;margin-left: calc(-4% \/ 2 );margin-right: calc(-4% \/ 2 );\"><div class=\"fusion-layout-column fusion_builder_column_inner fusion-builder-nested-column-0 fusion-flex-column fusion-flex-align-self-flex-start\" style=\"--awb-bg-size:cover;--awb-width-large:8.5%;--awb-margin-top-large:-8px;--awb-spacing-right-large:22.588235294118%;--awb-margin-bottom-large:20px;--awb-spacing-left-large:22.588235294118%;--awb-width-medium:8.5%;--awb-order-medium:0;--awb-spacing-right-medium:22.588235294118%;--awb-spacing-left-medium:22.588235294118%;--awb-width-small:16.666666666667%;--awb-order-small:0;--awb-spacing-right-small:11.52%;--awb-spacing-left-small:11.52%;\" data-scroll-devices=\"small-visibility,medium-visibility,large-visibility\"><div class=\"fusion-column-wrapper fusion-column-has-shadow fusion-flex-justify-content-flex-start fusion-content-layout-column\"><a class=\"fb-icon-element-1 fb-icon-element fontawesome-icon fa-file-pdf fas circle-yes fusion-text-flow fusion-link\" style=\"--awb-iconcolor:#3a52a3;--awb-circlecolor:rgba(255,255,255,0);--awb-circlebordercolor:rgba(255,255,255,0);--awb-circlebordersize:0px;--awb-font-size:21.12px;--awb-width:42.24px;--awb-height:42.24px;--awb-line-height:42.24px;--awb-margin-right:12px;\" href=\"https:\/\/precikam.com\/wp-content\/uploads\/2023\/05\/PS002-Procurement-Specifications-Painted-Plated-and-Pad-Printed-Parts.pdf\" target=\"_blank\" aria-label=\"Link to https:\/\/precikam.com\/wp-content\/uploads\/2023\/05\/PS002-Procurement-Specifications-Painted-Plated-and-Pad-Printed-Parts.pdf\" rel=\"noopener noreferrer\"><\/a><\/div><\/div><div class=\"fusion-layout-column fusion_builder_column_inner fusion-builder-nested-column-1 fusion_builder_column_inner_5_6 5_6 fusion-flex-column\" style=\"--awb-bg-size:cover;--awb-width-large:83.333333333333%;--awb-margin-top-large:0px;--awb-spacing-right-large:2.304%;--awb-margin-bottom-large:20px;--awb-spacing-left-large:2.304%;--awb-width-medium:83.333333333333%;--awb-order-medium:0;--awb-spacing-right-medium:2.304%;--awb-spacing-left-medium:2.304%;--awb-width-small:80%;--awb-order-small:0;--awb-spacing-right-small:2.4%;--awb-spacing-left-small:2.4%;\" data-scroll-devices=\"small-visibility,medium-visibility,large-visibility\"><div class=\"fusion-column-wrapper fusion-column-has-shadow fusion-flex-justify-content-center fusion-content-layout-column\"><div class=\"fusion-text fusion-text-2\"><p><a href=\"https:\/\/precikam.com\/wp-content\/uploads\/2024\/01\/PS002-Procurement-Specifications-Painted-Plated-and-Pad-Printed-Parts.pdf\" target=\"_blank\" rel=\"noopener\">Sp\u00e9cification des achats &#8211; Pi\u00e8ces imprim\u00e9es<\/a><\/p>\n<\/div><\/div><\/div><\/div><div class=\"fusion-builder-row fusion-builder-row-inner fusion-row fusion-flex-align-items-center fusion-flex-content-wrap\" style=\"width:104% !important;max-width:104% !important;margin-left: calc(-4% \/ 2 );margin-right: calc(-4% \/ 2 );\"><div class=\"fusion-layout-column fusion_builder_column_inner fusion-builder-nested-column-2 fusion-flex-column fusion-flex-align-self-flex-start\" style=\"--awb-bg-size:cover;--awb-width-large:8.5%;--awb-margin-top-large:-8px;--awb-spacing-right-large:22.588235294118%;--awb-margin-bottom-large:20px;--awb-spacing-left-large:22.588235294118%;--awb-width-medium:8.5%;--awb-order-medium:0;--awb-spacing-right-medium:22.588235294118%;--awb-spacing-left-medium:22.588235294118%;--awb-width-small:16.666666666667%;--awb-order-small:0;--awb-spacing-right-small:11.52%;--awb-spacing-left-small:11.52%;\" data-scroll-devices=\"small-visibility,medium-visibility,large-visibility\"><div class=\"fusion-column-wrapper fusion-column-has-shadow fusion-flex-justify-content-flex-start fusion-content-layout-column\"><a class=\"fb-icon-element-2 fb-icon-element fontawesome-icon fa-file-pdf fas circle-yes fusion-text-flow fusion-link\" style=\"--awb-iconcolor:#3a52a3;--awb-circlecolor:rgba(255,255,255,0);--awb-circlebordercolor:rgba(255,255,255,0);--awb-circlebordersize:0px;--awb-font-size:21.12px;--awb-width:42.24px;--awb-height:42.24px;--awb-line-height:42.24px;--awb-margin-right:12px;\" href=\"https:\/\/precikam.com\/wp-content\/uploads\/2023\/05\/PS004-Procurement-Specification-Resin-and-Colorant-rev-5-1.pdf\" target=\"_blank\" aria-label=\"Link to https:\/\/precikam.com\/wp-content\/uploads\/2023\/05\/PS004-Procurement-Specification-Resin-and-Colorant-rev-5-1.pdf\" rel=\"noopener noreferrer\"><\/a><\/div><\/div><div class=\"fusion-layout-column fusion_builder_column_inner fusion-builder-nested-column-3 fusion_builder_column_inner_5_6 5_6 fusion-flex-column\" style=\"--awb-bg-size:cover;--awb-width-large:83.333333333333%;--awb-margin-top-large:0px;--awb-spacing-right-large:2.304%;--awb-margin-bottom-large:20px;--awb-spacing-left-large:2.304%;--awb-width-medium:83.333333333333%;--awb-order-medium:0;--awb-spacing-right-medium:2.304%;--awb-spacing-left-medium:2.304%;--awb-width-small:83.333333333333%;--awb-order-small:0;--awb-spacing-right-small:2.304%;--awb-spacing-left-small:2.304%;\" data-scroll-devices=\"small-visibility,medium-visibility,large-visibility\"><div class=\"fusion-column-wrapper fusion-column-has-shadow fusion-flex-justify-content-center fusion-content-layout-column\"><div class=\"fusion-text fusion-text-3\"><p><a href=\"https:\/\/precikam.com\/wp-content\/uploads\/2024\/01\/PS004-Procurement-Specifications-Resin-and-Colorant.pdf\" target=\"_blank\" rel=\"noopener\">Sp\u00e9cification des achats &#8211; R\u00e9sines et colorants<\/a><\/p>\n<\/div><\/div><\/div><\/div><\/div><\/div><div class=\"fusion-layout-column fusion_builder_column fusion-builder-column-2 fusion_builder_column_1_2 1_2 fusion-flex-column fusion-flex-align-self-center\" style=\"--awb-bg-size:cover;--awb-width-large:50%;--awb-margin-top-large:0px;--awb-spacing-right-large:3.84%;--awb-margin-bottom-large:20px;--awb-spacing-left-large:3.84%;--awb-width-medium:50%;--awb-order-medium:0;--awb-spacing-right-medium:3.84%;--awb-spacing-left-medium:3.84%;--awb-width-small:100%;--awb-order-small:0;--awb-spacing-right-small:1.92%;--awb-spacing-left-small:1.92%;\" data-scroll-devices=\"small-visibility,medium-visibility,large-visibility\"><div class=\"fusion-column-wrapper fusion-column-has-shadow fusion-flex-justify-content-flex-start fusion-content-layout-column\"><div class=\"fusion-image-element \" style=\"text-align:right;--awb-caption-title-font-family:var(--h2_typography-font-family);--awb-caption-title-font-weight:var(--h2_typography-font-weight);--awb-caption-title-font-style:var(--h2_typography-font-style);--awb-caption-title-size:var(--h2_typography-font-size);--awb-caption-title-transform:var(--h2_typography-text-transform);--awb-caption-title-line-height:var(--h2_typography-line-height);--awb-caption-title-letter-spacing:var(--h2_typography-letter-spacing);\"><span class=\" fusion-imageframe imageframe-none imageframe-1 hover-type-none\"><img decoding=\"async\" width=\"758\" height=\"491\" alt=\"Suppliers Image\" title=\"Image Style Placeholder (7)\" src=\"https:\/\/precikam.com\/wp-content\/uploads\/2023\/09\/Image-Style-Placeholder-7.png\" class=\"img-responsive wp-image-1306\" srcset=\"https:\/\/precikam.com\/wp-content\/uploads\/2023\/09\/Image-Style-Placeholder-7-200x130.png 200w, https:\/\/precikam.com\/wp-content\/uploads\/2023\/09\/Image-Style-Placeholder-7-400x259.png 400w, https:\/\/precikam.com\/wp-content\/uploads\/2023\/09\/Image-Style-Placeholder-7-600x389.png 600w, https:\/\/precikam.com\/wp-content\/uploads\/2023\/09\/Image-Style-Placeholder-7.png 758w\" sizes=\"(max-width: 640px) 100vw, 600px\" \/><\/span><\/div><\/div><\/div><\/div><\/div><div class=\"fusion-fullwidth fullwidth-box fusion-builder-row-3 fusion-flex-container has-pattern-background has-mask-background nonhundred-percent-fullwidth non-hundred-percent-height-scrolling fusion-no-medium-visibility fusion-no-large-visibility\" style=\"--awb-border-radius-top-left:0px;--awb-border-radius-top-right:0px;--awb-border-radius-bottom-right:0px;--awb-border-radius-bottom-left:0px;--awb-margin-bottom:40px;--awb-background-color:#f6f7f7;--awb-flex-wrap:wrap;\" ><div class=\"fusion-builder-row fusion-row fusion-flex-align-items-center fusion-flex-content-wrap\" style=\"max-width:1248px;margin-left: calc(-4% \/ 2 );margin-right: calc(-4% \/ 2 );\"><div class=\"fusion-layout-column fusion_builder_column fusion-builder-column-3 fusion_builder_column_1_2 1_2 fusion-flex-column fusion-flex-align-self-center\" style=\"--awb-bg-size:cover;--awb-width-large:50%;--awb-margin-top-large:0px;--awb-spacing-right-large:3.84%;--awb-margin-bottom-large:20px;--awb-spacing-left-large:3.84%;--awb-width-medium:50%;--awb-order-medium:0;--awb-spacing-right-medium:3.84%;--awb-spacing-left-medium:3.84%;--awb-width-small:100%;--awb-order-small:0;--awb-spacing-right-small:1.92%;--awb-spacing-left-small:1.92%;\" data-scroll-devices=\"small-visibility,medium-visibility,large-visibility\"><div class=\"fusion-column-wrapper fusion-column-has-shadow fusion-flex-justify-content-flex-start fusion-content-layout-column\"><div class=\"fusion-image-element \" style=\"text-align:right;--awb-caption-title-font-family:var(--h2_typography-font-family);--awb-caption-title-font-weight:var(--h2_typography-font-weight);--awb-caption-title-font-style:var(--h2_typography-font-style);--awb-caption-title-size:var(--h2_typography-font-size);--awb-caption-title-transform:var(--h2_typography-text-transform);--awb-caption-title-line-height:var(--h2_typography-line-height);--awb-caption-title-letter-spacing:var(--h2_typography-letter-spacing);\"><span class=\" fusion-imageframe imageframe-none imageframe-2 hover-type-none\"><img decoding=\"async\" width=\"758\" height=\"491\" alt=\"Suppliers Image\" title=\"Image Style Placeholder (7)\" src=\"https:\/\/precikam.com\/wp-content\/uploads\/2023\/09\/Image-Style-Placeholder-7.png\" class=\"img-responsive wp-image-1306\" srcset=\"https:\/\/precikam.com\/wp-content\/uploads\/2023\/09\/Image-Style-Placeholder-7-200x130.png 200w, https:\/\/precikam.com\/wp-content\/uploads\/2023\/09\/Image-Style-Placeholder-7-400x259.png 400w, https:\/\/precikam.com\/wp-content\/uploads\/2023\/09\/Image-Style-Placeholder-7-600x389.png 600w, https:\/\/precikam.com\/wp-content\/uploads\/2023\/09\/Image-Style-Placeholder-7.png 758w\" sizes=\"(max-width: 640px) 100vw, 600px\" \/><\/span><\/div><\/div><\/div><div class=\"fusion-layout-column fusion_builder_column fusion-builder-column-4 fusion_builder_column_1_2 1_2 fusion-flex-column\" style=\"--awb-bg-size:cover;--awb-width-large:50%;--awb-margin-top-large:0px;--awb-spacing-right-large:3.84%;--awb-margin-bottom-large:20px;--awb-spacing-left-large:3.84%;--awb-width-medium:50%;--awb-order-medium:0;--awb-spacing-right-medium:3.84%;--awb-spacing-left-medium:3.84%;--awb-width-small:100%;--awb-order-small:0;--awb-spacing-right-small:1.92%;--awb-spacing-left-small:1.92%;\"><div class=\"fusion-column-wrapper fusion-column-has-shadow fusion-flex-justify-content-flex-start fusion-content-layout-column\"><div class=\"fusion-text fusion-text-4\"><p><strong>Pour les fournisseurs, S.V.P. vous r\u00e9f\u00e9rer aux documents ci-dessous.<\/strong><\/p>\n<\/div><div class=\"fusion-builder-row fusion-builder-row-inner fusion-row fusion-flex-align-items-center fusion-flex-content-wrap\" style=\"width:104% !important;max-width:104% !important;margin-left: calc(-4% \/ 2 );margin-right: calc(-4% \/ 2 );\"><div class=\"fusion-layout-column fusion_builder_column_inner fusion-builder-nested-column-4 fusion-flex-column fusion-flex-align-self-flex-start\" style=\"--awb-bg-size:cover;--awb-width-large:8.5%;--awb-margin-top-large:-8px;--awb-spacing-right-large:22.588235294118%;--awb-margin-bottom-large:20px;--awb-spacing-left-large:22.588235294118%;--awb-width-medium:8.5%;--awb-order-medium:0;--awb-spacing-right-medium:22.588235294118%;--awb-spacing-left-medium:22.588235294118%;--awb-width-small:16.666666666667%;--awb-order-small:0;--awb-spacing-right-small:11.52%;--awb-spacing-left-small:11.52%;\" data-scroll-devices=\"small-visibility,medium-visibility,large-visibility\"><div class=\"fusion-column-wrapper fusion-column-has-shadow fusion-flex-justify-content-flex-start fusion-content-layout-column\"><a class=\"fb-icon-element-3 fb-icon-element fontawesome-icon fa-file-pdf fas circle-yes fusion-text-flow fusion-link\" style=\"--awb-iconcolor:#3a52a3;--awb-circlecolor:rgba(255,255,255,0);--awb-circlebordercolor:rgba(255,255,255,0);--awb-circlebordersize:0px;--awb-font-size:21.12px;--awb-width:42.24px;--awb-height:42.24px;--awb-line-height:42.24px;--awb-margin-right:12px;\" href=\"https:\/\/precikam.com\/wp-content\/uploads\/2023\/05\/PS002-Procurement-Specifications-Painted-Plated-and-Pad-Printed-Parts.pdf\" target=\"_blank\" aria-label=\"Link to https:\/\/precikam.com\/wp-content\/uploads\/2023\/05\/PS002-Procurement-Specifications-Painted-Plated-and-Pad-Printed-Parts.pdf\" rel=\"noopener noreferrer\"><\/a><\/div><\/div><div class=\"fusion-layout-column fusion_builder_column_inner fusion-builder-nested-column-5 fusion_builder_column_inner_5_6 5_6 fusion-flex-column\" style=\"--awb-bg-size:cover;--awb-width-large:83.333333333333%;--awb-margin-top-large:0px;--awb-spacing-right-large:2.304%;--awb-margin-bottom-large:20px;--awb-spacing-left-large:2.304%;--awb-width-medium:83.333333333333%;--awb-order-medium:0;--awb-spacing-right-medium:2.304%;--awb-spacing-left-medium:2.304%;--awb-width-small:80%;--awb-order-small:0;--awb-spacing-right-small:2.4%;--awb-spacing-left-small:2.4%;\" data-scroll-devices=\"small-visibility,medium-visibility,large-visibility\"><div class=\"fusion-column-wrapper fusion-column-has-shadow fusion-flex-justify-content-center fusion-content-layout-column\"><div class=\"fusion-text fusion-text-5\"><p><a href=\"https:\/\/precikam.com\/wp-content\/uploads\/2024\/01\/PS002-Procurement-Specifications-Painted-Plated-and-Pad-Printed-Parts.pdf\" target=\"_blank\" rel=\"noopener\">Sp\u00e9cification des achats &#8211; Pi\u00e8ces imprim\u00e9es<\/a><\/p>\n<\/div><\/div><\/div><\/div><div class=\"fusion-builder-row fusion-builder-row-inner fusion-row fusion-flex-align-items-center fusion-flex-content-wrap\" style=\"width:104% !important;max-width:104% !important;margin-left: calc(-4% \/ 2 );margin-right: calc(-4% \/ 2 );\"><div class=\"fusion-layout-column fusion_builder_column_inner fusion-builder-nested-column-6 fusion-flex-column fusion-flex-align-self-flex-start\" style=\"--awb-bg-size:cover;--awb-width-large:8.5%;--awb-margin-top-large:-8px;--awb-spacing-right-large:22.588235294118%;--awb-margin-bottom-large:20px;--awb-spacing-left-large:22.588235294118%;--awb-width-medium:8.5%;--awb-order-medium:0;--awb-spacing-right-medium:22.588235294118%;--awb-spacing-left-medium:22.588235294118%;--awb-width-small:16.666666666667%;--awb-order-small:0;--awb-spacing-right-small:11.52%;--awb-spacing-left-small:11.52%;\" data-scroll-devices=\"small-visibility,medium-visibility,large-visibility\"><div class=\"fusion-column-wrapper fusion-column-has-shadow fusion-flex-justify-content-flex-start fusion-content-layout-column\"><a class=\"fb-icon-element-4 fb-icon-element fontawesome-icon fa-file-pdf fas circle-yes fusion-text-flow fusion-link\" style=\"--awb-iconcolor:#3a52a3;--awb-circlecolor:rgba(255,255,255,0);--awb-circlebordercolor:rgba(255,255,255,0);--awb-circlebordersize:0px;--awb-font-size:21.12px;--awb-width:42.24px;--awb-height:42.24px;--awb-line-height:42.24px;--awb-margin-right:12px;\" href=\"https:\/\/precikam.com\/wp-content\/uploads\/2023\/05\/PS004-Procurement-Specification-Resin-and-Colorant-rev-5-1.pdf\" target=\"_blank\" aria-label=\"Link to https:\/\/precikam.com\/wp-content\/uploads\/2023\/05\/PS004-Procurement-Specification-Resin-and-Colorant-rev-5-1.pdf\" rel=\"noopener noreferrer\"><\/a><\/div><\/div><div class=\"fusion-layout-column fusion_builder_column_inner fusion-builder-nested-column-7 fusion_builder_column_inner_5_6 5_6 fusion-flex-column\" style=\"--awb-bg-size:cover;--awb-width-large:83.333333333333%;--awb-margin-top-large:0px;--awb-spacing-right-large:2.304%;--awb-margin-bottom-large:20px;--awb-spacing-left-large:2.304%;--awb-width-medium:83.333333333333%;--awb-order-medium:0;--awb-spacing-right-medium:2.304%;--awb-spacing-left-medium:2.304%;--awb-width-small:83.333333333333%;--awb-order-small:0;--awb-spacing-right-small:2.304%;--awb-spacing-left-small:2.304%;\" data-scroll-devices=\"small-visibility,medium-visibility,large-visibility\"><div class=\"fusion-column-wrapper fusion-column-has-shadow fusion-flex-justify-content-center fusion-content-layout-column\"><div class=\"fusion-text fusion-text-6\"><p><a href=\"https:\/\/precikam.com\/wp-content\/uploads\/2024\/01\/PS004-Procurement-Specifications-Resin-and-Colorant.pdf\" target=\"_blank\" rel=\"noopener\">Sp\u00e9cification des achats &#8211; R\u00e9sines et colorants<\/a><\/p>\n<\/div><\/div><\/div><\/div><\/div><\/div><\/div><\/div><\/p>\n","protected":false},"excerpt":{"rendered":"","protected":false},"author":1,"featured_media":0,"parent":419,"menu_order":22,"comment_status":"closed","ping_status":"closed","template":"100-width.php","meta":{"footnotes":""},"class_list":["post-420","page","type-page","status-publish","hentry"],"_links":{"self":[{"href":"https:\/\/precikam.com\/fr\/wp-json\/wp\/v2\/pages\/420","targetHints":{"allow":["GET"]}}],"collection":[{"href":"https:\/\/precikam.com\/fr\/wp-json\/wp\/v2\/pages"}],"about":[{"href":"https:\/\/precikam.com\/fr\/wp-json\/wp\/v2\/types\/page"}],"author":[{"embeddable":true,"href":"https:\/\/precikam.com\/fr\/wp-json\/wp\/v2\/users\/1"}],"replies":[{"embeddable":true,"href":"https:\/\/precikam.com\/fr\/wp-json\/wp\/v2\/comments?post=420"}],"version-history":[{"count":4,"href":"https:\/\/precikam.com\/fr\/wp-json\/wp\/v2\/pages\/420\/revisions"}],"predecessor-version":[{"id":4958,"href":"https:\/\/precikam.com\/fr\/wp-json\/wp\/v2\/pages\/420\/revisions\/4958"}],"up":[{"embeddable":true,"href":"https:\/\/precikam.com\/fr\/wp-json\/wp\/v2\/pages\/419"}],"wp:attachment":[{"href":"https:\/\/precikam.com\/fr\/wp-json\/wp\/v2\/media?parent=420"}],"curies":[{"name":"wp","href":"https:\/\/api.w.org\/{rel}","templated":true}]}}