{"id":88,"date":"2023-04-24T09:35:59","date_gmt":"2023-04-24T09:35:59","guid":{"rendered":"https:\/\/precikam.wpengine.com\/?page_id=88"},"modified":"2026-01-22T14:43:08","modified_gmt":"2026-01-22T14:43:08","slug":"politique-de-confidentialite","status":"publish","type":"page","link":"https:\/\/precikam.com\/fr\/politique-de-confidentialite\/","title":{"rendered":"Politique de confidentialit\u00e9"},"content":{"rendered":"<p><div class=\"fusion-fullwidth fullwidth-box fusion-builder-row-1 fusion-flex-container nonhundred-percent-fullwidth non-hundred-percent-height-scrolling\" style=\"--awb-border-radius-top-left:0px;--awb-border-radius-top-right:0px;--awb-border-radius-bottom-right:0px;--awb-border-radius-bottom-left:0px;--awb-flex-wrap:wrap;\" ><div class=\"fusion-builder-row fusion-row fusion-flex-align-items-flex-start fusion-flex-content-wrap\" style=\"max-width:1248px;margin-left: calc(-4% \/ 2 );margin-right: calc(-4% \/ 2 );\"><div class=\"fusion-layout-column fusion_builder_column fusion-builder-column-0 fusion_builder_column_1_1 1_1 fusion-flex-column\" style=\"--awb-bg-size:cover;--awb-width-large:100%;--awb-margin-top-large:0px;--awb-spacing-right-large:1.92%;--awb-margin-bottom-large:20px;--awb-spacing-left-large:1.92%;--awb-width-medium:100%;--awb-order-medium:0;--awb-spacing-right-medium:1.92%;--awb-spacing-left-medium:1.92%;--awb-width-small:100%;--awb-order-small:0;--awb-spacing-right-small:1.92%;--awb-spacing-left-small:1.92%;\"><div class=\"fusion-column-wrapper fusion-column-has-shadow fusion-flex-justify-content-flex-start fusion-content-layout-column\"><div class=\"fusion-title title fusion-title-1 fusion-sep-none fusion-title-text fusion-title-size-one\"><h1 class=\"fusion-title-heading title-heading-left\" style=\"margin:0;\">Politique de confidentialit\u00e9<\/h1><\/div><div class=\"fusion-text fusion-text-1\"><p>Precikam a cr\u00e9\u00e9 cette politique de confidentialit\u00e9 afin de d\u00e9montrer notre engagement envers votre droit \u00e0 la confidentialit\u00e9. La politique suivante d\u00e9crit nos pratiques concernant la collecte de vos renseignements personnels ainsi que leur utilisation dans le cadre de ce site web.<\/p>\n<\/div><\/div><\/div><\/div><\/div><div class=\"fusion-fullwidth fullwidth-box fusion-builder-row-2 fusion-flex-container nonhundred-percent-fullwidth non-hundred-percent-height-scrolling\" style=\"--awb-border-radius-top-left:0px;--awb-border-radius-top-right:0px;--awb-border-radius-bottom-right:0px;--awb-border-radius-bottom-left:0px;--awb-flex-wrap:wrap;\" ><div class=\"fusion-builder-row fusion-row fusion-flex-align-items-flex-start fusion-flex-content-wrap\" style=\"max-width:1248px;margin-left: calc(-4% \/ 2 );margin-right: calc(-4% \/ 2 );\"><div class=\"fusion-layout-column fusion_builder_column fusion-builder-column-1 fusion_builder_column_1_1 1_1 fusion-flex-column\" style=\"--awb-bg-size:cover;--awb-width-large:100%;--awb-margin-top-large:0px;--awb-spacing-right-large:1.92%;--awb-margin-bottom-large:20px;--awb-spacing-left-large:1.92%;--awb-width-medium:100%;--awb-order-medium:0;--awb-spacing-right-medium:1.92%;--awb-spacing-left-medium:1.92%;--awb-width-small:100%;--awb-order-small:0;--awb-spacing-right-small:1.92%;--awb-spacing-left-small:1.92%;\"><div class=\"fusion-column-wrapper fusion-column-has-shadow fusion-flex-justify-content-flex-start fusion-content-layout-column\"><div class=\"fusion-title title fusion-title-2 fusion-sep-none fusion-title-text fusion-title-size-three\"><h3 class=\"fusion-title-heading title-heading-left\" style=\"margin:0;\">Quelles informations recueillent Precikam<\/h3><\/div><div class=\"fusion-text fusion-text-2\"><p>Certaines informations telles que (mais sans s\u2019y limiter) votre nom, votre adresse, vos num\u00e9ros de contact, votre adresse courriel, vos pr\u00e9f\u00e9rences, vos int\u00e9r\u00eats et de l&rsquo;information relative aux clients peuvent \u00eatre collect\u00e9es par Precikam \u00e0 des fins diverses.<\/p>\n<p>Le choix de la quantit\u00e9 d\u2019information fournie est cependant toujours sous votre contr\u00f4le, il faut toujours garder \u00e0 l\u2019esprit que certaines informations peuvent \u00eatre n\u00e9cessaires\/requises afin que nous puissions fournir de l\u2019aide ou un service.<\/p>\n<p>Nous n\u2019allons pas vendre, \u00e9changer ou distribuer les noms, les adresses courriel, ou les coordonn\u00e9es de nos abonn\u00e9s, sauf si requis par la loi.<\/p>\n<p>Nous pouvons utiliser vos renseignements personnels pour vous envoyer des informations promotionnelles sur des tiers que nous pensons que vous trouverez int\u00e9ressantes.<\/p>\n<\/div><\/div><\/div><\/div><\/div><div class=\"fusion-fullwidth fullwidth-box fusion-builder-row-3 fusion-flex-container has-pattern-background has-mask-background nonhundred-percent-fullwidth non-hundred-percent-height-scrolling\" style=\"--awb-border-radius-top-left:0px;--awb-border-radius-top-right:0px;--awb-border-radius-bottom-right:0px;--awb-border-radius-bottom-left:0px;--awb-flex-wrap:wrap;\" ><div class=\"fusion-builder-row fusion-row fusion-flex-align-items-flex-start fusion-flex-content-wrap\" style=\"max-width:1248px;margin-left: calc(-4% \/ 2 );margin-right: calc(-4% \/ 2 );\"><div class=\"fusion-layout-column fusion_builder_column fusion-builder-column-2 fusion_builder_column_1_1 1_1 fusion-flex-column\" style=\"--awb-bg-size:cover;--awb-width-large:100%;--awb-margin-top-large:0px;--awb-spacing-right-large:1.92%;--awb-margin-bottom-large:20px;--awb-spacing-left-large:1.92%;--awb-width-medium:100%;--awb-order-medium:0;--awb-spacing-right-medium:1.92%;--awb-spacing-left-medium:1.92%;--awb-width-small:100%;--awb-order-small:0;--awb-spacing-right-small:1.92%;--awb-spacing-left-small:1.92%;\"><div class=\"fusion-column-wrapper fusion-column-has-shadow fusion-flex-justify-content-flex-start fusion-content-layout-column\"><div class=\"fusion-title title fusion-title-3 fusion-sep-none fusion-title-text fusion-title-size-three\"><h3 class=\"fusion-title-heading title-heading-left\" style=\"margin:0;\">Ce que nous pouvons faire avec les informations que nous recueillons<\/h3><\/div><div class=\"fusion-text fusion-text-3\"><p>Precikam utilise les renseignements personnels recueillis aux fins suivantes :<\/p>\n<\/div><ul style=\"--awb-size:18px;--awb-margin-right:0px;--awb-margin-bottom:10px;--awb-margin-left:0px;--awb-iconcolor:#ffffff;--awb-line-height:30.6px;--awb-icon-width:30.6px;--awb-icon-height:30.6px;--awb-icon-margin:12.6px;--awb-content-margin:43.2px;--awb-circlecolor:#00a8db;--awb-circle-yes-font-size:15.84px;\" class=\"fusion-checklist fusion-checklist-1 fusion-checklist-default type-numbered\"><li class=\"fusion-li-item\" style=\"\"><span class=\"icon-wrapper circle-yes\">1<\/span><div class=\"fusion-li-item-content\">Tenue de dossiers internes<\/div><\/li><li class=\"fusion-li-item\" style=\"\"><span class=\"icon-wrapper circle-yes\">2<\/span><div class=\"fusion-li-item-content\">Am\u00e9lioration des produits et services<\/div><\/li><li class=\"fusion-li-item\" style=\"\"><span class=\"icon-wrapper circle-yes\">3<\/span><div class=\"fusion-li-item-content\">Communication promotionnelle et toute information, y compris les informations de tiers, dont nous puissions penser que vous trouverez int\u00e9ressantes<\/div><\/li><li class=\"fusion-li-item\" style=\"\"><span class=\"icon-wrapper circle-yes\">4<\/span><div class=\"fusion-li-item-content\">Am\u00e9lioration et personnalisation du site Web.<\/div><\/li><\/ul><div class=\"fusion-text fusion-text-4\"><p>Vous pouvez en tout temps refuser de nous fournir vos renseignements personnels, cependant, il se peut que vous ne puissiez b\u00e9n\u00e9ficier de tous les services que Precikam a \u00e0 vous offrir.<\/p>\n<\/div><\/div><\/div><\/div><\/div><div class=\"fusion-fullwidth fullwidth-box fusion-builder-row-4 fusion-flex-container has-pattern-background has-mask-background nonhundred-percent-fullwidth non-hundred-percent-height-scrolling\" style=\"--awb-border-radius-top-left:0px;--awb-border-radius-top-right:0px;--awb-border-radius-bottom-right:0px;--awb-border-radius-bottom-left:0px;--awb-flex-wrap:wrap;\" ><div class=\"fusion-builder-row fusion-row fusion-flex-align-items-flex-start fusion-flex-content-wrap\" style=\"max-width:1248px;margin-left: calc(-4% \/ 2 );margin-right: calc(-4% \/ 2 );\"><div class=\"fusion-layout-column fusion_builder_column fusion-builder-column-3 fusion_builder_column_1_1 1_1 fusion-flex-column\" style=\"--awb-bg-size:cover;--awb-width-large:100%;--awb-margin-top-large:0px;--awb-spacing-right-large:1.92%;--awb-margin-bottom-large:20px;--awb-spacing-left-large:1.92%;--awb-width-medium:100%;--awb-order-medium:0;--awb-spacing-right-medium:1.92%;--awb-spacing-left-medium:1.92%;--awb-width-small:100%;--awb-order-small:0;--awb-spacing-right-small:1.92%;--awb-spacing-left-small:1.92%;\"><div class=\"fusion-column-wrapper fusion-column-has-shadow fusion-flex-justify-content-flex-start fusion-content-layout-column\"><div class=\"fusion-title title fusion-title-4 fusion-sep-none fusion-title-text fusion-title-size-three\"><h3 class=\"fusion-title-heading title-heading-left\" style=\"margin:0;\">Renseignements personnels<\/h3><\/div><div class=\"fusion-text fusion-text-5\"><p>Lorsque vous adh\u00e9rez \u00e0 un service qui n\u00e9cessite une inscription, nous vous demandons de fournir des renseignements personnels. Ces informations ne seront pas utilis\u00e9es de mani\u00e8re diff\u00e9rente que celles pour lesquelles elles ont \u00e9t\u00e9 recueillies. Le cas \u00e9ch\u00e9ant, Precikam devra obtenir votre consentement pr\u00e9alable.<\/p>\n<p>Nous recueillons, utilisons et sommes responsables de certaines informations personnelles vous concernant.\u00a0 Ce faisant, nous sommes r\u00e9gis par la <a href=\"https:\/\/www.legisquebec.gouv.qc.ca\/fr\/document\/lc\/P-39.1\" target=\"_blank\" rel=\"noopener\">loi 25<\/a> (qui s&rsquo;applique au Qu\u00e9bec en vertu de la Commission d&rsquo;acc\u00e8s \u00e0 l&rsquo;information du Qu\u00e9bec (CAI), du <a href=\"https:\/\/gdpr.eu\/tag\/gdpr\/\" target=\"_blank\" rel=\"noopener\">General Data Protection Regulation <\/a>(qui s&rsquo;applique dans toute l&rsquo;Union europ\u00e9enne) ainsi que d&rsquo;autres lois sur la protection des donn\u00e9es et sommes responsables, en tant que contr\u00f4leur, de ces informations personnelles aux fins de ces lois.<\/p>\n<p>Nous avons nomm\u00e9 un responsable des donn\u00e9es personnelles qui est charg\u00e9 de r\u00e9pondre \u00e0 toutes les questions se rapportant \u00e0 ces principes de protection des donn\u00e9es personnelles. Si vous avez des questions au sujet de ces principes de protection des donn\u00e9es, y compris des requ\u00eates quant \u00e0 l\u2019exercice de vos droits l\u00e9gaux, n\u2019h\u00e9sitez pas \u00e0 contacter le Responsable de la protection des donn\u00e9es personnelles, en utilisant les coordonn\u00e9es ci-dessous.<\/p>\n<\/div><\/div><\/div><\/div><\/div><div class=\"fusion-fullwidth fullwidth-box fusion-builder-row-5 fusion-flex-container has-pattern-background has-mask-background nonhundred-percent-fullwidth non-hundred-percent-height-scrolling\" style=\"--awb-border-radius-top-left:0px;--awb-border-radius-top-right:0px;--awb-border-radius-bottom-right:0px;--awb-border-radius-bottom-left:0px;--awb-flex-wrap:wrap;\" ><div class=\"fusion-builder-row fusion-row fusion-flex-align-items-flex-start fusion-flex-content-wrap\" style=\"max-width:1248px;margin-left: calc(-4% \/ 2 );margin-right: calc(-4% \/ 2 );\"><div class=\"fusion-layout-column fusion_builder_column fusion-builder-column-4 fusion_builder_column_1_1 1_1 fusion-flex-column\" style=\"--awb-bg-size:cover;--awb-width-large:100%;--awb-margin-top-large:0px;--awb-spacing-right-large:1.92%;--awb-margin-bottom-large:20px;--awb-spacing-left-large:1.92%;--awb-width-medium:100%;--awb-order-medium:0;--awb-spacing-right-medium:1.92%;--awb-spacing-left-medium:1.92%;--awb-width-small:100%;--awb-order-small:0;--awb-spacing-right-small:1.92%;--awb-spacing-left-small:1.92%;\"><div class=\"fusion-column-wrapper fusion-column-has-shadow fusion-flex-justify-content-flex-start fusion-content-layout-column\"><div class=\"fusion-title title fusion-title-5 fusion-sep-none fusion-title-text fusion-title-size-three\"><h3 class=\"fusion-title-heading title-heading-left\" style=\"margin:0;\">Coordonn\u00e9es pour prendre contact<\/h3><\/div><div class=\"fusion-text fusion-text-6\"><p>Conform\u00e9ment \u00e0 l\u2019exigence voulant que la personne exer\u00e7ant la plus haute autorit\u00e9 veille \u00e0 la mise en \u0153uvre et au respect de la pr\u00e9sente loi, le pr\u00e9sident agit \u00e0 titre de responsable de la protection des renseignements personnels chez PreciKam.<\/p>\n<p><b>Nom de la compagnie :<\/b> Precimold Inc.<\/p>\n<p><b>Nom :<\/b> John A. McDonald<\/p>\n<p><b>Adresse courriel :<\/b> <a href=\"mailto:dataprivacy@precikam.com\">dataprivacy@precikam.com<\/a><\/p>\n<p><b>Adresse postale :<\/b> 22000 Trancanada, Baie D\u2019Urf\u00e9, QC, H9X 4B4<\/p>\n<\/div><\/div><\/div><\/div><\/div><div class=\"fusion-fullwidth fullwidth-box fusion-builder-row-6 fusion-flex-container has-pattern-background has-mask-background nonhundred-percent-fullwidth non-hundred-percent-height-scrolling\" style=\"--awb-border-radius-top-left:0px;--awb-border-radius-top-right:0px;--awb-border-radius-bottom-right:0px;--awb-border-radius-bottom-left:0px;--awb-flex-wrap:wrap;\" ><div class=\"fusion-builder-row fusion-row fusion-flex-align-items-flex-start fusion-flex-content-wrap\" style=\"max-width:1248px;margin-left: calc(-4% \/ 2 );margin-right: calc(-4% \/ 2 );\"><div class=\"fusion-layout-column fusion_builder_column fusion-builder-column-5 fusion_builder_column_1_1 1_1 fusion-flex-column\" style=\"--awb-bg-size:cover;--awb-width-large:100%;--awb-margin-top-large:0px;--awb-spacing-right-large:1.92%;--awb-margin-bottom-large:20px;--awb-spacing-left-large:1.92%;--awb-width-medium:100%;--awb-order-medium:0;--awb-spacing-right-medium:1.92%;--awb-spacing-left-medium:1.92%;--awb-width-small:100%;--awb-order-small:0;--awb-spacing-right-small:1.92%;--awb-spacing-left-small:1.92%;\"><div class=\"fusion-column-wrapper fusion-column-has-shadow fusion-flex-justify-content-flex-start fusion-content-layout-column\"><div class=\"fusion-title title fusion-title-6 fusion-sep-none fusion-title-text fusion-title-size-three\"><h3 class=\"fusion-title-heading title-heading-left\" style=\"margin:0;\">Les t\u00e9moins de connexion (cookies) et comment nous les utilisons<\/h3><\/div><div class=\"fusion-text fusion-text-7\"><p>Un t\u00e9moin de connexion (cookie) est un petit fichier qui demande l\u2019autorisation d\u2019\u00eatre plac\u00e9 sur le disque dur de votre ordinateur. Ce n&rsquo;est qu&rsquo;une fois que vous avez donn\u00e9 votre accord que le fichier est ajout\u00e9 et que le cookie en question aide \u00e0 analyser l&rsquo;achalandage sur le web ou vous permet de savoir quand vous visitez un site particulier.<\/p>\n<p>Les t\u00e9moins de connexion permettent aux applications web de vous r\u00e9pondre en tant qu\u2019individu. L\u2019application web peut, en raison des t\u00e9moins de connexion, adapter ses op\u00e9rations \u00e0 vos besoins, vos go\u00fbts et vos aversions en recueillant et en se souvenant d\u2019informations sur vos pr\u00e9f\u00e9rences. Voici plus de d\u00e9tails sur les types de t\u00e9moins :<\/p>\n<p><b>N\u00e9cessaires &#8211;<\/b> Les t\u00e9moins n\u00e9cessaires sont absolument indispensables au bon fonctionnement du site web. Cette cat\u00e9gorie ne comprend que les cookies qui garantissent les fonctionnalit\u00e9s de base et les caract\u00e9ristiques de s\u00e9curit\u00e9 du site web.\u00a0 Ces cookies ne stockent aucune information personnelle.<\/p>\n<p><b>Fonctionnels &#8211; <\/b>Les t\u00e9moins fonctionnels permettent d&rsquo;ex\u00e9cuter certaines fonctionnalit\u00e9s telles que le partage du contenu du site web sur des plateformes de m\u00e9dias sociaux, la collecte de commentaires et d&rsquo;autres fonctions de tiers.<\/p>\n<p><b>Performance &#8211;<\/b> Les t\u00e9moins de performance sont utilis\u00e9s pour comprendre et analyser les principaux indices de performance du site web, ce qui permet d&rsquo;offrir une meilleure exp\u00e9rience utilisateur aux visiteurs.<\/p>\n<p><b>Publicit\u00e9 &#8211;<\/b> Les t\u00e9moins publicitaires sont utilis\u00e9s pour offrir aux visiteurs des publicit\u00e9s et des campagnes de marketing pertinentes.\u00a0 Ces cookies suivent les visiteurs sur les sites web et collectent des informations pour proposer des publicit\u00e9s personnalis\u00e9es.<\/p>\n<p><b>Autres &#8211;<\/b> Les autres cookies non class\u00e9s sont ceux qui sont en cours d&rsquo;analyse et qui n&rsquo;ont pas encore \u00e9t\u00e9 class\u00e9s dans une cat\u00e9gorie.<\/p>\n<p>Les t\u00e9moins de connexion peuvent \u00eatre accept\u00e9s, personnalis\u00e9s ou refus\u00e9s dans la barre de consentement des cookies. La plupart des navigateurs web acceptent automatiquement les t\u00e9moins de connexion, mais vous pouvez g\u00e9n\u00e9ralement modifier les param\u00e8tres de votre navigateur pour refuser les t\u00e9moins de connexion si vous le souhaitez.<\/p>\n<p>Veuillez toutefois noter que le refus d\u2019acc\u00e8s aux t\u00e9moins de connexion peut vous emp\u00eacher de profiter pleinement du site web.<\/p>\n<\/div><\/div><\/div><\/div><\/div><div class=\"fusion-fullwidth fullwidth-box fusion-builder-row-7 fusion-flex-container has-pattern-background has-mask-background nonhundred-percent-fullwidth non-hundred-percent-height-scrolling\" style=\"--awb-border-radius-top-left:0px;--awb-border-radius-top-right:0px;--awb-border-radius-bottom-right:0px;--awb-border-radius-bottom-left:0px;--awb-flex-wrap:wrap;\" ><div class=\"fusion-builder-row fusion-row fusion-flex-align-items-flex-start fusion-flex-content-wrap\" style=\"max-width:1248px;margin-left: calc(-4% \/ 2 );margin-right: calc(-4% \/ 2 );\"><div class=\"fusion-layout-column fusion_builder_column fusion-builder-column-6 fusion_builder_column_1_1 1_1 fusion-flex-column\" style=\"--awb-bg-size:cover;--awb-width-large:100%;--awb-margin-top-large:0px;--awb-spacing-right-large:1.92%;--awb-margin-bottom-large:20px;--awb-spacing-left-large:1.92%;--awb-width-medium:100%;--awb-order-medium:0;--awb-spacing-right-medium:1.92%;--awb-spacing-left-medium:1.92%;--awb-width-small:100%;--awb-order-small:0;--awb-spacing-right-small:1.92%;--awb-spacing-left-small:1.92%;\"><div class=\"fusion-column-wrapper fusion-column-has-shadow fusion-flex-justify-content-flex-start fusion-content-layout-column\"><div class=\"fusion-title title fusion-title-7 fusion-sep-none fusion-title-text fusion-title-size-three\"><h3 class=\"fusion-title-heading title-heading-left\" style=\"margin:0;\">Changements \u00e0 la politique de confidentialit\u00e9<\/h3><\/div><div class=\"fusion-text fusion-text-8\"><p>Nous nous r\u00e9servons le droit de modifier cette politique de confidentialit\u00e9, par contre nous ne r\u00e9duirons pas vos droits en vertu de la pr\u00e9sente politique sans votre consentement pr\u00e9alable.<\/p>\n<\/div><\/div><\/div><\/div><\/div><div class=\"fusion-fullwidth fullwidth-box fusion-builder-row-8 fusion-flex-container has-pattern-background has-mask-background nonhundred-percent-fullwidth non-hundred-percent-height-scrolling\" style=\"--awb-border-radius-top-left:0px;--awb-border-radius-top-right:0px;--awb-border-radius-bottom-right:0px;--awb-border-radius-bottom-left:0px;--awb-margin-bottom:40px;--awb-flex-wrap:wrap;\" ><div class=\"fusion-builder-row fusion-row fusion-flex-align-items-flex-start fusion-flex-content-wrap\" style=\"max-width:1248px;margin-left: calc(-4% \/ 2 );margin-right: calc(-4% \/ 2 );\"><div class=\"fusion-layout-column fusion_builder_column fusion-builder-column-7 fusion_builder_column_1_1 1_1 fusion-flex-column\" style=\"--awb-bg-size:cover;--awb-width-large:100%;--awb-margin-top-large:0px;--awb-spacing-right-large:1.92%;--awb-margin-bottom-large:20px;--awb-spacing-left-large:1.92%;--awb-width-medium:100%;--awb-order-medium:0;--awb-spacing-right-medium:1.92%;--awb-spacing-left-medium:1.92%;--awb-width-small:100%;--awb-order-small:0;--awb-spacing-right-small:1.92%;--awb-spacing-left-small:1.92%;\"><div class=\"fusion-column-wrapper fusion-column-has-shadow fusion-flex-justify-content-flex-start fusion-content-layout-column\"><div class=\"fusion-title title fusion-title-8 fusion-sep-none fusion-title-text fusion-title-size-three\"><h3 class=\"fusion-title-heading title-heading-left\" style=\"margin:0;\">Pour nous joindre<\/h3><\/div><div class=\"fusion-text fusion-text-9\"><p>Si vous avez des questions concernant cette politique de confidentialit\u00e9, les pratiques de ce site ou vos interactions avec ce site, vous pouvez nous contacter par courriel \u00e0 l\u2019adresse suivante : <a href=\"mailto:dataprivacy@precikam.com\">dataprivacy@precikam.com<\/a>.<\/p>\n<\/div><\/div><\/div><\/div><\/div><\/p>\n","protected":false},"excerpt":{"rendered":"","protected":false},"author":1,"featured_media":0,"parent":0,"menu_order":-1,"comment_status":"closed","ping_status":"closed","template":"","meta":{"footnotes":""},"class_list":["post-88","page","type-page","status-publish","hentry"],"_links":{"self":[{"href":"https:\/\/precikam.com\/fr\/wp-json\/wp\/v2\/pages\/88","targetHints":{"allow":["GET"]}}],"collection":[{"href":"https:\/\/precikam.com\/fr\/wp-json\/wp\/v2\/pages"}],"about":[{"href":"https:\/\/precikam.com\/fr\/wp-json\/wp\/v2\/types\/page"}],"author":[{"embeddable":true,"href":"https:\/\/precikam.com\/fr\/wp-json\/wp\/v2\/users\/1"}],"replies":[{"embeddable":true,"href":"https:\/\/precikam.com\/fr\/wp-json\/wp\/v2\/comments?post=88"}],"version-history":[{"count":13,"href":"https:\/\/precikam.com\/fr\/wp-json\/wp\/v2\/pages\/88\/revisions"}],"predecessor-version":[{"id":5778,"href":"https:\/\/precikam.com\/fr\/wp-json\/wp\/v2\/pages\/88\/revisions\/5778"}],"wp:attachment":[{"href":"https:\/\/precikam.com\/fr\/wp-json\/wp\/v2\/media?parent=88"}],"curies":[{"name":"wp","href":"https:\/\/api.w.org\/{rel}","templated":true}]}}